{"id":740,"date":"2018-02-26T14:17:04","date_gmt":"2018-02-26T14:17:04","guid":{"rendered":"http:\/\/bonvoyage.elated-themes.com\/?page_id=740"},"modified":"2021-10-15T16:02:35","modified_gmt":"2021-10-15T16:02:35","slug":"sobre-equus-argentina","status":"publish","type":"page","link":"https:\/\/www.equusargentina.com\/es\/sobre-equus-argentina\/","title":{"rendered":"Sobre Equus Argentina"},"content":{"rendered":"<div class=\"wpb-content-wrapper\"><p>[vc_section][vc_row simple_background_color=&#8221;#fbfbfc&#8221; el_class=&#8221;guia&#8221;][vc_column width=&#8221;9\/12&#8243; css=&#8221;.vc_custom_1627852885123{padding-top: 60px !important;padding-right: 80px !important;padding-left: 30px !important;}&#8221; el_class=&#8221;contn&#8221;]<div class=\"eltd-section-title-holder title_h1  text-align-center\" style=\"text-align: center\">\n\t<div class=\"eltd-st-inner\">\n\t\t\t\t\t<h1 class=\"eltd-st-title\" >\n\t\t\t\tSobre Equus Argentina\t\t\t<\/h1>\n\t\t\t\t<div class=\"eltd-separator-holder clearfix  eltd-separator-center \">\t<div class=\"eltd-separator\" ><\/div><\/div>\t\t\t<\/div>\n<\/div>[vc_column_text]<\/p>\n<p style=\"font-size: 20px;\"><em>Nuestra misi\u00f3n, visi\u00f3n y valores<\/em><\/p>\n<p style=\"text-align: justify;\">EQUUS ARGENTINA se cre\u00f3 con la <strong>misi\u00f3n<\/strong> de conectar aquellos amantes de los caballos y de las distintas disciplinas ecuestres con los mejores lugares de la Argentina para realizar estas actividades.<\/p>\n<p style=\"text-align: justify;\">Nuestro lema: \u201cS\u00e9 un viajero, no un turista. Cabalgatas \u00fanicas e incre\u00edbles, donde jinete y caballo se transforman en uno\u201d. Ofrecemos acercar a nuestros clientes a una experiencia real a caballo, en donde quienes no sepan montar tengan la oportunidad de aprender y tener una conexi\u00f3n con los caballos; y quienes sepan y compartan nuestra pasi\u00f3n puedan conocer los mejores lugares donde cabalgar y practicar el deporte.<\/p>\n<p style=\"text-align: justify;\">EQUUS ARGENTINA est\u00e1 asociada a una red de criadores y profesionales que aseguran que nuestro producto sea excelente y exclusivo.<\/p>\n<p style=\"text-align: justify;\">Nuestros viajes son hechos a la medida de cada uno de nuestros clientes, son personalizados porque creemos que las personas tienen cualidades y gustos \u00fanicos. Al ofrecer servicios al aire libre EQUUS ARGENTINA est\u00e1 comprometida a cuidar el medio ambiente y apuntamos a un turismo sustentable.<\/p>\n<p style=\"text-align: justify;\">Nuestra <strong>visi\u00f3n<\/strong> es ofrecer un servicio del m\u00e1s alto nivel en cuanto a los est\u00e1ndares del polo, el mundo h\u00edpico y el alojamiento rural. Nuestros clientes no s\u00f3lo van a poder apreciar la magia del paisaje argentino sino que adem\u00e1s tendr\u00e1n unas vacaciones hechas a medida donde podr\u00e1n combinar disfrutar y mejorar sus habilidades h\u00edpicas.<\/p>\n<p style=\"text-align: justify;\">Nuestra empresa est\u00e1 construida sobre los <strong>valores<\/strong> de la confianza y el amor hacia la naturaleza y los animales, por ello solo trabajamos con asociados de confianza a fin de brindar un servicio a medida y exclusivo.<\/p>\n<p>[\/vc_column_text][vc_empty_space height=&#8221;100px&#8221;][\/vc_column][vc_column width=&#8221;3\/12&#8243; css=&#8221;.vc_custom_1627855744014{padding-left: 50px !important;}&#8221; el_class=&#8221;navigation_menu&#8221;][vc_wp_custommenu nav_menu=&#8221;74&#8243; title=&#8221;Equus Argentina&#8221;][vc_separator css=&#8221;.vc_custom_1627856272759{padding-bottom: 15px !important;}&#8221;][vc_wp_custommenu nav_menu=&#8221;75&#8243; title=&#8221;C\u00f3mo reservar&#8221;][\/vc_column][\/vc_row][\/vc_section]<\/p>\n<\/div>","protected":false},"excerpt":{"rendered":"<p>[vc_section][vc_row simple_background_color=&#8221;#fbfbfc&#8221; el_class=&#8221;guia&#8221;][vc_column width=&#8221;9\/12&#8243; css=&#8221;.vc_custom_1627852885123{padding-top: 60px !important;padding-right: 80px !important;padding-left: 30px !important;}&#8221; el_class=&#8221;contn&#8221;][vc_column_text] Nuestra misi\u00f3n, visi\u00f3n y valores EQUUS ARGENTINA se cre\u00f3 con la misi\u00f3n de conectar aquellos amantes de los caballos y de las distintas disciplinas ecuestres con los mejores lugares de la Argentina para realizar estas actividades. Nuestro lema: \u201cS\u00e9 un viajero, no un turista. Cabalgatas \u00fanicas e incre\u00edbles, [&hellip;]<\/p>\n","protected":false},"author":2,"featured_media":0,"parent":0,"menu_order":0,"comment_status":"closed","ping_status":"closed","template":"","meta":{"footnotes":""},"class_list":["post-740","page","type-page","status-publish","hentry"],"yoast_head":"<!-- This site is optimized with the Yoast SEO plugin v27.4 - https:\/\/yoast.com\/product\/yoast-seo-wordpress\/ -->\n<title>Sobre Equus Argentina - Equus Argentina<\/title>\n<meta name=\"robots\" content=\"index, follow, max-snippet:-1, max-image-preview:large, max-video-preview:-1\" \/>\n<link rel=\"canonical\" href=\"https:\/\/www.equusargentina.com\/es\/sobre-equus-argentina\/\" \/>\n<meta property=\"og:locale\" content=\"es_ES\" \/>\n<meta property=\"og:type\" content=\"article\" \/>\n<meta property=\"og:title\" content=\"Sobre Equus Argentina - Equus Argentina\" \/>\n<meta property=\"og:description\" content=\"[vc_section][vc_row simple_background_color=&#8221;#fbfbfc&#8221; el_class=&#8221;guia&#8221;][vc_column width=&#8221;9\/12&#8243; css=&#8221;.vc_custom_1627852885123{padding-top: 60px !important;padding-right: 80px !important;padding-left: 30px !important;}&#8221; el_class=&#8221;contn&#8221;][vc_column_text] Nuestra misi\u00f3n, visi\u00f3n y valores EQUUS ARGENTINA se cre\u00f3 con la misi\u00f3n de conectar aquellos amantes de los caballos y de las distintas disciplinas ecuestres con los mejores lugares de la Argentina para realizar estas actividades. Nuestro lema: \u201cS\u00e9 un viajero, no un turista. Cabalgatas \u00fanicas e incre\u00edbles, [&hellip;]\" \/>\n<meta property=\"og:url\" content=\"https:\/\/www.equusargentina.com\/es\/sobre-equus-argentina\/\" \/>\n<meta property=\"og:site_name\" content=\"Equus Argentina\" \/>\n<meta property=\"article:modified_time\" content=\"2021-10-15T16:02:35+00:00\" \/>\n<meta name=\"twitter:card\" content=\"summary_large_image\" \/>\n<meta name=\"twitter:label1\" content=\"Tiempo de lectura\" \/>\n\t<meta name=\"twitter:data1\" content=\"2 minutos\" \/>\n<script type=\"application\/ld+json\" class=\"yoast-schema-graph\">{\"@context\":\"https:\\\/\\\/schema.org\",\"@graph\":[{\"@type\":\"WebPage\",\"@id\":\"https:\\\/\\\/www.equusargentina.com\\\/es\\\/sobre-equus-argentina\\\/\",\"url\":\"https:\\\/\\\/www.equusargentina.com\\\/es\\\/sobre-equus-argentina\\\/\",\"name\":\"Sobre Equus Argentina - Equus Argentina\",\"isPartOf\":{\"@id\":\"https:\\\/\\\/www.equusargentina.com\\\/#website\"},\"datePublished\":\"2018-02-26T14:17:04+00:00\",\"dateModified\":\"2021-10-15T16:02:35+00:00\",\"breadcrumb\":{\"@id\":\"https:\\\/\\\/www.equusargentina.com\\\/es\\\/sobre-equus-argentina\\\/#breadcrumb\"},\"inLanguage\":\"es-AR\",\"potentialAction\":[{\"@type\":\"ReadAction\",\"target\":[\"https:\\\/\\\/www.equusargentina.com\\\/es\\\/sobre-equus-argentina\\\/\"]}]},{\"@type\":\"BreadcrumbList\",\"@id\":\"https:\\\/\\\/www.equusargentina.com\\\/es\\\/sobre-equus-argentina\\\/#breadcrumb\",\"itemListElement\":[{\"@type\":\"ListItem\",\"position\":1,\"name\":\"Portada\",\"item\":\"https:\\\/\\\/www.equusargentina.com\\\/es\\\/\"},{\"@type\":\"ListItem\",\"position\":2,\"name\":\"Sobre Equus Argentina\"}]},{\"@type\":\"WebSite\",\"@id\":\"https:\\\/\\\/www.equusargentina.com\\\/#website\",\"url\":\"https:\\\/\\\/www.equusargentina.com\\\/\",\"name\":\"Equus Argentina\",\"description\":\"Unique &amp; Outstanding Horse Riding Experiences: where horse and rider became one\",\"potentialAction\":[{\"@type\":\"SearchAction\",\"target\":{\"@type\":\"EntryPoint\",\"urlTemplate\":\"https:\\\/\\\/www.equusargentina.com\\\/?s={search_term_string}\"},\"query-input\":{\"@type\":\"PropertyValueSpecification\",\"valueRequired\":true,\"valueName\":\"search_term_string\"}}],\"inLanguage\":\"es-AR\"}]}<\/script>\n<!-- \/ Yoast SEO plugin. -->","yoast_head_json":{"title":"Sobre Equus Argentina - Equus Argentina","robots":{"index":"index","follow":"follow","max-snippet":"max-snippet:-1","max-image-preview":"max-image-preview:large","max-video-preview":"max-video-preview:-1"},"canonical":"https:\/\/www.equusargentina.com\/es\/sobre-equus-argentina\/","og_locale":"es_ES","og_type":"article","og_title":"Sobre Equus Argentina - Equus Argentina","og_description":"[vc_section][vc_row simple_background_color=&#8221;#fbfbfc&#8221; el_class=&#8221;guia&#8221;][vc_column width=&#8221;9\/12&#8243; css=&#8221;.vc_custom_1627852885123{padding-top: 60px !important;padding-right: 80px !important;padding-left: 30px !important;}&#8221; el_class=&#8221;contn&#8221;][vc_column_text] Nuestra misi\u00f3n, visi\u00f3n y valores EQUUS ARGENTINA se cre\u00f3 con la misi\u00f3n de conectar aquellos amantes de los caballos y de las distintas disciplinas ecuestres con los mejores lugares de la Argentina para realizar estas actividades. Nuestro lema: \u201cS\u00e9 un viajero, no un turista. Cabalgatas \u00fanicas e incre\u00edbles, [&hellip;]","og_url":"https:\/\/www.equusargentina.com\/es\/sobre-equus-argentina\/","og_site_name":"Equus Argentina","article_modified_time":"2021-10-15T16:02:35+00:00","twitter_card":"summary_large_image","twitter_misc":{"Tiempo de lectura":"2 minutos"},"schema":{"@context":"https:\/\/schema.org","@graph":[{"@type":"WebPage","@id":"https:\/\/www.equusargentina.com\/es\/sobre-equus-argentina\/","url":"https:\/\/www.equusargentina.com\/es\/sobre-equus-argentina\/","name":"Sobre Equus Argentina - Equus Argentina","isPartOf":{"@id":"https:\/\/www.equusargentina.com\/#website"},"datePublished":"2018-02-26T14:17:04+00:00","dateModified":"2021-10-15T16:02:35+00:00","breadcrumb":{"@id":"https:\/\/www.equusargentina.com\/es\/sobre-equus-argentina\/#breadcrumb"},"inLanguage":"es-AR","potentialAction":[{"@type":"ReadAction","target":["https:\/\/www.equusargentina.com\/es\/sobre-equus-argentina\/"]}]},{"@type":"BreadcrumbList","@id":"https:\/\/www.equusargentina.com\/es\/sobre-equus-argentina\/#breadcrumb","itemListElement":[{"@type":"ListItem","position":1,"name":"Portada","item":"https:\/\/www.equusargentina.com\/es\/"},{"@type":"ListItem","position":2,"name":"Sobre Equus Argentina"}]},{"@type":"WebSite","@id":"https:\/\/www.equusargentina.com\/#website","url":"https:\/\/www.equusargentina.com\/","name":"Equus Argentina","description":"Unique &amp; Outstanding Horse Riding Experiences: where horse and rider became one","potentialAction":[{"@type":"SearchAction","target":{"@type":"EntryPoint","urlTemplate":"https:\/\/www.equusargentina.com\/?s={search_term_string}"},"query-input":{"@type":"PropertyValueSpecification","valueRequired":true,"valueName":"search_term_string"}}],"inLanguage":"es-AR"}]}},"_links":{"self":[{"href":"https:\/\/www.equusargentina.com\/es\/wp-json\/wp\/v2\/pages\/740","targetHints":{"allow":["GET"]}}],"collection":[{"href":"https:\/\/www.equusargentina.com\/es\/wp-json\/wp\/v2\/pages"}],"about":[{"href":"https:\/\/www.equusargentina.com\/es\/wp-json\/wp\/v2\/types\/page"}],"author":[{"embeddable":true,"href":"https:\/\/www.equusargentina.com\/es\/wp-json\/wp\/v2\/users\/2"}],"replies":[{"embeddable":true,"href":"https:\/\/www.equusargentina.com\/es\/wp-json\/wp\/v2\/comments?post=740"}],"version-history":[{"count":47,"href":"https:\/\/www.equusargentina.com\/es\/wp-json\/wp\/v2\/pages\/740\/revisions"}],"predecessor-version":[{"id":4224,"href":"https:\/\/www.equusargentina.com\/es\/wp-json\/wp\/v2\/pages\/740\/revisions\/4224"}],"wp:attachment":[{"href":"https:\/\/www.equusargentina.com\/es\/wp-json\/wp\/v2\/media?parent=740"}],"curies":[{"name":"wp","href":"https:\/\/api.w.org\/{rel}","templated":true}]}}