{"id":3832,"date":"2021-09-17T10:42:22","date_gmt":"2021-09-17T10:42:22","guid":{"rendered":"http:\/\/c2240179.ferozo.com\/?page_id=3832"},"modified":"2022-02-24T10:58:42","modified_gmt":"2022-02-24T10:58:42","slug":"paquetes-combinados","status":"publish","type":"page","link":"https:\/\/www.equusargentina.com\/es\/paquetes-combinados\/","title":{"rendered":"Paquetes combinados"},"content":{"rendered":"<div class=\"wpb-content-wrapper\"><p>[vc_row row_content_width=&#8221;grid&#8221; css=&#8221;.vc_custom_1628440611698{padding-bottom: 129px !important;}&#8221;][vc_column width=&#8221;2\/3&#8243; css=&#8221;.vc_custom_1521538610372{padding-top: 56px !important;padding-bottom: 20px !important;}&#8221;][vc_column_text]<\/p>\n<h1 style=\"margin: 0 0 25px 0;\">Paquetes combinados<\/h1>\n<p style=\"text-align: justify;\">\u00a1Esta es nuestra especialidad! Poder combinar en un mismo viaje varias experiencias y lugares vinculados a los caballos es lo mejor que podemos ofrecerle a nuestros clientes. EQUUS ARGENTINA propone armar viajes a medida combinando todas nuestras actividades ecuestres. Creemos que en la suma de todas nuestras experiencias est\u00e1 el secreto para disfrutar Argentina y los caballos.<\/p>\n<p style=\"text-align: justify;\">Imag\u00ednense venir a la Argentina y tener unas vacaciones de polo y luego de disfrutar al<br \/>\n100% el deporte (tener clases, jugar practicas, torneos, ir a Palermo a ver el abierto) terminar el viaje galopando por la costa de Pen\u00ednsula Vald\u00e9s, jugando al polo en la playa, nadando con lobos marinos y conociendo la patagonia.<\/p>\n<p style=\"text-align: justify;\">Tambi\u00e9n pueden combinar una cl\u00ednica de salto y competir en torneos nacionales mientras disfrutan de la ciudad de Buenos Aires y su encanto (un buen show de tango, su gastronom\u00eda, ver un partido de polo) con una peque\u00f1a escapada a alg\u00fan otro rinc\u00f3n de la Argentina a disfrutar de los caballos&#8230;\u00a1Nosotros nos encargamos de cumplirles su deseo!<\/p>\n<p style=\"text-align: justify;\">Ofrecemos paquetes INTEGRALES ocup\u00e1ndonos de la reserva de vuelos, de los transportes, los hoteles, las excursiones y de todo lo que nuestros clientes necesiten. Trabajamos en conjunto con EQUINOXE quienes tienen varios a\u00f1os de experiencia armando viajes a medida. Aqu\u00ed les ofrecemos algunas combinaciones pero ustedes pueden elegir las que les gusten y nosotros nos encargamos de crearlas a medida.<\/p>\n<p>[\/vc_column_text][vc_empty_space]<div class=\"eltd-image-gallery  eltd-ig-grid-type eltd-normal-space  eltd-image-behavior-lightbox\">\n\t<div class=\"eltd-ig-inner eltd-outer-space eltd-ig-grid eltd-ig-three-columns\">\n\t\t\t<\/div>\n<\/div>[vc_empty_space height=&#8221;80px&#8221;]<div class=\"eltd-section-title-holder clinicas_title \" >\n\t<div class=\"eltd-st-inner\">\n\t\t\t\t\t<h2 class=\"eltd-st-title\" >\n\t\t\t\tCl\u00ednicas de Paquetes combinados\t\t\t<\/h2>\n\t\t\t\t<div class=\"eltd-separator-holder clearfix  eltd-separator-center \">\t<div class=\"eltd-separator\" ><\/div><\/div>\t\t\t<\/div>\n<\/div><div class=\"eltd-tours-list-holder eltd-tours-row eltd-normal-space  eltd-tours-columns-3 eltd-tours-type-standard\">\n\t\t\t\n\t\t\n        <div class=\"eltd-tours-list-holder-inner eltd-tours-row-inner-holder eltd-outer-space\">\n\t\t\t<div class=\"eltd-tours-list-grid-sizer\"><\/div>\n\t\t\t\t\t<div class=\"eltd-tours-standard-item eltd-tours-row-item eltd-item-space post-6768 tour-item type-tour-item status-publish has-post-thumbnail hentry tour-category-cabalgatas tour-category-paquetes-combinados tour-attribute-almuerzo tour-attribute-alojamiento tour-attribute-caballos-de-cabalgata tour-attribute-caballos-de-endurance tour-attribute-cena tour-attribute-desayuno tour-attribute-economico tour-attribute-guias-privados tour-attribute-intermedio tour-attribute-pension-completa tour-attribute-principiante tour-attribute-traslados\">\n\t\t\t<div class=\"eltd-tours-standard-item-image-holder\">\n\t\t\t<a href=\"https:\/\/www.equusargentina.com\/es\/tour-item\/cabalgata-en-la-selva-misiones-argentina\/\">\n\t\t\t\t<img loading=\"lazy\" decoding=\"async\" width=\"316\" height=\"210\" src=\"https:\/\/www.equusargentina.com\/wp-content\/uploads\/2025\/02\/WhatsApp-Image-2025-01-23-at-12.58.28-Copy-3.jpeg\" class=\"attachment-full size-full\" alt=\"\" srcset=\"https:\/\/www.equusargentina.com\/wp-content\/uploads\/2025\/02\/WhatsApp-Image-2025-01-23-at-12.58.28-Copy-3.jpeg 316w, https:\/\/www.equusargentina.com\/wp-content\/uploads\/2025\/02\/WhatsApp-Image-2025-01-23-at-12.58.28-Copy-3-300x199.jpeg 300w\" sizes=\"auto, (max-width: 316px) 100vw, 316px\" \/>\t\t\t<\/a>\n\t\t\t\t\t\t\t<span class=\"eltd-tours-standard-item-label-holder\">\n\t\t\t\t\t\n\t\t<span class=\"eltd-tour-item-label\">\n\t\t\t<span class=\"eltd-tour-item-label-inner\">\n\t\t\t\tCerca de Cataratas de Iguazu\t\t\t<\/span>\n\t\t<\/span>\n\n\t\t\t\t\t\t<\/span>\n\t\t\t\t\t<\/div>\n\t\n\t<div class=\"eltd-tours-standard-item-content-holder\">\n\t\t<div class=\"eltd-tours-standard-item-content-inner\">\n\t\t\t<div class=\"eltd-tours-standard-item-title-price-holder\">\n\t\t\t\t<h4 class=\"eltd-tour-title\">\n\t\t\t\t\t<a href=\"https:\/\/www.equusargentina.com\/es\/tour-item\/cabalgata-en-la-selva-misiones-argentina\/\">Cabalgata en la Selva Misionera<\/a>\n\t\t\t\t\t<span class=\"eltd-tours-standard-item-price-holder\">\n\t\t\t\t\t\t\n\t\t<span class=\"eltd-tours-price-holder\">\n\t\t\t\t\t\t\t\t<\/span>\n\n\t\t\t\t\t\t\t<\/span>\n\t\t\t\t<\/h4>\n\t\t\t<\/div>\n\t\t\t\t\t\t\t<div class=\"eltd-tours-standard-item-excerpt\">\n\t\t\t\t\tCabalgata a s\u00f3lo dos horas de Cataratas de Iguaz\u00fa en Misiones.\t\t\t\t<\/div>\n\t\t\t\t\t<\/div>\n\t\t<div class=\"eltd-tours-standard-item-bottom-content\">\n\t\t\t\t\t\t\t<div class=\"eltd-tours-standard-item-bottom-item\">\n\t\t\t\t\t\n\t\t\n\t\t\t<div class=\"eltd-tour-duration-holder\">\n\t\t\t    <span class=\"eltd-tour-duration-icon eltd-tour-info-icon\">\n\t\t\t\t\t<span class=\"lnr lnr-history\"><\/span>\n\t\t\t    <\/span>\n\t\t\t\t<span class=\"eltd-tour-info-label\">\n\t\t\t\t\t3 Noches \/ 4 D\u00edas\t\t\t\t<\/span>\n\t\t\t<\/div>\n\n\t\t\n\t\t\t\t\t\t<\/div>\n\t\t\t\n\t\t\t\n\t\t\t\t\t<\/div>\n\t<\/div>\n<\/div>\t\t<div class=\"eltd-tours-standard-item eltd-tours-row-item eltd-item-space post-4729 tour-item type-tour-item status-publish has-post-thumbnail hentry tour-category-cabalgatas tour-category-paquetes-combinados tour-attribute-almuerzo tour-attribute-avanzado tour-attribute-caballos-de-polo tour-attribute-cena tour-attribute-desayuno tour-attribute-guias-privados tour-attribute-intermedio tour-attribute-pension-completa tour-attribute-principiante tour-attribute-traslados\">\n\t\t\t<div class=\"eltd-tours-standard-item-image-holder\">\n\t\t\t<a href=\"https:\/\/www.equusargentina.com\/es\/tour-item\/cabalgatas-en-entre-rios\/\">\n\t\t\t\t<img loading=\"lazy\" decoding=\"async\" width=\"410\" height=\"260\" src=\"https:\/\/www.equusargentina.com\/wp-content\/uploads\/2021\/11\/galeria11a_410x260.jpg\" class=\"attachment-full size-full\" alt=\"estancia\" srcset=\"https:\/\/www.equusargentina.com\/wp-content\/uploads\/2021\/11\/galeria11a_410x260.jpg 410w, https:\/\/www.equusargentina.com\/wp-content\/uploads\/2021\/11\/galeria11a_410x260-300x190.jpg 300w\" sizes=\"auto, (max-width: 410px) 100vw, 410px\" \/>\t\t\t<\/a>\n\t\t\t\t\t\t\t<span class=\"eltd-tours-standard-item-label-holder\">\n\t\t\t\t\t\n\t\t<span class=\"eltd-tour-item-label\">\n\t\t\t<span class=\"eltd-tour-item-label-inner\">\n\t\t\t\tPRODUCTO COMBINADO\t\t\t<\/span>\n\t\t<\/span>\n\n\t\t\t\t\t\t<\/span>\n\t\t\t\t\t<\/div>\n\t\n\t<div class=\"eltd-tours-standard-item-content-holder\">\n\t\t<div class=\"eltd-tours-standard-item-content-inner\">\n\t\t\t<div class=\"eltd-tours-standard-item-title-price-holder\">\n\t\t\t\t<h4 class=\"eltd-tour-title\">\n\t\t\t\t\t<a href=\"https:\/\/www.equusargentina.com\/es\/tour-item\/cabalgatas-en-entre-rios\/\">Cabalgatas en Entre R\u00edos<\/a>\n\t\t\t\t\t<span class=\"eltd-tours-standard-item-price-holder\">\n\t\t\t\t\t\t\n\t\t<span class=\"eltd-tours-price-holder\">\n\t\t\t\t\t\t\t\t<\/span>\n\n\t\t\t\t\t\t\t<\/span>\n\t\t\t\t<\/h4>\n\t\t\t<\/div>\n\t\t\t\t\t\t\t<div class=\"eltd-tours-standard-item-excerpt\">\n\t\t\t\t\tLa estancia de Diana Hunt ofrece una experiencia \u00fanica de campo en Entre R\u00edos. Aqu\u00ed, los visitantes van a ver c\u00f3mo es la vida en el campo. Tambi\u00e9n van a aprender todo sobre el polo y sus caballos ya que son criadores de caballos para este deporte. Comienzos Desde el a\u00f1o 2004 cr\u00edan caballos de polo. Comenzaron con un plantel [&hellip;]\t\t\t\t<\/div>\n\t\t\t\t\t<\/div>\n\t\t<div class=\"eltd-tours-standard-item-bottom-content\">\n\t\t\t\t\t\t\t<div class=\"eltd-tours-standard-item-bottom-item\">\n\t\t\t\t\t\n\t\t\n\t\t\t<div class=\"eltd-tour-duration-holder\">\n\t\t\t    <span class=\"eltd-tour-duration-icon eltd-tour-info-icon\">\n\t\t\t\t\t<span class=\"lnr lnr-history\"><\/span>\n\t\t\t    <\/span>\n\t\t\t\t<span class=\"eltd-tour-info-label\">\n\t\t\t\t\t2 Noches \/ 3 D\u00edas\t\t\t\t<\/span>\n\t\t\t<\/div>\n\n\t\t\n\t\t\t\t\t\t<\/div>\n\t\t\t\n\t\t\t\n\t\t\t\t\t<\/div>\n\t<\/div>\n<\/div>\t\t<div class=\"eltd-tours-standard-item eltd-tours-row-item eltd-item-space post-6765 tour-item type-tour-item status-publish has-post-thumbnail hentry tour-category-cabalgatas tour-category-cabalgatas-pesca tour-category-paquetes-combinados tour-attribute-almuerzo tour-attribute-alojamiento tour-attribute-avanzado tour-attribute-bebidas-alcoholicas tour-attribute-caballos-de-cabalgata tour-attribute-cena tour-attribute-desayuno tour-attribute-economico tour-attribute-guias-privados tour-attribute-intermedio tour-attribute-pension-completa tour-attribute-traslados\">\n\t\t\t<div class=\"eltd-tours-standard-item-image-holder\">\n\t\t\t<a href=\"https:\/\/www.equusargentina.com\/es\/tour-item\/caballos-y-ballenas-en-argentina\/\">\n\t\t\t\t<img loading=\"lazy\" decoding=\"async\" width=\"524\" height=\"524\" src=\"https:\/\/www.equusargentina.com\/wp-content\/uploads\/2023\/04\/207984294_4828796473813896_7210050745004976409_n.jpg\" class=\"attachment-full size-full\" alt=\"\" srcset=\"https:\/\/www.equusargentina.com\/wp-content\/uploads\/2023\/04\/207984294_4828796473813896_7210050745004976409_n.jpg 524w, https:\/\/www.equusargentina.com\/wp-content\/uploads\/2023\/04\/207984294_4828796473813896_7210050745004976409_n-300x300.jpg 300w, https:\/\/www.equusargentina.com\/wp-content\/uploads\/2023\/04\/207984294_4828796473813896_7210050745004976409_n-150x150.jpg 150w\" sizes=\"auto, (max-width: 524px) 100vw, 524px\" \/>\t\t\t<\/a>\n\t\t\t\t\t\t\t<span class=\"eltd-tours-standard-item-label-holder\">\n\t\t\t\t\t\n\t\t<span class=\"eltd-tour-item-label\">\n\t\t\t<span class=\"eltd-tour-item-label-inner\">\n\t\t\t\tAvistaje de Ballenas\t\t\t<\/span>\n\t\t<\/span>\n\n\t\t\t\t\t\t<\/span>\n\t\t\t\t\t<\/div>\n\t\n\t<div class=\"eltd-tours-standard-item-content-holder\">\n\t\t<div class=\"eltd-tours-standard-item-content-inner\">\n\t\t\t<div class=\"eltd-tours-standard-item-title-price-holder\">\n\t\t\t\t<h4 class=\"eltd-tour-title\">\n\t\t\t\t\t<a href=\"https:\/\/www.equusargentina.com\/es\/tour-item\/caballos-y-ballenas-en-argentina\/\">Caballos y Ballenas<\/a>\n\t\t\t\t\t<span class=\"eltd-tours-standard-item-price-holder\">\n\t\t\t\t\t\t\n\t\t<span class=\"eltd-tours-price-holder eltd-tours-price-with-discount\">\n\t\t\t\t\t\t\t\t\t\t<span class=\"eltd-tours-item-discount-price eltd-tours-item-price\">\n\t\t\t\t\t$0\t\t\t\t<\/span>\n\t\t\t\t\t<\/span>\n\n\t\t\t\t\t\t\t<\/span>\n\t\t\t\t<\/h4>\n\t\t\t<\/div>\n\t\t\t\t\t\t\t<div class=\"eltd-tours-standard-item-excerpt\">\n\t\t\t\t\tUna experiencia \u00fanica en el mundo: una cabalgata con avistaje de ballenas y fauna marina en Peninsula Valdes - Patrimonio de la Humanidad de la UNESCO.\t\t\t\t<\/div>\n\t\t\t\t\t<\/div>\n\t\t<div class=\"eltd-tours-standard-item-bottom-content\">\n\t\t\t\t\t\t\t<div class=\"eltd-tours-standard-item-bottom-item\">\n\t\t\t\t\t\n\t\t\n\t\t\t<div class=\"eltd-tour-duration-holder\">\n\t\t\t    <span class=\"eltd-tour-duration-icon eltd-tour-info-icon\">\n\t\t\t\t\t<span class=\"lnr lnr-history\"><\/span>\n\t\t\t    <\/span>\n\t\t\t\t<span class=\"eltd-tour-info-label\">\n\t\t\t\t\t6 D\u00edas \/ 5 Noches\t\t\t\t<\/span>\n\t\t\t<\/div>\n\n\t\t\n\t\t\t\t\t\t<\/div>\n\t\t\t\n\t\t\t\t\t\t\t<div class=\"eltd-tours-standard-item-bottom-item\">\n\t\t\t\t\t\n\t\t\n\t\t\t<div class=\"eltd-tour-min-age-holder\">\n\t\t\t    <span class=\"eltd-tour-min-age-icon eltd-tour-info-icon\">\n\t\t\t\t    <span class=\"lnr lnr-user\"><\/span>\n\t\t\t    <\/span>\n\n\t\t\t\t<span class=\"eltd-tour-info-label\">\n\t\t\t\t\t12+\n\t\t\t\t\t\t\t\t\t<\/span>\n\t\t\t<\/div>\n\n\t\t\n\t\t\t\t\t\t<\/div>\n\t\t\t\n\t\t\t\t\t<\/div>\n\t<\/div>\n<\/div>\t\t<div class=\"eltd-tours-standard-item eltd-tours-row-item eltd-item-space post-6923 tour-item type-tour-item status-publish has-post-thumbnail hentry tour-category-arreo-de-ganado tour-category-cabalgatas tour-category-cabalgatas-pesca tour-category-paquetes-combinados tour-attribute-almuerzo tour-attribute-alojamiento tour-attribute-avanzado tour-attribute-bebidas-alcoholicas tour-attribute-caballos-de-cabalgata tour-attribute-cena tour-attribute-desayuno tour-attribute-guias-privados tour-attribute-intermedio tour-attribute-lujo tour-attribute-pension-completa tour-attribute-traslados\">\n\t\t\t<div class=\"eltd-tours-standard-item-image-holder\">\n\t\t\t<a href=\"https:\/\/www.equusargentina.com\/es\/tour-item\/experiencia-gaucha-en-la-pampa-argentina\/\">\n\t\t\t\t<img loading=\"lazy\" decoding=\"async\" width=\"410\" height=\"260\" src=\"https:\/\/www.equusargentina.com\/wp-content\/uploads\/2025\/05\/WhatsApp-Image-2025-05-18-at-17.17.33.jpeg\" class=\"attachment-full size-full\" alt=\"\" srcset=\"https:\/\/www.equusargentina.com\/wp-content\/uploads\/2025\/05\/WhatsApp-Image-2025-05-18-at-17.17.33.jpeg 410w, https:\/\/www.equusargentina.com\/wp-content\/uploads\/2025\/05\/WhatsApp-Image-2025-05-18-at-17.17.33-300x190.jpeg 300w\" sizes=\"auto, (max-width: 410px) 100vw, 410px\" \/>\t\t\t<\/a>\n\t\t\t\t\t\t\t<span class=\"eltd-tours-standard-item-label-holder\">\n\t\t\t\t\t\n\t\t<span class=\"eltd-tour-item-label\">\n\t\t\t<span class=\"eltd-tour-item-label-inner\">\n\t\t\t\tINCREIBLE EXPERIENCIA\t\t\t<\/span>\n\t\t<\/span>\n\n\t\t\t\t\t\t<\/span>\n\t\t\t\t\t<\/div>\n\t\n\t<div class=\"eltd-tours-standard-item-content-holder\">\n\t\t<div class=\"eltd-tours-standard-item-content-inner\">\n\t\t\t<div class=\"eltd-tours-standard-item-title-price-holder\">\n\t\t\t\t<h4 class=\"eltd-tour-title\">\n\t\t\t\t\t<a href=\"https:\/\/www.equusargentina.com\/es\/tour-item\/experiencia-gaucha-en-la-pampa-argentina\/\">Experiencia Gaucha en la Pampa<\/a>\n\t\t\t\t\t<span class=\"eltd-tours-standard-item-price-holder\">\n\t\t\t\t\t\t\n\t\t<span class=\"eltd-tours-price-holder\">\n\t\t\t\t\t\t\t\t<\/span>\n\n\t\t\t\t\t\t\t<\/span>\n\t\t\t\t<\/h4>\n\t\t\t<\/div>\n\t\t\t\t\t\t\t<div class=\"eltd-tours-standard-item-excerpt\">\n\t\t\t\t\tLa Pampa es vastedad, es horizontes infinitos, es galopar libre sin l\u00edmites, es donde el paisaje comienza a hacerse salvaje e ind\u00f3mito, introduci\u00e9ndonos lentamente a la regi\u00f3n Patag\u00f3nica. &nbsp; Esta a\u00f1eja estancia pampeana, de m\u00e1s de 30.000 hect\u00e1reas, se encuentra a 150 km de la ciudad de Santa Rosa, y a otros 150 km del comienzo de la famosa Ruta [&hellip;]\t\t\t\t<\/div>\n\t\t\t\t\t<\/div>\n\t\t<div class=\"eltd-tours-standard-item-bottom-content\">\n\t\t\t\t\t\t\t<div class=\"eltd-tours-standard-item-bottom-item\">\n\t\t\t\t\t\n\t\t\n\t\t\t<div class=\"eltd-tour-duration-holder\">\n\t\t\t    <span class=\"eltd-tour-duration-icon eltd-tour-info-icon\">\n\t\t\t\t\t<span class=\"lnr lnr-history\"><\/span>\n\t\t\t    <\/span>\n\t\t\t\t<span class=\"eltd-tour-info-label\">\n\t\t\t\t\t3 Noches \/ 4 D\u00edas\t\t\t\t<\/span>\n\t\t\t<\/div>\n\n\t\t\n\t\t\t\t\t\t<\/div>\n\t\t\t\n\t\t\t\t\t\t\t<div class=\"eltd-tours-standard-item-bottom-item\">\n\t\t\t\t\t\n\t\t\n\t\t\t<div class=\"eltd-tour-min-age-holder\">\n\t\t\t    <span class=\"eltd-tour-min-age-icon eltd-tour-info-icon\">\n\t\t\t\t    <span class=\"lnr lnr-user\"><\/span>\n\t\t\t    <\/span>\n\n\t\t\t\t<span class=\"eltd-tour-info-label\">\n\t\t\t\t\t12+\n\t\t\t\t\t\t\t\t\t<\/span>\n\t\t\t<\/div>\n\n\t\t\n\t\t\t\t\t\t<\/div>\n\t\t\t\n\t\t\t\t\t<\/div>\n\t<\/div>\n<\/div>\t\t<\/div>\n\n\t\t\t\t\t<div class=\"eltd-tours-pagination-holder eltd-tours-pagination-load-more\">\n\t\t\t\t\t\t\t\t\t<a itemprop=\"url\" href=\"#\" target=\"_self\"  class=\"eltd-btn eltd-btn-large eltd-btn-solid eltd-tours-load-more-button\"  data-loading-label=\"Loading...\">\n    <span class=\"eltd-btn-text\">Load More<\/span>\n    <\/a>\t\t\t\t\t\t\t<\/div>\n\n\t\t\n\n\t\t<\/div>[\/vc_column][vc_column width=&#8221;1\/3&#8243;][vc_widget_sidebar sidebar_id=&#8221;destination-sidebar&#8221; el_class=&#8221;form&#8221;][\/vc_column][\/vc_row]<\/p>\n<\/div>","protected":false},"excerpt":{"rendered":"<p>[vc_row row_content_width=&#8221;grid&#8221; css=&#8221;.vc_custom_1628440611698{padding-bottom: 129px !important;}&#8221;][vc_column width=&#8221;2\/3&#8243; css=&#8221;.vc_custom_1521538610372{padding-top: 56px !important;padding-bottom: 20px !important;}&#8221;][vc_column_text] Paquetes combinados \u00a1Esta es nuestra especialidad! Poder combinar en un mismo viaje varias experiencias y lugares vinculados a los caballos es lo mejor que podemos ofrecerle a nuestros clientes. EQUUS ARGENTINA propone armar viajes a medida combinando todas nuestras actividades ecuestres. Creemos que en la suma de todas nuestras [&hellip;]<\/p>\n","protected":false},"author":2,"featured_media":3870,"parent":0,"menu_order":0,"comment_status":"closed","ping_status":"closed","template":"","meta":{"footnotes":""},"class_list":["post-3832","page","type-page","status-publish","has-post-thumbnail","hentry"],"yoast_head":"<!-- This site is optimized with the Yoast SEO plugin v27.4 - https:\/\/yoast.com\/product\/yoast-seo-wordpress\/ -->\n<title>Paquetes combinados - Equus Argentina<\/title>\n<meta name=\"robots\" content=\"index, follow, max-snippet:-1, max-image-preview:large, max-video-preview:-1\" \/>\n<link rel=\"canonical\" href=\"https:\/\/www.equusargentina.com\/es\/paquetes-combinados\/\" \/>\n<meta property=\"og:locale\" content=\"es_ES\" \/>\n<meta property=\"og:type\" content=\"article\" \/>\n<meta property=\"og:title\" content=\"Paquetes combinados - Equus Argentina\" \/>\n<meta property=\"og:description\" content=\"[vc_row row_content_width=&#8221;grid&#8221; css=&#8221;.vc_custom_1628440611698{padding-bottom: 129px !important;}&#8221;][vc_column width=&#8221;2\/3&#8243; css=&#8221;.vc_custom_1521538610372{padding-top: 56px !important;padding-bottom: 20px !important;}&#8221;][vc_column_text] Paquetes combinados \u00a1Esta es nuestra especialidad! Poder combinar en un mismo viaje varias experiencias y lugares vinculados a los caballos es lo mejor que podemos ofrecerle a nuestros clientes. EQUUS ARGENTINA propone armar viajes a medida combinando todas nuestras actividades ecuestres. Creemos que en la suma de todas nuestras [&hellip;]\" \/>\n<meta property=\"og:url\" content=\"https:\/\/www.equusargentina.com\/es\/paquetes-combinados\/\" \/>\n<meta property=\"og:site_name\" content=\"Equus Argentina\" \/>\n<meta property=\"article:modified_time\" content=\"2022-02-24T10:58:42+00:00\" \/>\n<meta property=\"og:image\" content=\"https:\/\/www.equusargentina.com\/wp-content\/uploads\/2021\/09\/paquetes-combinados-410x260-1.jpg\" \/>\n\t<meta property=\"og:image:width\" content=\"410\" \/>\n\t<meta property=\"og:image:height\" content=\"260\" \/>\n\t<meta property=\"og:image:type\" content=\"image\/jpeg\" \/>\n<meta name=\"twitter:card\" content=\"summary_large_image\" \/>\n<meta name=\"twitter:label1\" content=\"Tiempo de lectura\" \/>\n\t<meta name=\"twitter:data1\" content=\"2 minutos\" \/>\n<script type=\"application\/ld+json\" class=\"yoast-schema-graph\">{\"@context\":\"https:\\\/\\\/schema.org\",\"@graph\":[{\"@type\":\"WebPage\",\"@id\":\"https:\\\/\\\/www.equusargentina.com\\\/es\\\/paquetes-combinados\\\/\",\"url\":\"https:\\\/\\\/www.equusargentina.com\\\/es\\\/paquetes-combinados\\\/\",\"name\":\"Paquetes combinados - Equus Argentina\",\"isPartOf\":{\"@id\":\"https:\\\/\\\/www.equusargentina.com\\\/#website\"},\"primaryImageOfPage\":{\"@id\":\"https:\\\/\\\/www.equusargentina.com\\\/es\\\/paquetes-combinados\\\/#primaryimage\"},\"image\":{\"@id\":\"https:\\\/\\\/www.equusargentina.com\\\/es\\\/paquetes-combinados\\\/#primaryimage\"},\"thumbnailUrl\":\"https:\\\/\\\/www.equusargentina.com\\\/wp-content\\\/uploads\\\/2021\\\/09\\\/paquetes-combinados-410x260-1.jpg\",\"datePublished\":\"2021-09-17T10:42:22+00:00\",\"dateModified\":\"2022-02-24T10:58:42+00:00\",\"breadcrumb\":{\"@id\":\"https:\\\/\\\/www.equusargentina.com\\\/es\\\/paquetes-combinados\\\/#breadcrumb\"},\"inLanguage\":\"es-AR\",\"potentialAction\":[{\"@type\":\"ReadAction\",\"target\":[\"https:\\\/\\\/www.equusargentina.com\\\/es\\\/paquetes-combinados\\\/\"]}]},{\"@type\":\"ImageObject\",\"inLanguage\":\"es-AR\",\"@id\":\"https:\\\/\\\/www.equusargentina.com\\\/es\\\/paquetes-combinados\\\/#primaryimage\",\"url\":\"https:\\\/\\\/www.equusargentina.com\\\/wp-content\\\/uploads\\\/2021\\\/09\\\/paquetes-combinados-410x260-1.jpg\",\"contentUrl\":\"https:\\\/\\\/www.equusargentina.com\\\/wp-content\\\/uploads\\\/2021\\\/09\\\/paquetes-combinados-410x260-1.jpg\",\"width\":410,\"height\":260},{\"@type\":\"BreadcrumbList\",\"@id\":\"https:\\\/\\\/www.equusargentina.com\\\/es\\\/paquetes-combinados\\\/#breadcrumb\",\"itemListElement\":[{\"@type\":\"ListItem\",\"position\":1,\"name\":\"Portada\",\"item\":\"https:\\\/\\\/www.equusargentina.com\\\/es\\\/\"},{\"@type\":\"ListItem\",\"position\":2,\"name\":\"Paquetes combinados\"}]},{\"@type\":\"WebSite\",\"@id\":\"https:\\\/\\\/www.equusargentina.com\\\/#website\",\"url\":\"https:\\\/\\\/www.equusargentina.com\\\/\",\"name\":\"Equus Argentina\",\"description\":\"Unique &amp; Outstanding Horse Riding Experiences: where horse and rider became one\",\"potentialAction\":[{\"@type\":\"SearchAction\",\"target\":{\"@type\":\"EntryPoint\",\"urlTemplate\":\"https:\\\/\\\/www.equusargentina.com\\\/?s={search_term_string}\"},\"query-input\":{\"@type\":\"PropertyValueSpecification\",\"valueRequired\":true,\"valueName\":\"search_term_string\"}}],\"inLanguage\":\"es-AR\"}]}<\/script>\n<!-- \/ Yoast SEO plugin. -->","yoast_head_json":{"title":"Paquetes combinados - Equus Argentina","robots":{"index":"index","follow":"follow","max-snippet":"max-snippet:-1","max-image-preview":"max-image-preview:large","max-video-preview":"max-video-preview:-1"},"canonical":"https:\/\/www.equusargentina.com\/es\/paquetes-combinados\/","og_locale":"es_ES","og_type":"article","og_title":"Paquetes combinados - Equus Argentina","og_description":"[vc_row row_content_width=&#8221;grid&#8221; css=&#8221;.vc_custom_1628440611698{padding-bottom: 129px !important;}&#8221;][vc_column width=&#8221;2\/3&#8243; css=&#8221;.vc_custom_1521538610372{padding-top: 56px !important;padding-bottom: 20px !important;}&#8221;][vc_column_text] Paquetes combinados \u00a1Esta es nuestra especialidad! Poder combinar en un mismo viaje varias experiencias y lugares vinculados a los caballos es lo mejor que podemos ofrecerle a nuestros clientes. EQUUS ARGENTINA propone armar viajes a medida combinando todas nuestras actividades ecuestres. Creemos que en la suma de todas nuestras [&hellip;]","og_url":"https:\/\/www.equusargentina.com\/es\/paquetes-combinados\/","og_site_name":"Equus Argentina","article_modified_time":"2022-02-24T10:58:42+00:00","og_image":[{"width":410,"height":260,"url":"https:\/\/www.equusargentina.com\/wp-content\/uploads\/2021\/09\/paquetes-combinados-410x260-1.jpg","type":"image\/jpeg"}],"twitter_card":"summary_large_image","twitter_misc":{"Tiempo de lectura":"2 minutos"},"schema":{"@context":"https:\/\/schema.org","@graph":[{"@type":"WebPage","@id":"https:\/\/www.equusargentina.com\/es\/paquetes-combinados\/","url":"https:\/\/www.equusargentina.com\/es\/paquetes-combinados\/","name":"Paquetes combinados - Equus Argentina","isPartOf":{"@id":"https:\/\/www.equusargentina.com\/#website"},"primaryImageOfPage":{"@id":"https:\/\/www.equusargentina.com\/es\/paquetes-combinados\/#primaryimage"},"image":{"@id":"https:\/\/www.equusargentina.com\/es\/paquetes-combinados\/#primaryimage"},"thumbnailUrl":"https:\/\/www.equusargentina.com\/wp-content\/uploads\/2021\/09\/paquetes-combinados-410x260-1.jpg","datePublished":"2021-09-17T10:42:22+00:00","dateModified":"2022-02-24T10:58:42+00:00","breadcrumb":{"@id":"https:\/\/www.equusargentina.com\/es\/paquetes-combinados\/#breadcrumb"},"inLanguage":"es-AR","potentialAction":[{"@type":"ReadAction","target":["https:\/\/www.equusargentina.com\/es\/paquetes-combinados\/"]}]},{"@type":"ImageObject","inLanguage":"es-AR","@id":"https:\/\/www.equusargentina.com\/es\/paquetes-combinados\/#primaryimage","url":"https:\/\/www.equusargentina.com\/wp-content\/uploads\/2021\/09\/paquetes-combinados-410x260-1.jpg","contentUrl":"https:\/\/www.equusargentina.com\/wp-content\/uploads\/2021\/09\/paquetes-combinados-410x260-1.jpg","width":410,"height":260},{"@type":"BreadcrumbList","@id":"https:\/\/www.equusargentina.com\/es\/paquetes-combinados\/#breadcrumb","itemListElement":[{"@type":"ListItem","position":1,"name":"Portada","item":"https:\/\/www.equusargentina.com\/es\/"},{"@type":"ListItem","position":2,"name":"Paquetes combinados"}]},{"@type":"WebSite","@id":"https:\/\/www.equusargentina.com\/#website","url":"https:\/\/www.equusargentina.com\/","name":"Equus Argentina","description":"Unique &amp; Outstanding Horse Riding Experiences: where horse and rider became one","potentialAction":[{"@type":"SearchAction","target":{"@type":"EntryPoint","urlTemplate":"https:\/\/www.equusargentina.com\/?s={search_term_string}"},"query-input":{"@type":"PropertyValueSpecification","valueRequired":true,"valueName":"search_term_string"}}],"inLanguage":"es-AR"}]}},"_links":{"self":[{"href":"https:\/\/www.equusargentina.com\/es\/wp-json\/wp\/v2\/pages\/3832","targetHints":{"allow":["GET"]}}],"collection":[{"href":"https:\/\/www.equusargentina.com\/es\/wp-json\/wp\/v2\/pages"}],"about":[{"href":"https:\/\/www.equusargentina.com\/es\/wp-json\/wp\/v2\/types\/page"}],"author":[{"embeddable":true,"href":"https:\/\/www.equusargentina.com\/es\/wp-json\/wp\/v2\/users\/2"}],"replies":[{"embeddable":true,"href":"https:\/\/www.equusargentina.com\/es\/wp-json\/wp\/v2\/comments?post=3832"}],"version-history":[{"count":9,"href":"https:\/\/www.equusargentina.com\/es\/wp-json\/wp\/v2\/pages\/3832\/revisions"}],"predecessor-version":[{"id":5505,"href":"https:\/\/www.equusargentina.com\/es\/wp-json\/wp\/v2\/pages\/3832\/revisions\/5505"}],"wp:featuredmedia":[{"embeddable":true,"href":"https:\/\/www.equusargentina.com\/es\/wp-json\/wp\/v2\/media\/3870"}],"wp:attachment":[{"href":"https:\/\/www.equusargentina.com\/es\/wp-json\/wp\/v2\/media?parent=3832"}],"curies":[{"name":"wp","href":"https:\/\/api.w.org\/{rel}","templated":true}]}}