{"id":3625,"date":"2021-08-30T14:49:39","date_gmt":"2021-08-30T14:49:39","guid":{"rendered":"http:\/\/c2240179.ferozo.com\/?page_id=3625"},"modified":"2022-02-24T11:06:27","modified_gmt":"2022-02-24T11:06:27","slug":"doma-racional","status":"publish","type":"page","link":"https:\/\/www.equusargentina.com\/es\/doma-racional\/","title":{"rendered":"Doma racional"},"content":{"rendered":"<div class=\"wpb-content-wrapper\"><p>[vc_row row_content_width=&#8221;grid&#8221; css=&#8221;.vc_custom_1628440611698{padding-bottom: 129px !important;}&#8221;][vc_column width=&#8221;2\/3&#8243; css=&#8221;.vc_custom_1521538610372{padding-top: 56px !important;padding-bottom: 20px !important;}&#8221;][vc_column_text]<\/p>\n<h1 style=\"margin: 0 0 25px 0;\">Doma racional<\/h1>\n<p style=\"text-align: justify;\">Durante mucho tiempo prevaleci\u00f3 en la Argentina el tipo de doma tradicional. Los gauchos somet\u00edan a los caballos a un proceso brusco de domesticaci\u00f3n mediante el cual lo \u201cquebraban\u201d. Afortunadamente hoy en d\u00eda la tendencia se redirigi\u00f3 hacia la famosa doma racional o india. Al contrario del otro, este m\u00e9todo busca conocer al caballo y entender su comportamiento para poder as\u00ed hacerse amigo, ganar su confianza y poder trabajar juntos. Con esa base fundamental, los entrenadores se dieron cuenta que uno logra obtener mejores resultados que con la doma tradicional.<\/p>\n<p style=\"text-align: justify;\">El caballo es un animal de presa por naturaleza, su instinto es correr ante las amenazas. La doma racional lo entiende como tal y por eso busca principalmente demostrarle que el hombre no representa un peligro para ellos. Una vez que el caballo deja de vernos como posible depredador y m\u00e1s bien como un amigo se da comienzo a esta incre\u00edble relaci\u00f3n. As\u00ed, pac\u00edfica y respetuosamente, se le va pidiendo al caballo y \u00e9ste, a cambio, responde amablemente.<\/p>\n<p style=\"text-align: justify;\">Cada caballo es un mundo y si bien las bases son las mismas para todos el buen domador es aquel que sabe leer a cada uno de ellos, distinguiendo sus fortalezas y debilidades, aquel que sabe hacerse caballo \u00e9l mismo para comunicarse con ellos, aquel que logra conectarse de una manera tal que logra formar un binomio con cada uno. La doma racional m\u00e1s que trabajar al caballo es trabajar la propia mente para desprenderse de todo y lograr una conexi\u00f3n plena y pura con este honorable animal.<\/p>\n<p>[\/vc_column_text][vc_empty_space]<div class=\"eltd-image-gallery  eltd-ig-grid-type eltd-normal-space  eltd-image-behavior-lightbox\">\n\t<div class=\"eltd-ig-inner eltd-outer-space eltd-ig-grid eltd-ig-three-columns\">\n\t\t\t\t\t<div class=\"eltd-ig-image eltd-item-space\">\n\t\t\t\t<div class=\"eltd-ig-image-inner\">\n\t\t\t\t\t\t\t\t\t\t\t<a itemprop=\"image\" class=\"eltd-ig-lightbox\" href=\"https:\/\/www.equusargentina.com\/wp-content\/uploads\/2021\/08\/doma-racional-equus-argentina-1.jpg\" data-rel=\"prettyPhoto[image_gallery_pretty_photo-972]\" title=\"doma-racional-equus-argentina-1\">\n\t\t\t\t\t\t\t\t\t\t\t<img loading=\"lazy\" decoding=\"async\" width=\"800\" height=\"600\" src=\"https:\/\/www.equusargentina.com\/wp-content\/uploads\/2021\/08\/doma-racional-equus-argentina-1.jpg\" class=\"attachment-full size-full\" alt=\"\" srcset=\"https:\/\/www.equusargentina.com\/wp-content\/uploads\/2021\/08\/doma-racional-equus-argentina-1.jpg 800w, https:\/\/www.equusargentina.com\/wp-content\/uploads\/2021\/08\/doma-racional-equus-argentina-1-300x225.jpg 300w, https:\/\/www.equusargentina.com\/wp-content\/uploads\/2021\/08\/doma-racional-equus-argentina-1-768x576.jpg 768w\" sizes=\"auto, (max-width: 800px) 100vw, 800px\" \/>\t\t\t\t\t\t\t\t\t\t\t<\/a>\n\t\t\t\t\t\t\t\t\t<\/div>\n\t\t\t<\/div>\n\t\t\t\t\t<div class=\"eltd-ig-image eltd-item-space\">\n\t\t\t\t<div class=\"eltd-ig-image-inner\">\n\t\t\t\t\t\t\t\t\t\t\t<a itemprop=\"image\" class=\"eltd-ig-lightbox\" href=\"https:\/\/www.equusargentina.com\/wp-content\/uploads\/2021\/08\/doma-racional-equus-argentina-2.jpg\" data-rel=\"prettyPhoto[image_gallery_pretty_photo-972]\" title=\"doma-racional-equus-argentina-2\">\n\t\t\t\t\t\t\t\t\t\t\t<img loading=\"lazy\" decoding=\"async\" width=\"800\" height=\"600\" src=\"https:\/\/www.equusargentina.com\/wp-content\/uploads\/2021\/08\/doma-racional-equus-argentina-2.jpg\" class=\"attachment-full size-full\" alt=\"\" srcset=\"https:\/\/www.equusargentina.com\/wp-content\/uploads\/2021\/08\/doma-racional-equus-argentina-2.jpg 800w, https:\/\/www.equusargentina.com\/wp-content\/uploads\/2021\/08\/doma-racional-equus-argentina-2-300x225.jpg 300w, https:\/\/www.equusargentina.com\/wp-content\/uploads\/2021\/08\/doma-racional-equus-argentina-2-768x576.jpg 768w\" sizes=\"auto, (max-width: 800px) 100vw, 800px\" \/>\t\t\t\t\t\t\t\t\t\t\t<\/a>\n\t\t\t\t\t\t\t\t\t<\/div>\n\t\t\t<\/div>\n\t\t\t\t\t<div class=\"eltd-ig-image eltd-item-space\">\n\t\t\t\t<div class=\"eltd-ig-image-inner\">\n\t\t\t\t\t\t\t\t\t\t\t<a itemprop=\"image\" class=\"eltd-ig-lightbox\" href=\"https:\/\/www.equusargentina.com\/wp-content\/uploads\/2021\/08\/doma-racional-equus-argentina-3.jpg\" data-rel=\"prettyPhoto[image_gallery_pretty_photo-972]\" title=\"doma-racional-equus-argentina-3\">\n\t\t\t\t\t\t\t\t\t\t\t<img loading=\"lazy\" decoding=\"async\" width=\"800\" height=\"600\" src=\"https:\/\/www.equusargentina.com\/wp-content\/uploads\/2021\/08\/doma-racional-equus-argentina-3.jpg\" class=\"attachment-full size-full\" alt=\"\" srcset=\"https:\/\/www.equusargentina.com\/wp-content\/uploads\/2021\/08\/doma-racional-equus-argentina-3.jpg 800w, https:\/\/www.equusargentina.com\/wp-content\/uploads\/2021\/08\/doma-racional-equus-argentina-3-300x225.jpg 300w, https:\/\/www.equusargentina.com\/wp-content\/uploads\/2021\/08\/doma-racional-equus-argentina-3-768x576.jpg 768w\" sizes=\"auto, (max-width: 800px) 100vw, 800px\" \/>\t\t\t\t\t\t\t\t\t\t\t<\/a>\n\t\t\t\t\t\t\t\t\t<\/div>\n\t\t\t<\/div>\n\t\t\t\t\t<div class=\"eltd-ig-image eltd-item-space\">\n\t\t\t\t<div class=\"eltd-ig-image-inner\">\n\t\t\t\t\t\t\t\t\t\t\t<a itemprop=\"image\" class=\"eltd-ig-lightbox\" href=\"https:\/\/www.equusargentina.com\/wp-content\/uploads\/2021\/08\/doma-racional-equus-argentina-4.jpg\" data-rel=\"prettyPhoto[image_gallery_pretty_photo-972]\" title=\"doma-racional-equus-argentina-4\">\n\t\t\t\t\t\t\t\t\t\t\t<img loading=\"lazy\" decoding=\"async\" width=\"800\" height=\"600\" src=\"https:\/\/www.equusargentina.com\/wp-content\/uploads\/2021\/08\/doma-racional-equus-argentina-4.jpg\" class=\"attachment-full size-full\" alt=\"\" srcset=\"https:\/\/www.equusargentina.com\/wp-content\/uploads\/2021\/08\/doma-racional-equus-argentina-4.jpg 800w, https:\/\/www.equusargentina.com\/wp-content\/uploads\/2021\/08\/doma-racional-equus-argentina-4-300x225.jpg 300w, https:\/\/www.equusargentina.com\/wp-content\/uploads\/2021\/08\/doma-racional-equus-argentina-4-768x576.jpg 768w\" sizes=\"auto, (max-width: 800px) 100vw, 800px\" \/>\t\t\t\t\t\t\t\t\t\t\t<\/a>\n\t\t\t\t\t\t\t\t\t<\/div>\n\t\t\t<\/div>\n\t\t\t\t\t<div class=\"eltd-ig-image eltd-item-space\">\n\t\t\t\t<div class=\"eltd-ig-image-inner\">\n\t\t\t\t\t\t\t\t\t\t\t<a itemprop=\"image\" class=\"eltd-ig-lightbox\" href=\"https:\/\/www.equusargentina.com\/wp-content\/uploads\/2021\/08\/doma-racional-equus-argentina-5.jpg\" data-rel=\"prettyPhoto[image_gallery_pretty_photo-972]\" title=\"doma-racional-equus-argentina-5\">\n\t\t\t\t\t\t\t\t\t\t\t<img loading=\"lazy\" decoding=\"async\" width=\"800\" height=\"600\" src=\"https:\/\/www.equusargentina.com\/wp-content\/uploads\/2021\/08\/doma-racional-equus-argentina-5.jpg\" class=\"attachment-full size-full\" alt=\"\" srcset=\"https:\/\/www.equusargentina.com\/wp-content\/uploads\/2021\/08\/doma-racional-equus-argentina-5.jpg 800w, https:\/\/www.equusargentina.com\/wp-content\/uploads\/2021\/08\/doma-racional-equus-argentina-5-300x225.jpg 300w, https:\/\/www.equusargentina.com\/wp-content\/uploads\/2021\/08\/doma-racional-equus-argentina-5-768x576.jpg 768w\" sizes=\"auto, (max-width: 800px) 100vw, 800px\" \/>\t\t\t\t\t\t\t\t\t\t\t<\/a>\n\t\t\t\t\t\t\t\t\t<\/div>\n\t\t\t<\/div>\n\t\t\t\t\t<div class=\"eltd-ig-image eltd-item-space\">\n\t\t\t\t<div class=\"eltd-ig-image-inner\">\n\t\t\t\t\t\t\t\t\t\t\t<a itemprop=\"image\" class=\"eltd-ig-lightbox\" href=\"https:\/\/www.equusargentina.com\/wp-content\/uploads\/2021\/08\/doma-racional-equus-argentina-6.jpg\" data-rel=\"prettyPhoto[image_gallery_pretty_photo-972]\" title=\"doma-racional-equus-argentina-6\">\n\t\t\t\t\t\t\t\t\t\t\t<img loading=\"lazy\" decoding=\"async\" width=\"800\" height=\"600\" src=\"https:\/\/www.equusargentina.com\/wp-content\/uploads\/2021\/08\/doma-racional-equus-argentina-6.jpg\" class=\"attachment-full size-full\" alt=\"\" srcset=\"https:\/\/www.equusargentina.com\/wp-content\/uploads\/2021\/08\/doma-racional-equus-argentina-6.jpg 800w, https:\/\/www.equusargentina.com\/wp-content\/uploads\/2021\/08\/doma-racional-equus-argentina-6-300x225.jpg 300w, https:\/\/www.equusargentina.com\/wp-content\/uploads\/2021\/08\/doma-racional-equus-argentina-6-768x576.jpg 768w\" sizes=\"auto, (max-width: 800px) 100vw, 800px\" \/>\t\t\t\t\t\t\t\t\t\t\t<\/a>\n\t\t\t\t\t\t\t\t\t<\/div>\n\t\t\t<\/div>\n\t\t\t\t\t<div class=\"eltd-ig-image eltd-item-space\">\n\t\t\t\t<div class=\"eltd-ig-image-inner\">\n\t\t\t\t\t\t\t\t\t\t\t<a itemprop=\"image\" class=\"eltd-ig-lightbox\" href=\"https:\/\/www.equusargentina.com\/wp-content\/uploads\/2021\/08\/doma-racional-equus-argentina-7.jpg\" data-rel=\"prettyPhoto[image_gallery_pretty_photo-972]\" title=\"doma-racional-equus-argentina-7\">\n\t\t\t\t\t\t\t\t\t\t\t<img loading=\"lazy\" decoding=\"async\" width=\"800\" height=\"600\" src=\"https:\/\/www.equusargentina.com\/wp-content\/uploads\/2021\/08\/doma-racional-equus-argentina-7.jpg\" class=\"attachment-full size-full\" alt=\"\" srcset=\"https:\/\/www.equusargentina.com\/wp-content\/uploads\/2021\/08\/doma-racional-equus-argentina-7.jpg 800w, https:\/\/www.equusargentina.com\/wp-content\/uploads\/2021\/08\/doma-racional-equus-argentina-7-300x225.jpg 300w, https:\/\/www.equusargentina.com\/wp-content\/uploads\/2021\/08\/doma-racional-equus-argentina-7-768x576.jpg 768w\" sizes=\"auto, (max-width: 800px) 100vw, 800px\" \/>\t\t\t\t\t\t\t\t\t\t\t<\/a>\n\t\t\t\t\t\t\t\t\t<\/div>\n\t\t\t<\/div>\n\t\t\t\t\t<div class=\"eltd-ig-image eltd-item-space\">\n\t\t\t\t<div class=\"eltd-ig-image-inner\">\n\t\t\t\t\t\t\t\t\t\t\t<a itemprop=\"image\" class=\"eltd-ig-lightbox\" href=\"https:\/\/www.equusargentina.com\/wp-content\/uploads\/2021\/08\/doma-racional-equus-argentina-8.jpg\" data-rel=\"prettyPhoto[image_gallery_pretty_photo-972]\" title=\"doma-racional-equus-argentina-8\">\n\t\t\t\t\t\t\t\t\t\t\t<img loading=\"lazy\" decoding=\"async\" width=\"800\" height=\"600\" src=\"https:\/\/www.equusargentina.com\/wp-content\/uploads\/2021\/08\/doma-racional-equus-argentina-8.jpg\" class=\"attachment-full size-full\" alt=\"\" srcset=\"https:\/\/www.equusargentina.com\/wp-content\/uploads\/2021\/08\/doma-racional-equus-argentina-8.jpg 800w, https:\/\/www.equusargentina.com\/wp-content\/uploads\/2021\/08\/doma-racional-equus-argentina-8-300x225.jpg 300w, https:\/\/www.equusargentina.com\/wp-content\/uploads\/2021\/08\/doma-racional-equus-argentina-8-768x576.jpg 768w\" sizes=\"auto, (max-width: 800px) 100vw, 800px\" \/>\t\t\t\t\t\t\t\t\t\t\t<\/a>\n\t\t\t\t\t\t\t\t\t<\/div>\n\t\t\t<\/div>\n\t\t\t\t\t<div class=\"eltd-ig-image eltd-item-space\">\n\t\t\t\t<div class=\"eltd-ig-image-inner\">\n\t\t\t\t\t\t\t\t\t\t\t<a itemprop=\"image\" class=\"eltd-ig-lightbox\" href=\"https:\/\/www.equusargentina.com\/wp-content\/uploads\/2021\/08\/doma-racional-equus-argentina-9.jpg\" data-rel=\"prettyPhoto[image_gallery_pretty_photo-972]\" title=\"doma-racional-equus-argentina-9\">\n\t\t\t\t\t\t\t\t\t\t\t<img loading=\"lazy\" decoding=\"async\" width=\"800\" height=\"600\" src=\"https:\/\/www.equusargentina.com\/wp-content\/uploads\/2021\/08\/doma-racional-equus-argentina-9.jpg\" class=\"attachment-full size-full\" alt=\"\" srcset=\"https:\/\/www.equusargentina.com\/wp-content\/uploads\/2021\/08\/doma-racional-equus-argentina-9.jpg 800w, https:\/\/www.equusargentina.com\/wp-content\/uploads\/2021\/08\/doma-racional-equus-argentina-9-300x225.jpg 300w, https:\/\/www.equusargentina.com\/wp-content\/uploads\/2021\/08\/doma-racional-equus-argentina-9-768x576.jpg 768w\" sizes=\"auto, (max-width: 800px) 100vw, 800px\" \/>\t\t\t\t\t\t\t\t\t\t\t<\/a>\n\t\t\t\t\t\t\t\t\t<\/div>\n\t\t\t<\/div>\n\t\t\t\t\t<div class=\"eltd-ig-image eltd-item-space\">\n\t\t\t\t<div class=\"eltd-ig-image-inner\">\n\t\t\t\t\t\t\t\t\t\t\t<a itemprop=\"image\" class=\"eltd-ig-lightbox\" href=\"https:\/\/www.equusargentina.com\/wp-content\/uploads\/2021\/08\/doma-racional-equus-argentina-10.jpg\" data-rel=\"prettyPhoto[image_gallery_pretty_photo-972]\" title=\"doma-racional-equus-argentina-10\">\n\t\t\t\t\t\t\t\t\t\t\t<img loading=\"lazy\" decoding=\"async\" width=\"800\" height=\"600\" src=\"https:\/\/www.equusargentina.com\/wp-content\/uploads\/2021\/08\/doma-racional-equus-argentina-10.jpg\" class=\"attachment-full size-full\" alt=\"\" srcset=\"https:\/\/www.equusargentina.com\/wp-content\/uploads\/2021\/08\/doma-racional-equus-argentina-10.jpg 800w, https:\/\/www.equusargentina.com\/wp-content\/uploads\/2021\/08\/doma-racional-equus-argentina-10-300x225.jpg 300w, https:\/\/www.equusargentina.com\/wp-content\/uploads\/2021\/08\/doma-racional-equus-argentina-10-768x576.jpg 768w\" sizes=\"auto, (max-width: 800px) 100vw, 800px\" \/>\t\t\t\t\t\t\t\t\t\t\t<\/a>\n\t\t\t\t\t\t\t\t\t<\/div>\n\t\t\t<\/div>\n\t\t\t\t\t<div class=\"eltd-ig-image eltd-item-space\">\n\t\t\t\t<div class=\"eltd-ig-image-inner\">\n\t\t\t\t\t\t\t\t\t\t\t<a itemprop=\"image\" class=\"eltd-ig-lightbox\" href=\"https:\/\/www.equusargentina.com\/wp-content\/uploads\/2021\/08\/doma-racional-equus-argentina-19.jpg\" data-rel=\"prettyPhoto[image_gallery_pretty_photo-972]\" title=\"doma-racional-equus-argentina-19\">\n\t\t\t\t\t\t\t\t\t\t\t<img loading=\"lazy\" decoding=\"async\" width=\"800\" height=\"600\" src=\"https:\/\/www.equusargentina.com\/wp-content\/uploads\/2021\/08\/doma-racional-equus-argentina-19.jpg\" class=\"attachment-full size-full\" alt=\"\" srcset=\"https:\/\/www.equusargentina.com\/wp-content\/uploads\/2021\/08\/doma-racional-equus-argentina-19.jpg 800w, https:\/\/www.equusargentina.com\/wp-content\/uploads\/2021\/08\/doma-racional-equus-argentina-19-300x225.jpg 300w, https:\/\/www.equusargentina.com\/wp-content\/uploads\/2021\/08\/doma-racional-equus-argentina-19-768x576.jpg 768w\" sizes=\"auto, (max-width: 800px) 100vw, 800px\" \/>\t\t\t\t\t\t\t\t\t\t\t<\/a>\n\t\t\t\t\t\t\t\t\t<\/div>\n\t\t\t<\/div>\n\t\t\t<\/div>\n<\/div>[vc_empty_space height=&#8221;80px&#8221;]<div class=\"eltd-section-title-holder clinicas_title \" >\n\t<div class=\"eltd-st-inner\">\n\t\t\t\t\t<h2 class=\"eltd-st-title\" >\n\t\t\t\tCl\u00ednicas de Doma racional\t\t\t<\/h2>\n\t\t\t\t<div class=\"eltd-separator-holder clearfix  eltd-separator-center \">\t<div class=\"eltd-separator\" ><\/div><\/div>\t\t\t<\/div>\n<\/div><div class=\"eltd-tours-list-holder eltd-tours-row eltd-normal-space  eltd-tours-columns-3 eltd-tours-type-standard\">\n\t\t\t<p>No tours match your criteria<\/p>\n\t\t<\/div>[\/vc_column][vc_column width=&#8221;1\/3&#8243;][vc_widget_sidebar sidebar_id=&#8221;destination-sidebar&#8221; el_class=&#8221;form&#8221;][\/vc_column][\/vc_row]<\/p>\n<\/div>","protected":false},"excerpt":{"rendered":"<p>[vc_row row_content_width=&#8221;grid&#8221; css=&#8221;.vc_custom_1628440611698{padding-bottom: 129px !important;}&#8221;][vc_column width=&#8221;2\/3&#8243; css=&#8221;.vc_custom_1521538610372{padding-top: 56px !important;padding-bottom: 20px !important;}&#8221;][vc_column_text] Doma racional Durante mucho tiempo prevaleci\u00f3 en la Argentina el tipo de doma tradicional. Los gauchos somet\u00edan a los caballos a un proceso brusco de domesticaci\u00f3n mediante el cual lo \u201cquebraban\u201d. Afortunadamente hoy en d\u00eda la tendencia se redirigi\u00f3 hacia la famosa doma racional o india. Al contrario del [&hellip;]<\/p>\n","protected":false},"author":2,"featured_media":5094,"parent":0,"menu_order":0,"comment_status":"closed","ping_status":"closed","template":"","meta":{"footnotes":""},"class_list":["post-3625","page","type-page","status-publish","has-post-thumbnail","hentry"],"yoast_head":"<!-- This site is optimized with the Yoast SEO plugin v27.4 - https:\/\/yoast.com\/product\/yoast-seo-wordpress\/ -->\n<title>Doma racional - Equus Argentina<\/title>\n<meta name=\"robots\" content=\"index, follow, max-snippet:-1, max-image-preview:large, max-video-preview:-1\" \/>\n<link rel=\"canonical\" href=\"https:\/\/www.equusargentina.com\/es\/doma-racional\/\" \/>\n<meta property=\"og:locale\" content=\"es_ES\" \/>\n<meta property=\"og:type\" content=\"article\" \/>\n<meta property=\"og:title\" content=\"Doma racional - Equus Argentina\" \/>\n<meta property=\"og:description\" content=\"[vc_row row_content_width=&#8221;grid&#8221; css=&#8221;.vc_custom_1628440611698{padding-bottom: 129px !important;}&#8221;][vc_column width=&#8221;2\/3&#8243; css=&#8221;.vc_custom_1521538610372{padding-top: 56px !important;padding-bottom: 20px !important;}&#8221;][vc_column_text] Doma racional Durante mucho tiempo prevaleci\u00f3 en la Argentina el tipo de doma tradicional. Los gauchos somet\u00edan a los caballos a un proceso brusco de domesticaci\u00f3n mediante el cual lo \u201cquebraban\u201d. Afortunadamente hoy en d\u00eda la tendencia se redirigi\u00f3 hacia la famosa doma racional o india. Al contrario del [&hellip;]\" \/>\n<meta property=\"og:url\" content=\"https:\/\/www.equusargentina.com\/es\/doma-racional\/\" \/>\n<meta property=\"og:site_name\" content=\"Equus Argentina\" \/>\n<meta property=\"article:modified_time\" content=\"2022-02-24T11:06:27+00:00\" \/>\n<meta property=\"og:image\" content=\"https:\/\/www.equusargentina.com\/wp-content\/uploads\/2021\/11\/a1cff535-bf83-43b3-ad2f-051be82fde0f_410x260.jpg\" \/>\n\t<meta property=\"og:image:width\" content=\"410\" \/>\n\t<meta property=\"og:image:height\" content=\"260\" \/>\n\t<meta property=\"og:image:type\" content=\"image\/jpeg\" \/>\n<meta name=\"twitter:card\" content=\"summary_large_image\" \/>\n<meta name=\"twitter:label1\" content=\"Tiempo de lectura\" \/>\n\t<meta name=\"twitter:data1\" content=\"2 minutos\" \/>\n<script type=\"application\/ld+json\" class=\"yoast-schema-graph\">{\"@context\":\"https:\\\/\\\/schema.org\",\"@graph\":[{\"@type\":\"WebPage\",\"@id\":\"https:\\\/\\\/www.equusargentina.com\\\/es\\\/doma-racional\\\/\",\"url\":\"https:\\\/\\\/www.equusargentina.com\\\/es\\\/doma-racional\\\/\",\"name\":\"Doma racional - Equus Argentina\",\"isPartOf\":{\"@id\":\"https:\\\/\\\/www.equusargentina.com\\\/#website\"},\"primaryImageOfPage\":{\"@id\":\"https:\\\/\\\/www.equusargentina.com\\\/es\\\/doma-racional\\\/#primaryimage\"},\"image\":{\"@id\":\"https:\\\/\\\/www.equusargentina.com\\\/es\\\/doma-racional\\\/#primaryimage\"},\"thumbnailUrl\":\"https:\\\/\\\/www.equusargentina.com\\\/wp-content\\\/uploads\\\/2021\\\/11\\\/a1cff535-bf83-43b3-ad2f-051be82fde0f_410x260.jpg\",\"datePublished\":\"2021-08-30T14:49:39+00:00\",\"dateModified\":\"2022-02-24T11:06:27+00:00\",\"breadcrumb\":{\"@id\":\"https:\\\/\\\/www.equusargentina.com\\\/es\\\/doma-racional\\\/#breadcrumb\"},\"inLanguage\":\"es-AR\",\"potentialAction\":[{\"@type\":\"ReadAction\",\"target\":[\"https:\\\/\\\/www.equusargentina.com\\\/es\\\/doma-racional\\\/\"]}]},{\"@type\":\"ImageObject\",\"inLanguage\":\"es-AR\",\"@id\":\"https:\\\/\\\/www.equusargentina.com\\\/es\\\/doma-racional\\\/#primaryimage\",\"url\":\"https:\\\/\\\/www.equusargentina.com\\\/wp-content\\\/uploads\\\/2021\\\/11\\\/a1cff535-bf83-43b3-ad2f-051be82fde0f_410x260.jpg\",\"contentUrl\":\"https:\\\/\\\/www.equusargentina.com\\\/wp-content\\\/uploads\\\/2021\\\/11\\\/a1cff535-bf83-43b3-ad2f-051be82fde0f_410x260.jpg\",\"width\":410,\"height\":260},{\"@type\":\"BreadcrumbList\",\"@id\":\"https:\\\/\\\/www.equusargentina.com\\\/es\\\/doma-racional\\\/#breadcrumb\",\"itemListElement\":[{\"@type\":\"ListItem\",\"position\":1,\"name\":\"Portada\",\"item\":\"https:\\\/\\\/www.equusargentina.com\\\/es\\\/\"},{\"@type\":\"ListItem\",\"position\":2,\"name\":\"Doma racional\"}]},{\"@type\":\"WebSite\",\"@id\":\"https:\\\/\\\/www.equusargentina.com\\\/#website\",\"url\":\"https:\\\/\\\/www.equusargentina.com\\\/\",\"name\":\"Equus Argentina\",\"description\":\"Unique &amp; Outstanding Horse Riding Experiences: where horse and rider became one\",\"potentialAction\":[{\"@type\":\"SearchAction\",\"target\":{\"@type\":\"EntryPoint\",\"urlTemplate\":\"https:\\\/\\\/www.equusargentina.com\\\/?s={search_term_string}\"},\"query-input\":{\"@type\":\"PropertyValueSpecification\",\"valueRequired\":true,\"valueName\":\"search_term_string\"}}],\"inLanguage\":\"es-AR\"}]}<\/script>\n<!-- \/ Yoast SEO plugin. -->","yoast_head_json":{"title":"Doma racional - Equus Argentina","robots":{"index":"index","follow":"follow","max-snippet":"max-snippet:-1","max-image-preview":"max-image-preview:large","max-video-preview":"max-video-preview:-1"},"canonical":"https:\/\/www.equusargentina.com\/es\/doma-racional\/","og_locale":"es_ES","og_type":"article","og_title":"Doma racional - Equus Argentina","og_description":"[vc_row row_content_width=&#8221;grid&#8221; css=&#8221;.vc_custom_1628440611698{padding-bottom: 129px !important;}&#8221;][vc_column width=&#8221;2\/3&#8243; css=&#8221;.vc_custom_1521538610372{padding-top: 56px !important;padding-bottom: 20px !important;}&#8221;][vc_column_text] Doma racional Durante mucho tiempo prevaleci\u00f3 en la Argentina el tipo de doma tradicional. Los gauchos somet\u00edan a los caballos a un proceso brusco de domesticaci\u00f3n mediante el cual lo \u201cquebraban\u201d. Afortunadamente hoy en d\u00eda la tendencia se redirigi\u00f3 hacia la famosa doma racional o india. Al contrario del [&hellip;]","og_url":"https:\/\/www.equusargentina.com\/es\/doma-racional\/","og_site_name":"Equus Argentina","article_modified_time":"2022-02-24T11:06:27+00:00","og_image":[{"width":410,"height":260,"url":"https:\/\/www.equusargentina.com\/wp-content\/uploads\/2021\/11\/a1cff535-bf83-43b3-ad2f-051be82fde0f_410x260.jpg","type":"image\/jpeg"}],"twitter_card":"summary_large_image","twitter_misc":{"Tiempo de lectura":"2 minutos"},"schema":{"@context":"https:\/\/schema.org","@graph":[{"@type":"WebPage","@id":"https:\/\/www.equusargentina.com\/es\/doma-racional\/","url":"https:\/\/www.equusargentina.com\/es\/doma-racional\/","name":"Doma racional - Equus Argentina","isPartOf":{"@id":"https:\/\/www.equusargentina.com\/#website"},"primaryImageOfPage":{"@id":"https:\/\/www.equusargentina.com\/es\/doma-racional\/#primaryimage"},"image":{"@id":"https:\/\/www.equusargentina.com\/es\/doma-racional\/#primaryimage"},"thumbnailUrl":"https:\/\/www.equusargentina.com\/wp-content\/uploads\/2021\/11\/a1cff535-bf83-43b3-ad2f-051be82fde0f_410x260.jpg","datePublished":"2021-08-30T14:49:39+00:00","dateModified":"2022-02-24T11:06:27+00:00","breadcrumb":{"@id":"https:\/\/www.equusargentina.com\/es\/doma-racional\/#breadcrumb"},"inLanguage":"es-AR","potentialAction":[{"@type":"ReadAction","target":["https:\/\/www.equusargentina.com\/es\/doma-racional\/"]}]},{"@type":"ImageObject","inLanguage":"es-AR","@id":"https:\/\/www.equusargentina.com\/es\/doma-racional\/#primaryimage","url":"https:\/\/www.equusargentina.com\/wp-content\/uploads\/2021\/11\/a1cff535-bf83-43b3-ad2f-051be82fde0f_410x260.jpg","contentUrl":"https:\/\/www.equusargentina.com\/wp-content\/uploads\/2021\/11\/a1cff535-bf83-43b3-ad2f-051be82fde0f_410x260.jpg","width":410,"height":260},{"@type":"BreadcrumbList","@id":"https:\/\/www.equusargentina.com\/es\/doma-racional\/#breadcrumb","itemListElement":[{"@type":"ListItem","position":1,"name":"Portada","item":"https:\/\/www.equusargentina.com\/es\/"},{"@type":"ListItem","position":2,"name":"Doma racional"}]},{"@type":"WebSite","@id":"https:\/\/www.equusargentina.com\/#website","url":"https:\/\/www.equusargentina.com\/","name":"Equus Argentina","description":"Unique &amp; Outstanding Horse Riding Experiences: where horse and rider became one","potentialAction":[{"@type":"SearchAction","target":{"@type":"EntryPoint","urlTemplate":"https:\/\/www.equusargentina.com\/?s={search_term_string}"},"query-input":{"@type":"PropertyValueSpecification","valueRequired":true,"valueName":"search_term_string"}}],"inLanguage":"es-AR"}]}},"_links":{"self":[{"href":"https:\/\/www.equusargentina.com\/es\/wp-json\/wp\/v2\/pages\/3625","targetHints":{"allow":["GET"]}}],"collection":[{"href":"https:\/\/www.equusargentina.com\/es\/wp-json\/wp\/v2\/pages"}],"about":[{"href":"https:\/\/www.equusargentina.com\/es\/wp-json\/wp\/v2\/types\/page"}],"author":[{"embeddable":true,"href":"https:\/\/www.equusargentina.com\/es\/wp-json\/wp\/v2\/users\/2"}],"replies":[{"embeddable":true,"href":"https:\/\/www.equusargentina.com\/es\/wp-json\/wp\/v2\/comments?post=3625"}],"version-history":[{"count":8,"href":"https:\/\/www.equusargentina.com\/es\/wp-json\/wp\/v2\/pages\/3625\/revisions"}],"predecessor-version":[{"id":4290,"href":"https:\/\/www.equusargentina.com\/es\/wp-json\/wp\/v2\/pages\/3625\/revisions\/4290"}],"wp:featuredmedia":[{"embeddable":true,"href":"https:\/\/www.equusargentina.com\/es\/wp-json\/wp\/v2\/media\/5094"}],"wp:attachment":[{"href":"https:\/\/www.equusargentina.com\/es\/wp-json\/wp\/v2\/media?parent=3625"}],"curies":[{"name":"wp","href":"https:\/\/api.w.org\/{rel}","templated":true}]}}