{"id":3245,"date":"2021-08-08T13:09:46","date_gmt":"2021-08-08T13:09:46","guid":{"rendered":"http:\/\/c2240179.ferozo.com\/?page_id=3245"},"modified":"2022-02-22T22:19:39","modified_gmt":"2022-02-22T22:19:39","slug":"destinos","status":"publish","type":"page","link":"https:\/\/www.equusargentina.com\/es\/destinos\/","title":{"rendered":"Destinos"},"content":{"rendered":"<div class=\"wpb-content-wrapper\"><p>[vc_row css=&#8221;.vc_custom_1628429482680{padding-top: 70px !important;padding-bottom: 50px !important;}&#8221;][vc_column]<div class=\"eltd-section-title-holder title  text-align-center\" style=\"text-align: center\">\n\t<div class=\"eltd-st-inner\">\n\t\t\t\t\t<h1 class=\"eltd-st-title\" >\n\t\t\t\tDestinos\t\t\t<\/h1>\n\t\t\t\t<div class=\"eltd-separator-holder clearfix  eltd-separator-center \">\t<div class=\"eltd-separator\" ><\/div><\/div>\t\t\t<\/div>\n<\/div>[vc_column_text css=&#8221;.vc_custom_1634411202059{padding-right: 15px !important;padding-left: 15px !important;}&#8221;]<\/p>\n<p style=\"text-text-align: justify;\">EQUUS ARGENTINA ha explorado e investigado cada rinc\u00f3n de la Argentina a fin de poder ofrecer las mejores cabalgatas y experiencias ecuestres del pa\u00eds. Argentina es un pa\u00eds de gran extensi\u00f3n y gran variedad de paisajes es por ello que lo hemos dividido en distintas regiones geogr\u00e1ficas. Les proponemos explorar a trav\u00e9s de nuestra p\u00e1gina los circuitos tur\u00edsticos que ofrece para que dejen volar su imaginaci\u00f3n y se dejen llevar a cada uno de estos paisajes. EQUUS ARGENTINA se encarga de hacer realidad sus sue\u00f1os.<\/p>\n<p style=\"text-text-align: justify;\">Los destinos seleccionados se basan en la oferta tur\u00edstica, gastron\u00f3mica y ecuestre que ofrece cada regi\u00f3n. Seleccionamos estancias cuyos due\u00f1os se dedican a la cr\u00eda de caballos, ellos comparten nuestra pasi\u00f3n y se encargan de que est\u00e9n bien cuidados; hoteles que permiten tener una experiencia con la naturaleza, vivir la gastronom\u00eda local y que ofrecen servicios de la m\u00e1s alta calidad.<\/p>\n<p style=\"text-text-align: justify;\">Es nuestro compromiso y misi\u00f3n poder dar a conocer lugares \u00fanicos para recorrer a caballo y la oportunidad de realizar cl\u00ednicas tanto de polo, endurance y salto. As\u00ed, no solo ayudamos a quienes se dedican a los caballos sino que a la vez damos al viajero la oportunidad de realmente conocer la Argentina de una manera m\u00e1s profunda y diferente.<\/p>\n<p>[\/vc_column_text][\/vc_column][\/vc_row][vc_row row_content_width=&#8221;grid&#8221; stroked_line=&#8221;no&#8221; content_width=&#8221;grid&#8221;][vc_column overlapping_image_animation=&#8221;no&#8221; overlapping_image_center=&#8221;no&#8221; overlapping_image_disable=&#8221;no&#8221; offset=&#8221;vc_col-lg-6 vc_col-md-12 vc_col-xs-12&#8243;]<div class=\"eltd-banner-holder  eltd-visible-on-default eltd-banner-info-default\">\n    <div class=\"eltd-banner-image\">\n        <img loading=\"lazy\" decoding=\"async\" width=\"800\" height=\"443\" src=\"https:\/\/www.equusargentina.com\/wp-content\/uploads\/2021\/08\/patagonia-norte-equus-argentina.jpg\" class=\"attachment-full size-full\" alt=\"\" srcset=\"https:\/\/www.equusargentina.com\/wp-content\/uploads\/2021\/08\/patagonia-norte-equus-argentina.jpg 800w, https:\/\/www.equusargentina.com\/wp-content\/uploads\/2021\/08\/patagonia-norte-equus-argentina-300x166.jpg 300w, https:\/\/www.equusargentina.com\/wp-content\/uploads\/2021\/08\/patagonia-norte-equus-argentina-768x425.jpg 768w\" sizes=\"auto, (max-width: 800px) 100vw, 800px\" \/>    <\/div>\n    <div class=\"eltd-banner-text-holder\" >\n\t    <div class=\"eltd-banner-text-outer\">\n\t\t    <div class=\"eltd-banner-text-inner\">\n\t\t        \t\t        \t\t            <h2 class=\"eltd-banner-title\" style=\"color: #ffffff\">\n\t\t                Patagonia Norte\t                <\/h2>\n\t\t        \t\t\t\t\t\t\t<\/div>\n\t\t<\/div>\n\t<\/div>\n\t        <a itemprop=\"url\" class=\"eltd-banner-link\" href=\"https:\/\/www.equusargentina.com\/es\/destinations\/patagonia-norte\/\" target=\"_self\"><\/a>\n    <\/div>[vc_empty_space height=&#8221;30px&#8221;][\/vc_column][vc_column overlapping_image_animation=&#8221;no&#8221; overlapping_image_center=&#8221;no&#8221; overlapping_image_disable=&#8221;no&#8221; offset=&#8221;vc_col-lg-6 vc_col-md-12 vc_col-xs-12&#8243;]<div class=\"eltd-banner-holder  eltd-visible-on-default eltd-banner-info-default\">\n    <div class=\"eltd-banner-image\">\n        <img loading=\"lazy\" decoding=\"async\" width=\"800\" height=\"443\" src=\"https:\/\/www.equusargentina.com\/wp-content\/uploads\/2021\/10\/patagonia-sur-equus-argentina.jpg\" class=\"attachment-full size-full\" alt=\"\" srcset=\"https:\/\/www.equusargentina.com\/wp-content\/uploads\/2021\/10\/patagonia-sur-equus-argentina.jpg 800w, https:\/\/www.equusargentina.com\/wp-content\/uploads\/2021\/10\/patagonia-sur-equus-argentina-300x166.jpg 300w, https:\/\/www.equusargentina.com\/wp-content\/uploads\/2021\/10\/patagonia-sur-equus-argentina-768x425.jpg 768w\" sizes=\"auto, (max-width: 800px) 100vw, 800px\" \/>    <\/div>\n    <div class=\"eltd-banner-text-holder\" >\n\t    <div class=\"eltd-banner-text-outer\">\n\t\t    <div class=\"eltd-banner-text-inner\">\n\t\t        \t\t        \t\t            <h2 class=\"eltd-banner-title\" style=\"color: #ffffff\">\n\t\t                Patagonia Sur\t                <\/h2>\n\t\t        \t\t\t\t\t\t\t<\/div>\n\t\t<\/div>\n\t<\/div>\n\t        <a itemprop=\"url\" class=\"eltd-banner-link\" href=\"https:\/\/www.equusargentina.com\/es\/destinations\/patagonia-sur\/\" target=\"_self\"><\/a>\n    <\/div>[vc_empty_space height=&#8221;30px&#8221;][\/vc_column][\/vc_row][vc_row row_content_width=&#8221;grid&#8221; stroked_line=&#8221;no&#8221; content_width=&#8221;grid&#8221;][vc_column overlapping_image_animation=&#8221;no&#8221; overlapping_image_center=&#8221;no&#8221; overlapping_image_disable=&#8221;no&#8221; offset=&#8221;vc_col-lg-6 vc_col-md-12 vc_col-xs-12&#8243;]<div class=\"eltd-banner-holder  eltd-visible-on-default eltd-banner-info-default\">\n    <div class=\"eltd-banner-image\">\n        <img loading=\"lazy\" decoding=\"async\" width=\"800\" height=\"443\" src=\"https:\/\/www.equusargentina.com\/wp-content\/uploads\/2021\/08\/corrientes-litoral-equus-argentina.jpg\" class=\"attachment-full size-full\" alt=\"\" srcset=\"https:\/\/www.equusargentina.com\/wp-content\/uploads\/2021\/08\/corrientes-litoral-equus-argentina.jpg 800w, https:\/\/www.equusargentina.com\/wp-content\/uploads\/2021\/08\/corrientes-litoral-equus-argentina-300x166.jpg 300w, https:\/\/www.equusargentina.com\/wp-content\/uploads\/2021\/08\/corrientes-litoral-equus-argentina-768x425.jpg 768w\" sizes=\"auto, (max-width: 800px) 100vw, 800px\" \/>    <\/div>\n    <div class=\"eltd-banner-text-holder\" >\n\t    <div class=\"eltd-banner-text-outer\">\n\t\t    <div class=\"eltd-banner-text-inner\">\n\t\t        \t\t        \t\t            <h2 class=\"eltd-banner-title\" style=\"color: #ffffff\">\n\t\t                Mesopotamia\t                <\/h2>\n\t\t        \t\t\t\t\t\t\t<\/div>\n\t\t<\/div>\n\t<\/div>\n\t        <a itemprop=\"url\" class=\"eltd-banner-link\" href=\"https:\/\/www.equusargentina.com\/es\/destinations\/mesopotamia\/\" target=\"_self\"><\/a>\n    <\/div>[vc_empty_space height=&#8221;30px&#8221;][\/vc_column][vc_column overlapping_image_animation=&#8221;no&#8221; overlapping_image_center=&#8221;no&#8221; overlapping_image_disable=&#8221;no&#8221; offset=&#8221;vc_col-lg-6 vc_col-md-12 vc_col-xs-12&#8243;]<div class=\"eltd-banner-holder  eltd-visible-on-default eltd-banner-info-default\">\n    <div class=\"eltd-banner-image\">\n        <img loading=\"lazy\" decoding=\"async\" width=\"800\" height=\"443\" src=\"https:\/\/www.equusargentina.com\/wp-content\/uploads\/2021\/08\/jujuy-norte-argentino-equus-argentina.jpg\" class=\"attachment-full size-full\" alt=\"\" srcset=\"https:\/\/www.equusargentina.com\/wp-content\/uploads\/2021\/08\/jujuy-norte-argentino-equus-argentina.jpg 800w, https:\/\/www.equusargentina.com\/wp-content\/uploads\/2021\/08\/jujuy-norte-argentino-equus-argentina-300x166.jpg 300w, https:\/\/www.equusargentina.com\/wp-content\/uploads\/2021\/08\/jujuy-norte-argentino-equus-argentina-768x425.jpg 768w\" sizes=\"auto, (max-width: 800px) 100vw, 800px\" \/>    <\/div>\n    <div class=\"eltd-banner-text-holder\" >\n\t    <div class=\"eltd-banner-text-outer\">\n\t\t    <div class=\"eltd-banner-text-inner\">\n\t\t        \t\t        \t\t            <h2 class=\"eltd-banner-title\" style=\"color: #ffffff\">\n\t\t                Norte Argentino\t                <\/h2>\n\t\t        \t\t\t\t\t\t\t<\/div>\n\t\t<\/div>\n\t<\/div>\n\t        <a itemprop=\"url\" class=\"eltd-banner-link\" href=\"https:\/\/www.equusargentina.com\/es\/destinations\/norte-argentino\/\" target=\"_self\"><\/a>\n    <\/div>[vc_empty_space height=&#8221;30px&#8221;][\/vc_column][\/vc_row][vc_row row_content_width=&#8221;grid&#8221; stroked_line=&#8221;no&#8221; content_width=&#8221;grid&#8221;][vc_column overlapping_image_animation=&#8221;no&#8221; overlapping_image_center=&#8221;no&#8221; overlapping_image_disable=&#8221;no&#8221; offset=&#8221;vc_col-lg-6 vc_col-md-12 vc_col-xs-12&#8243;]<div class=\"eltd-banner-holder  eltd-visible-on-default eltd-banner-info-default\">\n    <div class=\"eltd-banner-image\">\n        <img loading=\"lazy\" decoding=\"async\" width=\"800\" height=\"443\" src=\"https:\/\/www.equusargentina.com\/wp-content\/uploads\/2021\/10\/cuyo-equus-argentina.jpg\" class=\"attachment-full size-full\" alt=\"\" srcset=\"https:\/\/www.equusargentina.com\/wp-content\/uploads\/2021\/10\/cuyo-equus-argentina.jpg 800w, https:\/\/www.equusargentina.com\/wp-content\/uploads\/2021\/10\/cuyo-equus-argentina-300x166.jpg 300w, https:\/\/www.equusargentina.com\/wp-content\/uploads\/2021\/10\/cuyo-equus-argentina-768x425.jpg 768w\" sizes=\"auto, (max-width: 800px) 100vw, 800px\" \/>    <\/div>\n    <div class=\"eltd-banner-text-holder\" >\n\t    <div class=\"eltd-banner-text-outer\">\n\t\t    <div class=\"eltd-banner-text-inner\">\n\t\t        \t\t        \t\t            <h2 class=\"eltd-banner-title\" style=\"color: #ffffff\">\n\t\t                Cuyo\t                <\/h2>\n\t\t        \t\t\t\t\t\t\t<\/div>\n\t\t<\/div>\n\t<\/div>\n\t        <a itemprop=\"url\" class=\"eltd-banner-link\" href=\"https:\/\/www.equusargentina.com\/es\/destinations\/cuyo\/\" target=\"_self\"><\/a>\n    <\/div>[vc_empty_space height=&#8221;40px&#8221;][\/vc_column][vc_column overlapping_image_animation=&#8221;no&#8221; overlapping_image_center=&#8221;no&#8221; overlapping_image_disable=&#8221;no&#8221; offset=&#8221;vc_col-lg-6 vc_col-md-12 vc_col-xs-12&#8243;]<div class=\"eltd-banner-holder  eltd-visible-on-default eltd-banner-info-default\">\n    <div class=\"eltd-banner-image\">\n        <img loading=\"lazy\" decoding=\"async\" width=\"800\" height=\"443\" src=\"https:\/\/www.equusargentina.com\/wp-content\/uploads\/2021\/10\/pampas-equus-argentina.jpg\" class=\"attachment-full size-full\" alt=\"\" srcset=\"https:\/\/www.equusargentina.com\/wp-content\/uploads\/2021\/10\/pampas-equus-argentina.jpg 800w, https:\/\/www.equusargentina.com\/wp-content\/uploads\/2021\/10\/pampas-equus-argentina-300x166.jpg 300w, https:\/\/www.equusargentina.com\/wp-content\/uploads\/2021\/10\/pampas-equus-argentina-768x425.jpg 768w\" sizes=\"auto, (max-width: 800px) 100vw, 800px\" \/>    <\/div>\n    <div class=\"eltd-banner-text-holder\" >\n\t    <div class=\"eltd-banner-text-outer\">\n\t\t    <div class=\"eltd-banner-text-inner\">\n\t\t        \t\t        \t\t            <h2 class=\"eltd-banner-title\" style=\"color: #ffffff\">\n\t\t                Pampas\t                <\/h2>\n\t\t        \t\t\t\t\t\t\t<\/div>\n\t\t<\/div>\n\t<\/div>\n\t        <a itemprop=\"url\" class=\"eltd-banner-link\" href=\"https:\/\/www.equusargentina.com\/es\/destinations\/pampas\/\" target=\"_self\"><\/a>\n    <\/div>[vc_empty_space height=&#8221;40px&#8221;][\/vc_column][\/vc_row][vc_row row_content_width=&#8221;grid&#8221; stroked_line=&#8221;no&#8221; content_width=&#8221;grid&#8221; css=&#8221;.vc_custom_1645568375852{padding-bottom: 110px !important;}&#8221;][vc_column overlapping_image_animation=&#8221;no&#8221; overlapping_image_center=&#8221;no&#8221; overlapping_image_disable=&#8221;no&#8221; offset=&#8221;vc_col-lg-6 vc_col-md-12 vc_col-xs-12&#8243;]<div class=\"eltd-banner-holder  eltd-visible-on-default eltd-banner-info-default\">\n    <div class=\"eltd-banner-image\">\n        <img loading=\"lazy\" decoding=\"async\" width=\"800\" height=\"443\" src=\"https:\/\/www.equusargentina.com\/wp-content\/uploads\/2022\/02\/sierras-equus-argentina-1.jpg\" class=\"attachment-full size-full\" alt=\"\" srcset=\"https:\/\/www.equusargentina.com\/wp-content\/uploads\/2022\/02\/sierras-equus-argentina-1.jpg 800w, https:\/\/www.equusargentina.com\/wp-content\/uploads\/2022\/02\/sierras-equus-argentina-1-300x166.jpg 300w, https:\/\/www.equusargentina.com\/wp-content\/uploads\/2022\/02\/sierras-equus-argentina-1-768x425.jpg 768w\" sizes=\"auto, (max-width: 800px) 100vw, 800px\" \/>    <\/div>\n    <div class=\"eltd-banner-text-holder\" >\n\t    <div class=\"eltd-banner-text-outer\">\n\t\t    <div class=\"eltd-banner-text-inner\">\n\t\t        \t\t        \t\t            <h2 class=\"eltd-banner-title\" style=\"color: #ffffff\">\n\t\t                Sierras\t                <\/h2>\n\t\t        \t\t\t\t\t\t\t<\/div>\n\t\t<\/div>\n\t<\/div>\n\t        <a itemprop=\"url\" class=\"eltd-banner-link\" href=\"https:\/\/www.equusargentina.com\/es\/destinations\/sierras\/\" target=\"_self\"><\/a>\n    <\/div>[vc_empty_space height=&#8221;30px&#8221;][\/vc_column][\/vc_row]<\/p>\n<\/div>","protected":false},"excerpt":{"rendered":"<p>[vc_row css=&#8221;.vc_custom_1628429482680{padding-top: 70px !important;padding-bottom: 50px !important;}&#8221;][vc_column][vc_column_text css=&#8221;.vc_custom_1634411202059{padding-right: 15px !important;padding-left: 15px !important;}&#8221;] EQUUS ARGENTINA ha explorado e investigado cada rinc\u00f3n de la Argentina a fin de poder ofrecer las mejores cabalgatas y experiencias ecuestres del pa\u00eds. Argentina es un pa\u00eds de gran extensi\u00f3n y gran variedad de paisajes es por ello que lo hemos dividido en distintas regiones geogr\u00e1ficas. Les proponemos [&hellip;]<\/p>\n","protected":false},"author":2,"featured_media":0,"parent":0,"menu_order":0,"comment_status":"closed","ping_status":"closed","template":"","meta":{"footnotes":""},"class_list":["post-3245","page","type-page","status-publish","hentry"],"yoast_head":"<!-- This site is optimized with the Yoast SEO plugin v27.4 - https:\/\/yoast.com\/product\/yoast-seo-wordpress\/ -->\n<title>Destinos - Equus Argentina<\/title>\n<meta name=\"robots\" content=\"index, follow, max-snippet:-1, max-image-preview:large, max-video-preview:-1\" \/>\n<link rel=\"canonical\" href=\"https:\/\/www.equusargentina.com\/es\/destinos\/\" \/>\n<meta property=\"og:locale\" content=\"es_ES\" \/>\n<meta property=\"og:type\" content=\"article\" \/>\n<meta property=\"og:title\" content=\"Destinos - Equus Argentina\" \/>\n<meta property=\"og:description\" content=\"[vc_row css=&#8221;.vc_custom_1628429482680{padding-top: 70px !important;padding-bottom: 50px !important;}&#8221;][vc_column][vc_column_text css=&#8221;.vc_custom_1634411202059{padding-right: 15px !important;padding-left: 15px !important;}&#8221;] EQUUS ARGENTINA ha explorado e investigado cada rinc\u00f3n de la Argentina a fin de poder ofrecer las mejores cabalgatas y experiencias ecuestres del pa\u00eds. Argentina es un pa\u00eds de gran extensi\u00f3n y gran variedad de paisajes es por ello que lo hemos dividido en distintas regiones geogr\u00e1ficas. Les proponemos [&hellip;]\" \/>\n<meta property=\"og:url\" content=\"https:\/\/www.equusargentina.com\/es\/destinos\/\" \/>\n<meta property=\"og:site_name\" content=\"Equus Argentina\" \/>\n<meta property=\"article:modified_time\" content=\"2022-02-22T22:19:39+00:00\" \/>\n<meta name=\"twitter:card\" content=\"summary_large_image\" \/>\n<meta name=\"twitter:label1\" content=\"Tiempo de lectura\" \/>\n\t<meta name=\"twitter:data1\" content=\"2 minutos\" \/>\n<script type=\"application\/ld+json\" class=\"yoast-schema-graph\">{\"@context\":\"https:\\\/\\\/schema.org\",\"@graph\":[{\"@type\":\"WebPage\",\"@id\":\"https:\\\/\\\/www.equusargentina.com\\\/es\\\/destinos\\\/\",\"url\":\"https:\\\/\\\/www.equusargentina.com\\\/es\\\/destinos\\\/\",\"name\":\"Destinos - Equus Argentina\",\"isPartOf\":{\"@id\":\"https:\\\/\\\/www.equusargentina.com\\\/#website\"},\"datePublished\":\"2021-08-08T13:09:46+00:00\",\"dateModified\":\"2022-02-22T22:19:39+00:00\",\"breadcrumb\":{\"@id\":\"https:\\\/\\\/www.equusargentina.com\\\/es\\\/destinos\\\/#breadcrumb\"},\"inLanguage\":\"es-AR\",\"potentialAction\":[{\"@type\":\"ReadAction\",\"target\":[\"https:\\\/\\\/www.equusargentina.com\\\/es\\\/destinos\\\/\"]}]},{\"@type\":\"BreadcrumbList\",\"@id\":\"https:\\\/\\\/www.equusargentina.com\\\/es\\\/destinos\\\/#breadcrumb\",\"itemListElement\":[{\"@type\":\"ListItem\",\"position\":1,\"name\":\"Portada\",\"item\":\"https:\\\/\\\/www.equusargentina.com\\\/es\\\/\"},{\"@type\":\"ListItem\",\"position\":2,\"name\":\"Destinos\"}]},{\"@type\":\"WebSite\",\"@id\":\"https:\\\/\\\/www.equusargentina.com\\\/#website\",\"url\":\"https:\\\/\\\/www.equusargentina.com\\\/\",\"name\":\"Equus Argentina\",\"description\":\"Unique &amp; Outstanding Horse Riding Experiences: where horse and rider became one\",\"potentialAction\":[{\"@type\":\"SearchAction\",\"target\":{\"@type\":\"EntryPoint\",\"urlTemplate\":\"https:\\\/\\\/www.equusargentina.com\\\/?s={search_term_string}\"},\"query-input\":{\"@type\":\"PropertyValueSpecification\",\"valueRequired\":true,\"valueName\":\"search_term_string\"}}],\"inLanguage\":\"es-AR\"}]}<\/script>\n<!-- \/ Yoast SEO plugin. -->","yoast_head_json":{"title":"Destinos - Equus Argentina","robots":{"index":"index","follow":"follow","max-snippet":"max-snippet:-1","max-image-preview":"max-image-preview:large","max-video-preview":"max-video-preview:-1"},"canonical":"https:\/\/www.equusargentina.com\/es\/destinos\/","og_locale":"es_ES","og_type":"article","og_title":"Destinos - Equus Argentina","og_description":"[vc_row css=&#8221;.vc_custom_1628429482680{padding-top: 70px !important;padding-bottom: 50px !important;}&#8221;][vc_column][vc_column_text css=&#8221;.vc_custom_1634411202059{padding-right: 15px !important;padding-left: 15px !important;}&#8221;] EQUUS ARGENTINA ha explorado e investigado cada rinc\u00f3n de la Argentina a fin de poder ofrecer las mejores cabalgatas y experiencias ecuestres del pa\u00eds. Argentina es un pa\u00eds de gran extensi\u00f3n y gran variedad de paisajes es por ello que lo hemos dividido en distintas regiones geogr\u00e1ficas. Les proponemos [&hellip;]","og_url":"https:\/\/www.equusargentina.com\/es\/destinos\/","og_site_name":"Equus Argentina","article_modified_time":"2022-02-22T22:19:39+00:00","twitter_card":"summary_large_image","twitter_misc":{"Tiempo de lectura":"2 minutos"},"schema":{"@context":"https:\/\/schema.org","@graph":[{"@type":"WebPage","@id":"https:\/\/www.equusargentina.com\/es\/destinos\/","url":"https:\/\/www.equusargentina.com\/es\/destinos\/","name":"Destinos - Equus Argentina","isPartOf":{"@id":"https:\/\/www.equusargentina.com\/#website"},"datePublished":"2021-08-08T13:09:46+00:00","dateModified":"2022-02-22T22:19:39+00:00","breadcrumb":{"@id":"https:\/\/www.equusargentina.com\/es\/destinos\/#breadcrumb"},"inLanguage":"es-AR","potentialAction":[{"@type":"ReadAction","target":["https:\/\/www.equusargentina.com\/es\/destinos\/"]}]},{"@type":"BreadcrumbList","@id":"https:\/\/www.equusargentina.com\/es\/destinos\/#breadcrumb","itemListElement":[{"@type":"ListItem","position":1,"name":"Portada","item":"https:\/\/www.equusargentina.com\/es\/"},{"@type":"ListItem","position":2,"name":"Destinos"}]},{"@type":"WebSite","@id":"https:\/\/www.equusargentina.com\/#website","url":"https:\/\/www.equusargentina.com\/","name":"Equus Argentina","description":"Unique &amp; Outstanding Horse Riding Experiences: where horse and rider became one","potentialAction":[{"@type":"SearchAction","target":{"@type":"EntryPoint","urlTemplate":"https:\/\/www.equusargentina.com\/?s={search_term_string}"},"query-input":{"@type":"PropertyValueSpecification","valueRequired":true,"valueName":"search_term_string"}}],"inLanguage":"es-AR"}]}},"_links":{"self":[{"href":"https:\/\/www.equusargentina.com\/es\/wp-json\/wp\/v2\/pages\/3245","targetHints":{"allow":["GET"]}}],"collection":[{"href":"https:\/\/www.equusargentina.com\/es\/wp-json\/wp\/v2\/pages"}],"about":[{"href":"https:\/\/www.equusargentina.com\/es\/wp-json\/wp\/v2\/types\/page"}],"author":[{"embeddable":true,"href":"https:\/\/www.equusargentina.com\/es\/wp-json\/wp\/v2\/users\/2"}],"replies":[{"embeddable":true,"href":"https:\/\/www.equusargentina.com\/es\/wp-json\/wp\/v2\/comments?post=3245"}],"version-history":[{"count":28,"href":"https:\/\/www.equusargentina.com\/es\/wp-json\/wp\/v2\/pages\/3245\/revisions"}],"predecessor-version":[{"id":5461,"href":"https:\/\/www.equusargentina.com\/es\/wp-json\/wp\/v2\/pages\/3245\/revisions\/5461"}],"wp:attachment":[{"href":"https:\/\/www.equusargentina.com\/es\/wp-json\/wp\/v2\/media?parent=3245"}],"curies":[{"name":"wp","href":"https:\/\/api.w.org\/{rel}","templated":true}]}}