{"id":3170,"date":"2021-08-02T02:49:18","date_gmt":"2021-08-02T02:49:18","guid":{"rendered":"http:\/\/c2240179.ferozo.com\/?page_id=3170"},"modified":"2021-10-15T16:04:20","modified_gmt":"2021-10-15T16:04:20","slug":"mas-que-una-agencia-de-viajes","status":"publish","type":"page","link":"https:\/\/www.equusargentina.com\/es\/mas-que-una-agencia-de-viajes\/","title":{"rendered":"M\u00e1s que una agencia de viajes"},"content":{"rendered":"<div class=\"wpb-content-wrapper\"><p>[vc_section][vc_row simple_background_color=&#8221;#fbfbfc&#8221; el_class=&#8221;guia&#8221;][vc_column width=&#8221;9\/12&#8243; css=&#8221;.vc_custom_1627852885123{padding-top: 60px !important;padding-right: 80px !important;padding-left: 30px !important;}&#8221; el_class=&#8221;contn&#8221;]<div class=\"eltd-section-title-holder title_h1  text-align-center\" style=\"text-align: center\">\n\t<div class=\"eltd-st-inner\">\n\t\t\t\t\t<h1 class=\"eltd-st-title\" >\n\t\t\t\tM\u00e1s que una agencia de viajes\t\t\t<\/h1>\n\t\t\t\t<div class=\"eltd-separator-holder clearfix  eltd-separator-center \">\t<div class=\"eltd-separator\" ><\/div><\/div>\t\t\t<\/div>\n<\/div>[vc_column_text]<\/p>\n<p style=\"text-align: justify;\">Nosotras tambi\u00e9n compartimos con ustedes el amor por los caballos y los viajes y esa es nuestra mayor fortaleza; por ello entendemos todas las necesidades de nuestros clientes a la hora de planificar un viaje ecuestre. Al momento de seleccionar los lugares que ofrecemos lo primero en lo que nos fijamos es el estado de los caballos; los cuidados que reciben; cu\u00e1n bien entrenados est\u00e1n; la seguridad de los caminos y las pistas; adem\u00e1s de las comodidades que ofrece cada lugar.<\/p>\n<p>[\/vc_column_text][vc_column_inner css=&#8221;.vc_custom_1627835963049{padding-top: 50px !important;}&#8221;][vc_empty_space height=&#8221;100px&#8221;][\/vc_column_inner][\/vc_column][vc_column width=&#8221;3\/12&#8243; css=&#8221;.vc_custom_1627855744014{padding-left: 50px !important;}&#8221; el_class=&#8221;navigation_menu&#8221;][vc_wp_custommenu nav_menu=&#8221;74&#8243; title=&#8221;Equus Argentina&#8221;][vc_separator css=&#8221;.vc_custom_1627856272759{padding-bottom: 15px !important;}&#8221;][vc_wp_custommenu nav_menu=&#8221;75&#8243; title=&#8221;C\u00f3mo reservar&#8221;][\/vc_column][\/vc_row][\/vc_section]<\/p>\n<\/div>","protected":false},"excerpt":{"rendered":"<p>[vc_section][vc_row simple_background_color=&#8221;#fbfbfc&#8221; el_class=&#8221;guia&#8221;][vc_column width=&#8221;9\/12&#8243; css=&#8221;.vc_custom_1627852885123{padding-top: 60px !important;padding-right: 80px !important;padding-left: 30px !important;}&#8221; el_class=&#8221;contn&#8221;][vc_column_text] Nosotras tambi\u00e9n compartimos con ustedes el amor por los caballos y los viajes y esa es nuestra mayor fortaleza; por ello entendemos todas las necesidades de nuestros clientes a la hora de planificar un viaje ecuestre. Al momento de seleccionar los lugares que ofrecemos lo primero en lo [&hellip;]<\/p>\n","protected":false},"author":2,"featured_media":0,"parent":0,"menu_order":0,"comment_status":"closed","ping_status":"closed","template":"","meta":{"footnotes":""},"class_list":["post-3170","page","type-page","status-publish","hentry"],"yoast_head":"<!-- This site is optimized with the Yoast SEO plugin v27.3 - https:\/\/yoast.com\/product\/yoast-seo-wordpress\/ -->\n<title>M\u00e1s que una agencia de viajes - Equus Argentina<\/title>\n<meta name=\"robots\" content=\"index, follow, max-snippet:-1, max-image-preview:large, max-video-preview:-1\" \/>\n<link rel=\"canonical\" href=\"https:\/\/www.equusargentina.com\/es\/mas-que-una-agencia-de-viajes\/\" \/>\n<meta property=\"og:locale\" content=\"es_ES\" \/>\n<meta property=\"og:type\" content=\"article\" \/>\n<meta property=\"og:title\" content=\"M\u00e1s que una agencia de viajes - Equus Argentina\" \/>\n<meta property=\"og:description\" content=\"[vc_section][vc_row simple_background_color=&#8221;#fbfbfc&#8221; el_class=&#8221;guia&#8221;][vc_column width=&#8221;9\/12&#8243; css=&#8221;.vc_custom_1627852885123{padding-top: 60px !important;padding-right: 80px !important;padding-left: 30px !important;}&#8221; el_class=&#8221;contn&#8221;][vc_column_text] Nosotras tambi\u00e9n compartimos con ustedes el amor por los caballos y los viajes y esa es nuestra mayor fortaleza; por ello entendemos todas las necesidades de nuestros clientes a la hora de planificar un viaje ecuestre. Al momento de seleccionar los lugares que ofrecemos lo primero en lo [&hellip;]\" \/>\n<meta property=\"og:url\" content=\"https:\/\/www.equusargentina.com\/es\/mas-que-una-agencia-de-viajes\/\" \/>\n<meta property=\"og:site_name\" content=\"Equus Argentina\" \/>\n<meta property=\"article:modified_time\" content=\"2021-10-15T16:04:20+00:00\" \/>\n<meta name=\"twitter:card\" content=\"summary_large_image\" \/>\n<meta name=\"twitter:label1\" content=\"Tiempo de lectura\" \/>\n\t<meta name=\"twitter:data1\" content=\"1 minuto\" \/>\n<script type=\"application\/ld+json\" class=\"yoast-schema-graph\">{\"@context\":\"https:\\\/\\\/schema.org\",\"@graph\":[{\"@type\":\"WebPage\",\"@id\":\"https:\\\/\\\/www.equusargentina.com\\\/es\\\/mas-que-una-agencia-de-viajes\\\/\",\"url\":\"https:\\\/\\\/www.equusargentina.com\\\/es\\\/mas-que-una-agencia-de-viajes\\\/\",\"name\":\"M\u00e1s que una agencia de viajes - Equus Argentina\",\"isPartOf\":{\"@id\":\"https:\\\/\\\/www.equusargentina.com\\\/#website\"},\"datePublished\":\"2021-08-02T02:49:18+00:00\",\"dateModified\":\"2021-10-15T16:04:20+00:00\",\"breadcrumb\":{\"@id\":\"https:\\\/\\\/www.equusargentina.com\\\/es\\\/mas-que-una-agencia-de-viajes\\\/#breadcrumb\"},\"inLanguage\":\"es-AR\",\"potentialAction\":[{\"@type\":\"ReadAction\",\"target\":[\"https:\\\/\\\/www.equusargentina.com\\\/es\\\/mas-que-una-agencia-de-viajes\\\/\"]}]},{\"@type\":\"BreadcrumbList\",\"@id\":\"https:\\\/\\\/www.equusargentina.com\\\/es\\\/mas-que-una-agencia-de-viajes\\\/#breadcrumb\",\"itemListElement\":[{\"@type\":\"ListItem\",\"position\":1,\"name\":\"Portada\",\"item\":\"https:\\\/\\\/www.equusargentina.com\\\/es\\\/\"},{\"@type\":\"ListItem\",\"position\":2,\"name\":\"M\u00e1s que una agencia de viajes\"}]},{\"@type\":\"WebSite\",\"@id\":\"https:\\\/\\\/www.equusargentina.com\\\/#website\",\"url\":\"https:\\\/\\\/www.equusargentina.com\\\/\",\"name\":\"Equus Argentina\",\"description\":\"Unique &amp; Outstanding Horse Riding Experiences: where horse and rider became one\",\"potentialAction\":[{\"@type\":\"SearchAction\",\"target\":{\"@type\":\"EntryPoint\",\"urlTemplate\":\"https:\\\/\\\/www.equusargentina.com\\\/?s={search_term_string}\"},\"query-input\":{\"@type\":\"PropertyValueSpecification\",\"valueRequired\":true,\"valueName\":\"search_term_string\"}}],\"inLanguage\":\"es-AR\"}]}<\/script>\n<!-- \/ Yoast SEO plugin. -->","yoast_head_json":{"title":"M\u00e1s que una agencia de viajes - Equus Argentina","robots":{"index":"index","follow":"follow","max-snippet":"max-snippet:-1","max-image-preview":"max-image-preview:large","max-video-preview":"max-video-preview:-1"},"canonical":"https:\/\/www.equusargentina.com\/es\/mas-que-una-agencia-de-viajes\/","og_locale":"es_ES","og_type":"article","og_title":"M\u00e1s que una agencia de viajes - Equus Argentina","og_description":"[vc_section][vc_row simple_background_color=&#8221;#fbfbfc&#8221; el_class=&#8221;guia&#8221;][vc_column width=&#8221;9\/12&#8243; css=&#8221;.vc_custom_1627852885123{padding-top: 60px !important;padding-right: 80px !important;padding-left: 30px !important;}&#8221; el_class=&#8221;contn&#8221;][vc_column_text] Nosotras tambi\u00e9n compartimos con ustedes el amor por los caballos y los viajes y esa es nuestra mayor fortaleza; por ello entendemos todas las necesidades de nuestros clientes a la hora de planificar un viaje ecuestre. Al momento de seleccionar los lugares que ofrecemos lo primero en lo [&hellip;]","og_url":"https:\/\/www.equusargentina.com\/es\/mas-que-una-agencia-de-viajes\/","og_site_name":"Equus Argentina","article_modified_time":"2021-10-15T16:04:20+00:00","twitter_card":"summary_large_image","twitter_misc":{"Tiempo de lectura":"1 minuto"},"schema":{"@context":"https:\/\/schema.org","@graph":[{"@type":"WebPage","@id":"https:\/\/www.equusargentina.com\/es\/mas-que-una-agencia-de-viajes\/","url":"https:\/\/www.equusargentina.com\/es\/mas-que-una-agencia-de-viajes\/","name":"M\u00e1s que una agencia de viajes - Equus Argentina","isPartOf":{"@id":"https:\/\/www.equusargentina.com\/#website"},"datePublished":"2021-08-02T02:49:18+00:00","dateModified":"2021-10-15T16:04:20+00:00","breadcrumb":{"@id":"https:\/\/www.equusargentina.com\/es\/mas-que-una-agencia-de-viajes\/#breadcrumb"},"inLanguage":"es-AR","potentialAction":[{"@type":"ReadAction","target":["https:\/\/www.equusargentina.com\/es\/mas-que-una-agencia-de-viajes\/"]}]},{"@type":"BreadcrumbList","@id":"https:\/\/www.equusargentina.com\/es\/mas-que-una-agencia-de-viajes\/#breadcrumb","itemListElement":[{"@type":"ListItem","position":1,"name":"Portada","item":"https:\/\/www.equusargentina.com\/es\/"},{"@type":"ListItem","position":2,"name":"M\u00e1s que una agencia de viajes"}]},{"@type":"WebSite","@id":"https:\/\/www.equusargentina.com\/#website","url":"https:\/\/www.equusargentina.com\/","name":"Equus Argentina","description":"Unique &amp; Outstanding Horse Riding Experiences: where horse and rider became one","potentialAction":[{"@type":"SearchAction","target":{"@type":"EntryPoint","urlTemplate":"https:\/\/www.equusargentina.com\/?s={search_term_string}"},"query-input":{"@type":"PropertyValueSpecification","valueRequired":true,"valueName":"search_term_string"}}],"inLanguage":"es-AR"}]}},"_links":{"self":[{"href":"https:\/\/www.equusargentina.com\/es\/wp-json\/wp\/v2\/pages\/3170","targetHints":{"allow":["GET"]}}],"collection":[{"href":"https:\/\/www.equusargentina.com\/es\/wp-json\/wp\/v2\/pages"}],"about":[{"href":"https:\/\/www.equusargentina.com\/es\/wp-json\/wp\/v2\/types\/page"}],"author":[{"embeddable":true,"href":"https:\/\/www.equusargentina.com\/es\/wp-json\/wp\/v2\/users\/2"}],"replies":[{"embeddable":true,"href":"https:\/\/www.equusargentina.com\/es\/wp-json\/wp\/v2\/comments?post=3170"}],"version-history":[{"count":10,"href":"https:\/\/www.equusargentina.com\/es\/wp-json\/wp\/v2\/pages\/3170\/revisions"}],"predecessor-version":[{"id":4235,"href":"https:\/\/www.equusargentina.com\/es\/wp-json\/wp\/v2\/pages\/3170\/revisions\/4235"}],"wp:attachment":[{"href":"https:\/\/www.equusargentina.com\/es\/wp-json\/wp\/v2\/media?parent=3170"}],"curies":[{"name":"wp","href":"https:\/\/api.w.org\/{rel}","templated":true}]}}