{"id":3079,"date":"2021-08-01T16:26:15","date_gmt":"2021-08-01T16:26:15","guid":{"rendered":"http:\/\/c2240179.ferozo.com\/?page_id=3079"},"modified":"2022-03-24T13:16:39","modified_gmt":"2022-03-24T13:16:39","slug":"preguntas-frecuentes","status":"publish","type":"page","link":"https:\/\/www.equusargentina.com\/es\/preguntas-frecuentes\/","title":{"rendered":"Preguntas frecuentes"},"content":{"rendered":"<div class=\"wpb-content-wrapper\"><p>[vc_section][vc_row simple_background_color=&#8221;#fbfbfc&#8221; el_class=&#8221;guia&#8221;][vc_column width=&#8221;9\/12&#8243; css=&#8221;.vc_custom_1627852885123{padding-top: 60px !important;padding-right: 80px !important;padding-left: 30px !important;}&#8221; el_class=&#8221;contn&#8221;]<div class=\"eltd-section-title-holder title_h1  text-align-center\" style=\"text-align: center\">\n\t<div class=\"eltd-st-inner\">\n\t\t\t\t\t<h1 class=\"eltd-st-title\" >\n\t\t\t\tPreguntas frecuentes\t\t\t<\/h1>\n\t\t\t\t<div class=\"eltd-separator-holder clearfix  eltd-separator-center \">\t<div class=\"eltd-separator\" ><\/div><\/div>\t\t\t<\/div>\n<\/div>[vc_row_inner][vc_column_inner][vc_column_inner css=&#8221;.vc_custom_1627835963049{padding-top: 50px !important;}&#8221;]<\/p>\n<div class=\"eltd-accordion-holder eltd-ac-default  eltd-accordion eltd-ac-simple  clearfix\">\n\t\n<h5 class=\"eltd-accordion-title\">\n    <span class=\"eltd-accordion-mark\">\n\t\t<span class=\"eltd_icon_plus lnr lnr-chevron-down\"><span class=\"lnr lnr-chevron-down\"><\/span><\/span>\n\t\t<span class=\"eltd_icon_minus lnr lnr-chevron-up\"><span class=\"lnr lnr-chevron-up\"><\/span><\/span>\n\t<\/span>\n\t<span class=\"eltd-tab-title\">\u00bfNecesito experiencia para realizar una cabalgata con EQUUS ARGENTINA?<\/span>\n<\/h5>\n<div class=\"eltd-accordion-content\">\n\t<div class=\"eltd-accordion-content-inner\">\n\t\t[vc_column_text]<\/p>\n<p class=\"p1\">Si bien EQUUS ARGENTINA se dedica a asesorar y armar viajes especializados para profesionales y amateurs del mundo ecuestre, no necesariamente se necesita experiencia previa para realizar alguna de nuestras cabalgatas ya que quienes trabajan con nosotros tienen caballos para todos los niveles y son amantes de este deporte, por lo tanto ellos se preocupan por ense\u00f1ar a los pasajeros como manejar un caballo, de forma que cada uno pueda tener una experiencia real con el caballo. Nuestra principal filosof\u00eda es esa: TENER UNA VERDADERA EXPERIENCIA ECUESTRE, conectar con el caballo y poder transmitir nuestra pasi\u00f3n por este deporte. De todas formas, si bien no se necesita una experiencia previa para realizar cualquiera de nuestras cabalgatas nosotros aconsejamos tomar un paquete de clases de equitaci\u00f3n previo a realizar una cabalgata.<\/p>\n<p>[\/vc_column_text]<br \/>\n\t<\/div>\n<\/div>\n<h5 class=\"eltd-accordion-title\">\n    <span class=\"eltd-accordion-mark\">\n\t\t<span class=\"eltd_icon_plus lnr lnr-chevron-down\"><span class=\"lnr lnr-chevron-down\"><\/span><\/span>\n\t\t<span class=\"eltd_icon_minus lnr lnr-chevron-up\"><span class=\"lnr lnr-chevron-up\"><\/span><\/span>\n\t<\/span>\n\t<span class=\"eltd-tab-title\">\u00bfD\u00f3nde puedo tomar un paquete de clases de equitaci\u00f3n si soy principiante?<\/span>\n<\/h5>\n<div class=\"eltd-accordion-content\">\n\t<div class=\"eltd-accordion-content-inner\">\n\t\t[vc_column_text]<\/p>\n<p class=\"p1\">Desde EQUUS ARGENTINA recomendamos a todos nuestros clientes que sean principiantes y deseen hacer un viaje a caballo tomar clases previamente; de esta forma se familiarizan con el caballo y ganar\u00e1n confianza a la hora de realizar el viaje a fin de disfrutar la experiencia al m\u00e1ximo. Tomar clases de equitaci\u00f3n les brindar\u00e1 las herramientas necesarias para poder manejar y controlar su caballo, adem\u00e1s cuando montamos utilizamos m\u00fasculos que usualmente no los usamos haciendo otras actividades, por eso al tomar clases de equitaci\u00f3n adem\u00e1s de aprender sobre el manejo del caballo tambi\u00e9n se aprende a utilizar nuestro cuerpo y los m\u00fasculos. Contamos con paquetes de clases cortos, orientados a aprender a manejar el caballo para cabalgatas y se encuentran cerca de Buenos Aires. Durante los mismos adem\u00e1s aprender\u00e1n a ensillar y desensillar, poner cabezadas, y cuidados b\u00e1sicos del caballo.<\/p>\n<p>[\/vc_column_text]<br \/>\n\t<\/div>\n<\/div>\n<h5 class=\"eltd-accordion-title\">\n    <span class=\"eltd-accordion-mark\">\n\t\t<span class=\"eltd_icon_plus lnr lnr-chevron-down\"><span class=\"lnr lnr-chevron-down\"><\/span><\/span>\n\t\t<span class=\"eltd_icon_minus lnr lnr-chevron-up\"><span class=\"lnr lnr-chevron-up\"><\/span><\/span>\n\t<\/span>\n\t<span class=\"eltd-tab-title\">\u00bfQu\u00e9 documentos se necesitan para entrar a la Argentina?<\/span>\n<\/h5>\n<div class=\"eltd-accordion-content\">\n\t<div class=\"eltd-accordion-content-inner\">\n\t\t[vc_column_text]<\/p>\n<p class=\"p1\">En l\u00edneas generales Argentina no requiere ninguna visa de turista para visitar el pa\u00eds, s\u00f3lo en casos muy particulares se requiere visa, como por ejemplo aquellos pasajeros que provengan de Nigeria. S\u00f3lo basta con tener el pasaporte al d\u00eda. De todas formas desde COVID 19 en algunas ocasiones se pide visa, y en este caso desde EQUUS ARGENTINA nos encargamos de realizar todos los tr\u00e1mites necesarios para poder obtener la visa de turista.<\/p>\n<p>[\/vc_column_text]<br \/>\n\t<\/div>\n<\/div>\n<h5 class=\"eltd-accordion-title\">\n    <span class=\"eltd-accordion-mark\">\n\t\t<span class=\"eltd_icon_plus lnr lnr-chevron-down\"><span class=\"lnr lnr-chevron-down\"><\/span><\/span>\n\t\t<span class=\"eltd_icon_minus lnr lnr-chevron-up\"><span class=\"lnr lnr-chevron-up\"><\/span><\/span>\n\t<\/span>\n\t<span class=\"eltd-tab-title\">\u00bfQu\u00e9 medidas contra el COVID 19 toman para realizar esta experiencia?<\/span>\n<\/h5>\n<div class=\"eltd-accordion-content\">\n\t<div class=\"eltd-accordion-content-inner\">\n\t\t[vc_column_text]<\/p>\n<p class=\"p1\">Cualquier actividad ecuestre se lleva a cabo al aire libre por lo cual las posibilidades de contagio disminuyen en un gran porcentaje. Los destinos de cabalgatas y nuestros centros de entrenamiento se encuentran ubicados en lugares lejos de los grandes conglomerados de gente en donde no hay grandes focos de contagio. De todas formas las actividades se realizan con barbijo y en todo momento se utiliza el alcohol en gel para higienizar las manos.<\/p>\n<p>[\/vc_column_text]<br \/>\n\t<\/div>\n<\/div>\n<h5 class=\"eltd-accordion-title\">\n    <span class=\"eltd-accordion-mark\">\n\t\t<span class=\"eltd_icon_plus lnr lnr-chevron-down\"><span class=\"lnr lnr-chevron-down\"><\/span><\/span>\n\t\t<span class=\"eltd_icon_minus lnr lnr-chevron-up\"><span class=\"lnr lnr-chevron-up\"><\/span><\/span>\n\t<\/span>\n\t<span class=\"eltd-tab-title\">\u00bfPuedo participar de torneos de polo, competencias de salto y carreras de Endurance en Argentina?<\/span>\n<\/h5>\n<div class=\"eltd-accordion-content\">\n\t<div class=\"eltd-accordion-content-inner\">\n\t\t[vc_column_text]<\/p>\n<p class=\"p1\">S\u00ed. Siendo extranjeros se puede participar de todas las competencias en sus distintas disciplinas. Si se trata de competencias internas o entrenamientos no es necesario estar inscriptos en ninguna asociaci\u00f3n reguladora. Sin embargo EQUUS ARGENTINA recomienda a sus clientes inscribirse provisoriamente en la Asociaci\u00f3n de Polo Argentina y\/o Federaci\u00f3n Ecuestre Argentina seg\u00fan corresponda ya que al hacerlo dichas asociaciones les otorgan un seguro de accidentes ante cualquier eventualidad.<\/p>\n<p class=\"p1\">Polo: se necesita sacar un handicap provisorio en la AAP (Asociaci\u00f3n Argentina de Polo) para poder jugar torneos de la AAP y torneos internos de cada club. EQUUS ARGENTINA se encarga de realizar este tr\u00e1mite para sus clientes.<\/p>\n<p class=\"p1\">Endurance: en Argentina existen carreras de distintas categor\u00edas, a saber: Novicios (entrenamientos de 40 y 80 km para caballos nuevos), Nacionales (carreras de 80, 100 y 120 km) y FEI (carreras de categor\u00eda internacional). Para cualquiera de estas carreras tanto jinetes como caballos deben estar federados en la FEA (Federaci\u00f3n Ecuestre Argentina). \u00a1EQUIS ARGENTINA hace este tr\u00e1mite por ustedes!<\/p>\n<p>[\/vc_column_text]<br \/>\n\t<\/div>\n<\/div>\n<h5 class=\"eltd-accordion-title\">\n    <span class=\"eltd-accordion-mark\">\n\t\t<span class=\"eltd_icon_plus lnr lnr-chevron-down\"><span class=\"lnr lnr-chevron-down\"><\/span><\/span>\n\t\t<span class=\"eltd_icon_minus lnr lnr-chevron-up\"><span class=\"lnr lnr-chevron-up\"><\/span><\/span>\n\t<\/span>\n\t<span class=\"eltd-tab-title\">\u00bfPuedo comprar caballos a trav\u00e9s de EQUUS ARGENTINA?<\/span>\n<\/h5>\n<div class=\"eltd-accordion-content\">\n\t<div class=\"eltd-accordion-content-inner\">\n\t\t[vc_column_text]<\/p>\n<p class=\"p1\"> S\u00ed. Comprar caballos en Argentina presenta una gran oportunidad para quienes viven en el exterior ya que es uno de los grandes productores de renombre del mundo sobre todo en caballos de polo. Adem\u00e1s hay muy buenos criadores de caballos de salto y de endurance, y los valores son mucho m\u00e1s bajos de los de el exterior, incluso teniendo en cuenta el valor del pasaje del caballo. EQUUS ARGENTINA propone la opci\u00f3n de seleccionar caballos para probar y alquilar en caso de querer participar de competiciones y luego se encarga de realizar el correcto control veterinario y exportarlos al pa\u00eds que sea necesario a trav\u00e9s de la exportadora JOSA LOGISTIC (http:\/\/www.josalogistic.com\/animales_vivos.htm).\n <\/p>\n<p>[\/vc_column_text]<br \/>\n\t<\/div>\n<\/div>\n<h5 class=\"eltd-accordion-title\">\n    <span class=\"eltd-accordion-mark\">\n\t\t<span class=\"eltd_icon_plus lnr lnr-chevron-down\"><span class=\"lnr lnr-chevron-down\"><\/span><\/span>\n\t\t<span class=\"eltd_icon_minus lnr lnr-chevron-up\"><span class=\"lnr lnr-chevron-up\"><\/span><\/span>\n\t<\/span>\n\t<span class=\"eltd-tab-title\">\u00bfQu\u00e9 necesito llevar para mi viaje?<\/span>\n<\/h5>\n<div class=\"eltd-accordion-content\">\n\t<div class=\"eltd-accordion-content-inner\">\n\t\t[vc_column_text]<\/p>\n<p class=\"p1\">Si sos un jinete experimentado seguramente te sientas c\u00f3modo llevando tu equipo de montar (polainas, botas, casco, tacos en caso de jugar al polo, guantes). Si usted no quiere llevar equipaje tambi\u00e9n est\u00e1 la posibilidad de comprar en Argentina, ya que hay muy buena oferta de productos, sobre todo si se trata de cueros. Ofrecemos la opci\u00f3n de realizar un d\u00eda de shopping ecuestre llev\u00e1ndolo a conocer las mejores tiendas para comprar botas, tacos, riendas, embocaduras, mandiles, monturas y ropa para montar. Click en OTROS PROGRAMAS PARA REALIZAR.<\/p>\n<p class=\"p1\">De todas maneras, los destinos con los que trabaja EQUUS Argentina cuentan con equipos propios para realizar las cabalgatas por lo que no es necesario llevar uno.<\/p>\n<p>[\/vc_column_text]<br \/>\n\t<\/div>\n<\/div>\n<h5 class=\"eltd-accordion-title\">\n    <span class=\"eltd-accordion-mark\">\n\t\t<span class=\"eltd_icon_plus lnr lnr-chevron-down\"><span class=\"lnr lnr-chevron-down\"><\/span><\/span>\n\t\t<span class=\"eltd_icon_minus lnr lnr-chevron-up\"><span class=\"lnr lnr-chevron-up\"><\/span><\/span>\n\t<\/span>\n\t<span class=\"eltd-tab-title\">\u00bfC\u00f3mo son los medios de transporte en Argentina?<\/span>\n<\/h5>\n<div class=\"eltd-accordion-content\">\n\t<div class=\"eltd-accordion-content-inner\">\n\t\t[vc_column_text]<\/p>\n<p class=\"p1\">Argentina cuenta con varios aeropuertos, sin embargo hay un s\u00f3lo Aeropuerto Internacional (Ministro Pistarini, en la localidad de Ezeiza, a unos 40 minutos de Capital Federal). Desde este aeropuerto salen vuelos a todo el mundo y tambi\u00e9n a todos los destinos de la Argentina. Tambi\u00e9n se encuentra el Aeropuerto de Aeroparque para vuelos dom\u00e9sticos ubicado en la Ciudad de Buenos Aires. Para largas distancias es recomendable transportarse en avi\u00f3n.<\/p>\n<p class=\"p1\">Hay varias l\u00edneas de ferrocarril en Argentina pero las mismas est\u00e1n m\u00e1s dise\u00f1adas para moverse dentro de la ciudad de Buenos Aires y la provincia que para largas distancias.<\/p>\n<p class=\"p1\">Otra forma de viajar largas distancias es en Autob\u00fas, aunque deber\u00edan tener en cuenta que Argentina es un pa\u00eds con una extensi\u00f3n de 3800 km de norte a sur y de 1400 km de este a oeste, por lo que los viajes de larga distancia suelen ser de entre 10 a 20 horas.<br \/>\nLas rutas en l\u00edneas generales son muy seguras y recorrerlas en auto es una de las mejores formas de conocer el pa\u00eds. No se necesita un registro de conducir internacional para manejar.<\/p>\n<p class=\"p1\">EQUUS ARGENTINA a trav\u00e9s de Equinoxe se encarga de la compra de tickets de avi\u00f3n para llegar a la Argentina como tambi\u00e9n para volar a los distintos destinos del pa\u00eds. Todos nuestros paquetes incluyen transfers privados.<\/p>\n<p>[\/vc_column_text]<br \/>\n\t<\/div>\n<\/div>\n<h5 class=\"eltd-accordion-title\">\n    <span class=\"eltd-accordion-mark\">\n\t\t<span class=\"eltd_icon_plus lnr lnr-chevron-down\"><span class=\"lnr lnr-chevron-down\"><\/span><\/span>\n\t\t<span class=\"eltd_icon_minus lnr lnr-chevron-up\"><span class=\"lnr lnr-chevron-up\"><\/span><\/span>\n\t<\/span>\n\t<span class=\"eltd-tab-title\">\u00bfQu\u00e9 tipo de caballos se utilizan para las cabalgatas?<\/span>\n<\/h5>\n<div class=\"eltd-accordion-content\">\n\t<div class=\"eltd-accordion-content-inner\">\n\t\t[vc_column_text]<\/p>\n<p class=\"p1\">El caballo Criollo es la raza nativa de Argentina. Es un caballo descendiente del espa\u00f1ol y que con el paso del tiempo se ha hecho una raza muy r\u00fastica y noble, ideal para realizar largas marchas y para el trabajo con ganado. La cruza entre caballos puros de carreras y caballos criollos es en l\u00edneas generales de donde viene el caballo polo argentino. Para las cabalgatas se usan caballos criollos, caballos de polo, cruzas de caballo criollo con caballos de polo y con purasangres o \u00e1rabes. En la mayor\u00eda de los establecimientos pueden encontrar varias de estas cruzas, por lo que las opciones para elegir un buen caballo para realizar la cabalgata son varias y var\u00edan de acuerdo al gusto de cada cliente.<\/p>\n<p>[\/vc_column_text]<br \/>\n\t<\/div>\n<\/div>\n<p><\/div>[\/vc_column_inner][\/vc_row_inner][\/vc_column][vc_column width=&#8221;3\/12&#8243; css=&#8221;.vc_custom_1627855744014{padding-left: 50px !important;}&#8221; el_class=&#8221;navigation_menu&#8221;][vc_wp_custommenu nav_menu=&#8221;74&#8243; title=&#8221;Equus Argentina&#8221;][vc_separator css=&#8221;.vc_custom_1627856272759{padding-bottom: 15px !important;}&#8221;][vc_wp_custommenu nav_menu=&#8221;75&#8243; title=&#8221;C\u00f3mo reservar&#8221;][\/vc_column][\/vc_row][\/vc_section]<\/p>\n<\/div>","protected":false},"excerpt":{"rendered":"<p>[vc_section][vc_row simple_background_color=&#8221;#fbfbfc&#8221; el_class=&#8221;guia&#8221;][vc_column width=&#8221;9\/12&#8243; css=&#8221;.vc_custom_1627852885123{padding-top: 60px !important;padding-right: 80px !important;padding-left: 30px !important;}&#8221; el_class=&#8221;contn&#8221;][vc_row_inner][vc_column_inner][vc_column_inner css=&#8221;.vc_custom_1627835963049{padding-top: 50px !important;}&#8221;] [\/vc_column_inner][\/vc_row_inner][\/vc_column][vc_column width=&#8221;3\/12&#8243; css=&#8221;.vc_custom_1627855744014{padding-left: 50px !important;}&#8221; el_class=&#8221;navigation_menu&#8221;][vc_wp_custommenu nav_menu=&#8221;74&#8243; title=&#8221;Equus Argentina&#8221;][vc_separator css=&#8221;.vc_custom_1627856272759{padding-bottom: 15px !important;}&#8221;][vc_wp_custommenu nav_menu=&#8221;75&#8243; title=&#8221;C\u00f3mo reservar&#8221;][\/vc_column][\/vc_row][\/vc_section]<\/p>\n","protected":false},"author":2,"featured_media":0,"parent":0,"menu_order":0,"comment_status":"closed","ping_status":"closed","template":"","meta":{"footnotes":""},"class_list":["post-3079","page","type-page","status-publish","hentry"],"yoast_head":"<!-- This site is optimized with the Yoast SEO plugin v27.3 - https:\/\/yoast.com\/product\/yoast-seo-wordpress\/ -->\n<title>Preguntas frecuentes - Equus Argentina<\/title>\n<meta name=\"robots\" content=\"index, follow, max-snippet:-1, max-image-preview:large, max-video-preview:-1\" \/>\n<link rel=\"canonical\" href=\"https:\/\/www.equusargentina.com\/es\/preguntas-frecuentes\/\" \/>\n<meta property=\"og:locale\" content=\"es_ES\" \/>\n<meta property=\"og:type\" content=\"article\" \/>\n<meta property=\"og:title\" content=\"Preguntas frecuentes - Equus Argentina\" \/>\n<meta property=\"og:description\" content=\"[vc_section][vc_row simple_background_color=&#8221;#fbfbfc&#8221; el_class=&#8221;guia&#8221;][vc_column width=&#8221;9\/12&#8243; css=&#8221;.vc_custom_1627852885123{padding-top: 60px !important;padding-right: 80px !important;padding-left: 30px !important;}&#8221; el_class=&#8221;contn&#8221;][vc_row_inner][vc_column_inner][vc_column_inner css=&#8221;.vc_custom_1627835963049{padding-top: 50px !important;}&#8221;] [\/vc_column_inner][\/vc_row_inner][\/vc_column][vc_column width=&#8221;3\/12&#8243; css=&#8221;.vc_custom_1627855744014{padding-left: 50px !important;}&#8221; el_class=&#8221;navigation_menu&#8221;][vc_wp_custommenu nav_menu=&#8221;74&#8243; title=&#8221;Equus Argentina&#8221;][vc_separator css=&#8221;.vc_custom_1627856272759{padding-bottom: 15px !important;}&#8221;][vc_wp_custommenu nav_menu=&#8221;75&#8243; title=&#8221;C\u00f3mo reservar&#8221;][\/vc_column][\/vc_row][\/vc_section]\" \/>\n<meta property=\"og:url\" content=\"https:\/\/www.equusargentina.com\/es\/preguntas-frecuentes\/\" \/>\n<meta property=\"og:site_name\" content=\"Equus Argentina\" \/>\n<meta property=\"article:modified_time\" content=\"2022-03-24T13:16:39+00:00\" \/>\n<meta name=\"twitter:card\" content=\"summary_large_image\" \/>\n<meta name=\"twitter:label1\" content=\"Tiempo de lectura\" \/>\n\t<meta name=\"twitter:data1\" content=\"1 minuto\" \/>\n<script type=\"application\/ld+json\" class=\"yoast-schema-graph\">{\"@context\":\"https:\\\/\\\/schema.org\",\"@graph\":[{\"@type\":\"WebPage\",\"@id\":\"https:\\\/\\\/www.equusargentina.com\\\/es\\\/preguntas-frecuentes\\\/\",\"url\":\"https:\\\/\\\/www.equusargentina.com\\\/es\\\/preguntas-frecuentes\\\/\",\"name\":\"Preguntas frecuentes - Equus Argentina\",\"isPartOf\":{\"@id\":\"https:\\\/\\\/www.equusargentina.com\\\/#website\"},\"datePublished\":\"2021-08-01T16:26:15+00:00\",\"dateModified\":\"2022-03-24T13:16:39+00:00\",\"breadcrumb\":{\"@id\":\"https:\\\/\\\/www.equusargentina.com\\\/es\\\/preguntas-frecuentes\\\/#breadcrumb\"},\"inLanguage\":\"es-AR\",\"potentialAction\":[{\"@type\":\"ReadAction\",\"target\":[\"https:\\\/\\\/www.equusargentina.com\\\/es\\\/preguntas-frecuentes\\\/\"]}]},{\"@type\":\"BreadcrumbList\",\"@id\":\"https:\\\/\\\/www.equusargentina.com\\\/es\\\/preguntas-frecuentes\\\/#breadcrumb\",\"itemListElement\":[{\"@type\":\"ListItem\",\"position\":1,\"name\":\"Portada\",\"item\":\"https:\\\/\\\/www.equusargentina.com\\\/es\\\/\"},{\"@type\":\"ListItem\",\"position\":2,\"name\":\"Preguntas frecuentes\"}]},{\"@type\":\"WebSite\",\"@id\":\"https:\\\/\\\/www.equusargentina.com\\\/#website\",\"url\":\"https:\\\/\\\/www.equusargentina.com\\\/\",\"name\":\"Equus Argentina\",\"description\":\"Unique &amp; Outstanding Horse Riding Experiences: where horse and rider became one\",\"potentialAction\":[{\"@type\":\"SearchAction\",\"target\":{\"@type\":\"EntryPoint\",\"urlTemplate\":\"https:\\\/\\\/www.equusargentina.com\\\/?s={search_term_string}\"},\"query-input\":{\"@type\":\"PropertyValueSpecification\",\"valueRequired\":true,\"valueName\":\"search_term_string\"}}],\"inLanguage\":\"es-AR\"}]}<\/script>\n<!-- \/ Yoast SEO plugin. -->","yoast_head_json":{"title":"Preguntas frecuentes - Equus Argentina","robots":{"index":"index","follow":"follow","max-snippet":"max-snippet:-1","max-image-preview":"max-image-preview:large","max-video-preview":"max-video-preview:-1"},"canonical":"https:\/\/www.equusargentina.com\/es\/preguntas-frecuentes\/","og_locale":"es_ES","og_type":"article","og_title":"Preguntas frecuentes - Equus Argentina","og_description":"[vc_section][vc_row simple_background_color=&#8221;#fbfbfc&#8221; el_class=&#8221;guia&#8221;][vc_column width=&#8221;9\/12&#8243; css=&#8221;.vc_custom_1627852885123{padding-top: 60px !important;padding-right: 80px !important;padding-left: 30px !important;}&#8221; el_class=&#8221;contn&#8221;][vc_row_inner][vc_column_inner][vc_column_inner css=&#8221;.vc_custom_1627835963049{padding-top: 50px !important;}&#8221;] [\/vc_column_inner][\/vc_row_inner][\/vc_column][vc_column width=&#8221;3\/12&#8243; css=&#8221;.vc_custom_1627855744014{padding-left: 50px !important;}&#8221; el_class=&#8221;navigation_menu&#8221;][vc_wp_custommenu nav_menu=&#8221;74&#8243; title=&#8221;Equus Argentina&#8221;][vc_separator css=&#8221;.vc_custom_1627856272759{padding-bottom: 15px !important;}&#8221;][vc_wp_custommenu nav_menu=&#8221;75&#8243; title=&#8221;C\u00f3mo reservar&#8221;][\/vc_column][\/vc_row][\/vc_section]","og_url":"https:\/\/www.equusargentina.com\/es\/preguntas-frecuentes\/","og_site_name":"Equus Argentina","article_modified_time":"2022-03-24T13:16:39+00:00","twitter_card":"summary_large_image","twitter_misc":{"Tiempo de lectura":"1 minuto"},"schema":{"@context":"https:\/\/schema.org","@graph":[{"@type":"WebPage","@id":"https:\/\/www.equusargentina.com\/es\/preguntas-frecuentes\/","url":"https:\/\/www.equusargentina.com\/es\/preguntas-frecuentes\/","name":"Preguntas frecuentes - Equus Argentina","isPartOf":{"@id":"https:\/\/www.equusargentina.com\/#website"},"datePublished":"2021-08-01T16:26:15+00:00","dateModified":"2022-03-24T13:16:39+00:00","breadcrumb":{"@id":"https:\/\/www.equusargentina.com\/es\/preguntas-frecuentes\/#breadcrumb"},"inLanguage":"es-AR","potentialAction":[{"@type":"ReadAction","target":["https:\/\/www.equusargentina.com\/es\/preguntas-frecuentes\/"]}]},{"@type":"BreadcrumbList","@id":"https:\/\/www.equusargentina.com\/es\/preguntas-frecuentes\/#breadcrumb","itemListElement":[{"@type":"ListItem","position":1,"name":"Portada","item":"https:\/\/www.equusargentina.com\/es\/"},{"@type":"ListItem","position":2,"name":"Preguntas frecuentes"}]},{"@type":"WebSite","@id":"https:\/\/www.equusargentina.com\/#website","url":"https:\/\/www.equusargentina.com\/","name":"Equus Argentina","description":"Unique &amp; Outstanding Horse Riding Experiences: where horse and rider became one","potentialAction":[{"@type":"SearchAction","target":{"@type":"EntryPoint","urlTemplate":"https:\/\/www.equusargentina.com\/?s={search_term_string}"},"query-input":{"@type":"PropertyValueSpecification","valueRequired":true,"valueName":"search_term_string"}}],"inLanguage":"es-AR"}]}},"_links":{"self":[{"href":"https:\/\/www.equusargentina.com\/es\/wp-json\/wp\/v2\/pages\/3079","targetHints":{"allow":["GET"]}}],"collection":[{"href":"https:\/\/www.equusargentina.com\/es\/wp-json\/wp\/v2\/pages"}],"about":[{"href":"https:\/\/www.equusargentina.com\/es\/wp-json\/wp\/v2\/types\/page"}],"author":[{"embeddable":true,"href":"https:\/\/www.equusargentina.com\/es\/wp-json\/wp\/v2\/users\/2"}],"replies":[{"embeddable":true,"href":"https:\/\/www.equusargentina.com\/es\/wp-json\/wp\/v2\/comments?post=3079"}],"version-history":[{"count":16,"href":"https:\/\/www.equusargentina.com\/es\/wp-json\/wp\/v2\/pages\/3079\/revisions"}],"predecessor-version":[{"id":5660,"href":"https:\/\/www.equusargentina.com\/es\/wp-json\/wp\/v2\/pages\/3079\/revisions\/5660"}],"wp:attachment":[{"href":"https:\/\/www.equusargentina.com\/es\/wp-json\/wp\/v2\/media?parent=3079"}],"curies":[{"name":"wp","href":"https:\/\/api.w.org\/{rel}","templated":true}]}}