{"id":3074,"date":"2021-08-01T16:19:42","date_gmt":"2021-08-01T16:19:42","guid":{"rendered":"http:\/\/c2240179.ferozo.com\/?page_id=3074"},"modified":"2021-10-29T02:39:31","modified_gmt":"2021-10-29T02:39:31","slug":"acuerdo-de-responsabilidad","status":"publish","type":"page","link":"https:\/\/www.equusargentina.com\/es\/acuerdo-de-responsabilidad\/","title":{"rendered":"Acuerdo de responsabilidad"},"content":{"rendered":"<div class=\"wpb-content-wrapper\"><p>[vc_section css=&#8221;.vc_custom_1627824951576{padding-bottom: 100px !important;}&#8221;][vc_row simple_background_color=&#8221;#fbfbfc&#8221; css=&#8221;.vc_custom_1627827184734{margin-top: 0px !important;border-top-width: 0px !important;padding-top: 0px !important;padding-left: 0px !important;}&#8221;][vc_column width=&#8221;2\/3&#8243; css=&#8221;.vc_custom_1635475102481{padding-top: 60px !important;padding-right: 40px !important;}&#8221; el_class=&#8221;.contn&#8221;]<div class=\"eltd-section-title-holder title_h1  text-align-center\" style=\"text-align: center\">\n\t<div class=\"eltd-st-inner\">\n\t\t\t\t\t<h1 class=\"eltd-st-title\" >\n\t\t\t\tAcuerdo de responsabilidad\t\t\t<\/h1>\n\t\t\t\t<div class=\"eltd-separator-holder clearfix  eltd-separator-center \">\t<div class=\"eltd-separator\" ><\/div><\/div>\t\t\t<\/div>\n<\/div>[vc_column_text]<\/p>\n<p style=\"text-align: justify;\">EQUUS ARGENTINA es una agencia de viajes especializada en la coordinaci\u00f3n y asesoramiento sobre viajes ecuestres. Entendemos que nuestro p\u00fablico en su mayor\u00eda comprende que andar a caballo en cualquiera de sus formas es un deporte con ciertos riesgos, sobre todo porque estamos tratando e interactuando con un animal que tiene mente propia. Por m\u00e1s que amablemente nos permitan ir de paseo y divertirnos realizando cualquier actividad h\u00edpica no hay que olvidar que ellos tienen su propio genio, emociones y miedos.<\/p>\n<p style=\"text-align: justify;\">Si bien desde EQUUS ARGENTINA nos preocupamos por solucionar y asesorar a nuestros clientes en todo lo relacionado a los caballos, y si bien nuestros proveedores son profesionales del \u00e1rea y cuentan con todas las medidas de seguridad recomendadas, es nuestro deber informar que se trata de una actividad de riesgo. Tanto jinetes profesionales como amateurs tienen el derecho de ser informados de dicho riesgo y deben asumirlo bajo su propia responsabilidad siendo coprotagonistas de la actividad.<\/p>\n<p>[\/vc_column_text][vc_column_inner css=&#8221;.vc_custom_1627835963049{padding-top: 50px !important;}&#8221;][\/vc_column_inner][\/vc_column][vc_column width=&#8221;3\/12&#8243; css=&#8221;.vc_custom_1627855744014{padding-left: 50px !important;}&#8221; el_class=&#8221;navigation_menu&#8221;][vc_wp_custommenu nav_menu=&#8221;74&#8243; title=&#8221;Institucional&#8221;][vc_separator css=&#8221;.vc_custom_1627856272759{padding-bottom: 15px !important;}&#8221;][vc_wp_custommenu nav_menu=&#8221;75&#8243; title=&#8221;Reservas&#8221;][\/vc_column][\/vc_row][\/vc_section]<\/p>\n<\/div>","protected":false},"excerpt":{"rendered":"<p>[vc_section css=&#8221;.vc_custom_1627824951576{padding-bottom: 100px !important;}&#8221;][vc_row simple_background_color=&#8221;#fbfbfc&#8221; css=&#8221;.vc_custom_1627827184734{margin-top: 0px !important;border-top-width: 0px !important;padding-top: 0px !important;padding-left: 0px !important;}&#8221;][vc_column width=&#8221;2\/3&#8243; css=&#8221;.vc_custom_1635475102481{padding-top: 60px !important;padding-right: 40px !important;}&#8221; el_class=&#8221;.contn&#8221;][vc_column_text] EQUUS ARGENTINA es una agencia de viajes especializada en la coordinaci\u00f3n y asesoramiento sobre viajes ecuestres. Entendemos que nuestro p\u00fablico en su mayor\u00eda comprende que andar a caballo en cualquiera de sus formas es un deporte con ciertos riesgos, [&hellip;]<\/p>\n","protected":false},"author":2,"featured_media":0,"parent":0,"menu_order":0,"comment_status":"closed","ping_status":"closed","template":"","meta":{"footnotes":""},"class_list":["post-3074","page","type-page","status-publish","hentry"],"yoast_head":"<!-- This site is optimized with the Yoast SEO plugin v27.4 - https:\/\/yoast.com\/product\/yoast-seo-wordpress\/ -->\n<title>Acuerdo de responsabilidad - Equus Argentina<\/title>\n<meta name=\"robots\" content=\"index, follow, max-snippet:-1, max-image-preview:large, max-video-preview:-1\" \/>\n<link rel=\"canonical\" href=\"https:\/\/www.equusargentina.com\/es\/acuerdo-de-responsabilidad\/\" \/>\n<meta property=\"og:locale\" content=\"es_ES\" \/>\n<meta property=\"og:type\" content=\"article\" \/>\n<meta property=\"og:title\" content=\"Acuerdo de responsabilidad - Equus Argentina\" \/>\n<meta property=\"og:description\" content=\"[vc_section css=&#8221;.vc_custom_1627824951576{padding-bottom: 100px !important;}&#8221;][vc_row simple_background_color=&#8221;#fbfbfc&#8221; css=&#8221;.vc_custom_1627827184734{margin-top: 0px !important;border-top-width: 0px !important;padding-top: 0px !important;padding-left: 0px !important;}&#8221;][vc_column width=&#8221;2\/3&#8243; css=&#8221;.vc_custom_1635475102481{padding-top: 60px !important;padding-right: 40px !important;}&#8221; el_class=&#8221;.contn&#8221;][vc_column_text] EQUUS ARGENTINA es una agencia de viajes especializada en la coordinaci\u00f3n y asesoramiento sobre viajes ecuestres. Entendemos que nuestro p\u00fablico en su mayor\u00eda comprende que andar a caballo en cualquiera de sus formas es un deporte con ciertos riesgos, [&hellip;]\" \/>\n<meta property=\"og:url\" content=\"https:\/\/www.equusargentina.com\/es\/acuerdo-de-responsabilidad\/\" \/>\n<meta property=\"og:site_name\" content=\"Equus Argentina\" \/>\n<meta property=\"article:modified_time\" content=\"2021-10-29T02:39:31+00:00\" \/>\n<meta name=\"twitter:card\" content=\"summary_large_image\" \/>\n<meta name=\"twitter:label1\" content=\"Tiempo de lectura\" \/>\n\t<meta name=\"twitter:data1\" content=\"1 minuto\" \/>\n<script type=\"application\/ld+json\" class=\"yoast-schema-graph\">{\"@context\":\"https:\\\/\\\/schema.org\",\"@graph\":[{\"@type\":\"WebPage\",\"@id\":\"https:\\\/\\\/www.equusargentina.com\\\/es\\\/acuerdo-de-responsabilidad\\\/\",\"url\":\"https:\\\/\\\/www.equusargentina.com\\\/es\\\/acuerdo-de-responsabilidad\\\/\",\"name\":\"Acuerdo de responsabilidad - Equus Argentina\",\"isPartOf\":{\"@id\":\"https:\\\/\\\/www.equusargentina.com\\\/#website\"},\"datePublished\":\"2021-08-01T16:19:42+00:00\",\"dateModified\":\"2021-10-29T02:39:31+00:00\",\"breadcrumb\":{\"@id\":\"https:\\\/\\\/www.equusargentina.com\\\/es\\\/acuerdo-de-responsabilidad\\\/#breadcrumb\"},\"inLanguage\":\"es-AR\",\"potentialAction\":[{\"@type\":\"ReadAction\",\"target\":[\"https:\\\/\\\/www.equusargentina.com\\\/es\\\/acuerdo-de-responsabilidad\\\/\"]}]},{\"@type\":\"BreadcrumbList\",\"@id\":\"https:\\\/\\\/www.equusargentina.com\\\/es\\\/acuerdo-de-responsabilidad\\\/#breadcrumb\",\"itemListElement\":[{\"@type\":\"ListItem\",\"position\":1,\"name\":\"Portada\",\"item\":\"https:\\\/\\\/www.equusargentina.com\\\/es\\\/\"},{\"@type\":\"ListItem\",\"position\":2,\"name\":\"Acuerdo de responsabilidad\"}]},{\"@type\":\"WebSite\",\"@id\":\"https:\\\/\\\/www.equusargentina.com\\\/#website\",\"url\":\"https:\\\/\\\/www.equusargentina.com\\\/\",\"name\":\"Equus Argentina\",\"description\":\"Unique &amp; Outstanding Horse Riding Experiences: where horse and rider became one\",\"potentialAction\":[{\"@type\":\"SearchAction\",\"target\":{\"@type\":\"EntryPoint\",\"urlTemplate\":\"https:\\\/\\\/www.equusargentina.com\\\/?s={search_term_string}\"},\"query-input\":{\"@type\":\"PropertyValueSpecification\",\"valueRequired\":true,\"valueName\":\"search_term_string\"}}],\"inLanguage\":\"es-AR\"}]}<\/script>\n<!-- \/ Yoast SEO plugin. -->","yoast_head_json":{"title":"Acuerdo de responsabilidad - Equus Argentina","robots":{"index":"index","follow":"follow","max-snippet":"max-snippet:-1","max-image-preview":"max-image-preview:large","max-video-preview":"max-video-preview:-1"},"canonical":"https:\/\/www.equusargentina.com\/es\/acuerdo-de-responsabilidad\/","og_locale":"es_ES","og_type":"article","og_title":"Acuerdo de responsabilidad - Equus Argentina","og_description":"[vc_section css=&#8221;.vc_custom_1627824951576{padding-bottom: 100px !important;}&#8221;][vc_row simple_background_color=&#8221;#fbfbfc&#8221; css=&#8221;.vc_custom_1627827184734{margin-top: 0px !important;border-top-width: 0px !important;padding-top: 0px !important;padding-left: 0px !important;}&#8221;][vc_column width=&#8221;2\/3&#8243; css=&#8221;.vc_custom_1635475102481{padding-top: 60px !important;padding-right: 40px !important;}&#8221; el_class=&#8221;.contn&#8221;][vc_column_text] EQUUS ARGENTINA es una agencia de viajes especializada en la coordinaci\u00f3n y asesoramiento sobre viajes ecuestres. Entendemos que nuestro p\u00fablico en su mayor\u00eda comprende que andar a caballo en cualquiera de sus formas es un deporte con ciertos riesgos, [&hellip;]","og_url":"https:\/\/www.equusargentina.com\/es\/acuerdo-de-responsabilidad\/","og_site_name":"Equus Argentina","article_modified_time":"2021-10-29T02:39:31+00:00","twitter_card":"summary_large_image","twitter_misc":{"Tiempo de lectura":"1 minuto"},"schema":{"@context":"https:\/\/schema.org","@graph":[{"@type":"WebPage","@id":"https:\/\/www.equusargentina.com\/es\/acuerdo-de-responsabilidad\/","url":"https:\/\/www.equusargentina.com\/es\/acuerdo-de-responsabilidad\/","name":"Acuerdo de responsabilidad - Equus Argentina","isPartOf":{"@id":"https:\/\/www.equusargentina.com\/#website"},"datePublished":"2021-08-01T16:19:42+00:00","dateModified":"2021-10-29T02:39:31+00:00","breadcrumb":{"@id":"https:\/\/www.equusargentina.com\/es\/acuerdo-de-responsabilidad\/#breadcrumb"},"inLanguage":"es-AR","potentialAction":[{"@type":"ReadAction","target":["https:\/\/www.equusargentina.com\/es\/acuerdo-de-responsabilidad\/"]}]},{"@type":"BreadcrumbList","@id":"https:\/\/www.equusargentina.com\/es\/acuerdo-de-responsabilidad\/#breadcrumb","itemListElement":[{"@type":"ListItem","position":1,"name":"Portada","item":"https:\/\/www.equusargentina.com\/es\/"},{"@type":"ListItem","position":2,"name":"Acuerdo de responsabilidad"}]},{"@type":"WebSite","@id":"https:\/\/www.equusargentina.com\/#website","url":"https:\/\/www.equusargentina.com\/","name":"Equus Argentina","description":"Unique &amp; Outstanding Horse Riding Experiences: where horse and rider became one","potentialAction":[{"@type":"SearchAction","target":{"@type":"EntryPoint","urlTemplate":"https:\/\/www.equusargentina.com\/?s={search_term_string}"},"query-input":{"@type":"PropertyValueSpecification","valueRequired":true,"valueName":"search_term_string"}}],"inLanguage":"es-AR"}]}},"_links":{"self":[{"href":"https:\/\/www.equusargentina.com\/es\/wp-json\/wp\/v2\/pages\/3074","targetHints":{"allow":["GET"]}}],"collection":[{"href":"https:\/\/www.equusargentina.com\/es\/wp-json\/wp\/v2\/pages"}],"about":[{"href":"https:\/\/www.equusargentina.com\/es\/wp-json\/wp\/v2\/types\/page"}],"author":[{"embeddable":true,"href":"https:\/\/www.equusargentina.com\/es\/wp-json\/wp\/v2\/users\/2"}],"replies":[{"embeddable":true,"href":"https:\/\/www.equusargentina.com\/es\/wp-json\/wp\/v2\/comments?post=3074"}],"version-history":[{"count":11,"href":"https:\/\/www.equusargentina.com\/es\/wp-json\/wp\/v2\/pages\/3074\/revisions"}],"predecessor-version":[{"id":3331,"href":"https:\/\/www.equusargentina.com\/es\/wp-json\/wp\/v2\/pages\/3074\/revisions\/3331"}],"wp:attachment":[{"href":"https:\/\/www.equusargentina.com\/es\/wp-json\/wp\/v2\/media?parent=3074"}],"curies":[{"name":"wp","href":"https:\/\/api.w.org\/{rel}","templated":true}]}}