{"id":3073,"date":"2021-08-01T16:19:46","date_gmt":"2021-08-01T16:19:46","guid":{"rendered":"http:\/\/c2240179.ferozo.com\/?page_id=3073"},"modified":"2021-10-14T11:44:04","modified_gmt":"2021-10-14T11:44:04","slug":"como-hacer-una-reserva","status":"publish","type":"page","link":"https:\/\/www.equusargentina.com\/es\/como-hacer-una-reserva\/","title":{"rendered":"C\u00f3mo hacer una reserva"},"content":{"rendered":"<div class=\"wpb-content-wrapper\"><p>[vc_section][vc_row simple_background_color=&#8221;#fbfbfc&#8221; el_class=&#8221;guia&#8221;][vc_column width=&#8221;9\/12&#8243; css=&#8221;.vc_custom_1627852885123{padding-top: 60px !important;padding-right: 80px !important;padding-left: 30px !important;}&#8221; el_class=&#8221;contn&#8221;]<div class=\"eltd-section-title-holder title_h1  text-align-center\" style=\"text-align: center\">\n\t<div class=\"eltd-st-inner\">\n\t\t\t\t\t<h1 class=\"eltd-st-title\" >\n\t\t\t\tC\u00f3mo hacer una reserva\t\t\t<\/h1>\n\t\t\t\t<div class=\"eltd-separator-holder clearfix  eltd-separator-center \">\t<div class=\"eltd-separator\" ><\/div><\/div>\t\t\t<\/div>\n<\/div>[vc_column_text]<\/p>\n<p style=\"text-align: justify;\">Complete el formulario de contacto consultando por cualquiera de nuestras propuestas. EQUUS ARGENTINA se dedica a armar viajes a medida por lo que si desean hacer alguna modificaci\u00f3n en nuestros programas nos adaptamos a sus preferencias. Todos nuestros paquetes se pueden combinar de la forma que nuestros clientes propongan.<\/p>\n<p style=\"text-align: justify;\">Una vez elegido el programa se solicita descargar y completar el formulario de reserva a fin de tener detalles como nivel de equitaci\u00f3n, preferencias en las comidas, peso, estatura, etc.<\/p>\n<p style=\"text-align: justify;\">Las reservas se confirman con una se\u00f1a del 50% abonada por anticipado. Vea nuestras pol\u00edticas de cancelaci\u00f3n en el formulario de reserva.<\/p>\n<p>[\/vc_column_text][vc_column_inner css=&#8221;.vc_custom_1627835963049{padding-top: 50px !important;}&#8221;][\/vc_column_inner][\/vc_column][vc_column width=&#8221;3\/12&#8243; css=&#8221;.vc_custom_1627855744014{padding-left: 50px !important;}&#8221; el_class=&#8221;navigation_menu&#8221;][vc_wp_custommenu nav_menu=&#8221;74&#8243; title=&#8221;Equus Argentina&#8221;][vc_separator css=&#8221;.vc_custom_1627856272759{padding-bottom: 15px !important;}&#8221;][vc_wp_custommenu nav_menu=&#8221;75&#8243; title=&#8221;C\u00f3mo reservar&#8221;][\/vc_column][\/vc_row][\/vc_section]<\/p>\n<\/div>","protected":false},"excerpt":{"rendered":"<p>[vc_section][vc_row simple_background_color=&#8221;#fbfbfc&#8221; el_class=&#8221;guia&#8221;][vc_column width=&#8221;9\/12&#8243; css=&#8221;.vc_custom_1627852885123{padding-top: 60px !important;padding-right: 80px !important;padding-left: 30px !important;}&#8221; el_class=&#8221;contn&#8221;][vc_column_text] Complete el formulario de contacto consultando por cualquiera de nuestras propuestas. EQUUS ARGENTINA se dedica a armar viajes a medida por lo que si desean hacer alguna modificaci\u00f3n en nuestros programas nos adaptamos a sus preferencias. Todos nuestros paquetes se pueden combinar de la forma que nuestros clientes [&hellip;]<\/p>\n","protected":false},"author":2,"featured_media":0,"parent":0,"menu_order":0,"comment_status":"closed","ping_status":"closed","template":"","meta":{"footnotes":""},"class_list":["post-3073","page","type-page","status-publish","hentry"],"yoast_head":"<!-- This site is optimized with the Yoast SEO plugin v27.4 - https:\/\/yoast.com\/product\/yoast-seo-wordpress\/ -->\n<title>C\u00f3mo hacer una reserva - Equus Argentina<\/title>\n<meta name=\"robots\" content=\"index, follow, max-snippet:-1, max-image-preview:large, max-video-preview:-1\" \/>\n<link rel=\"canonical\" href=\"https:\/\/www.equusargentina.com\/es\/como-hacer-una-reserva\/\" \/>\n<meta property=\"og:locale\" content=\"es_ES\" \/>\n<meta property=\"og:type\" content=\"article\" \/>\n<meta property=\"og:title\" content=\"C\u00f3mo hacer una reserva - Equus Argentina\" \/>\n<meta property=\"og:description\" content=\"[vc_section][vc_row simple_background_color=&#8221;#fbfbfc&#8221; el_class=&#8221;guia&#8221;][vc_column width=&#8221;9\/12&#8243; css=&#8221;.vc_custom_1627852885123{padding-top: 60px !important;padding-right: 80px !important;padding-left: 30px !important;}&#8221; el_class=&#8221;contn&#8221;][vc_column_text] Complete el formulario de contacto consultando por cualquiera de nuestras propuestas. EQUUS ARGENTINA se dedica a armar viajes a medida por lo que si desean hacer alguna modificaci\u00f3n en nuestros programas nos adaptamos a sus preferencias. Todos nuestros paquetes se pueden combinar de la forma que nuestros clientes [&hellip;]\" \/>\n<meta property=\"og:url\" content=\"https:\/\/www.equusargentina.com\/es\/como-hacer-una-reserva\/\" \/>\n<meta property=\"og:site_name\" content=\"Equus Argentina\" \/>\n<meta property=\"article:modified_time\" content=\"2021-10-14T11:44:04+00:00\" \/>\n<meta name=\"twitter:card\" content=\"summary_large_image\" \/>\n<meta name=\"twitter:label1\" content=\"Tiempo de lectura\" \/>\n\t<meta name=\"twitter:data1\" content=\"1 minuto\" \/>\n<script type=\"application\/ld+json\" class=\"yoast-schema-graph\">{\"@context\":\"https:\\\/\\\/schema.org\",\"@graph\":[{\"@type\":\"WebPage\",\"@id\":\"https:\\\/\\\/www.equusargentina.com\\\/es\\\/como-hacer-una-reserva\\\/\",\"url\":\"https:\\\/\\\/www.equusargentina.com\\\/es\\\/como-hacer-una-reserva\\\/\",\"name\":\"C\u00f3mo hacer una reserva - Equus Argentina\",\"isPartOf\":{\"@id\":\"https:\\\/\\\/www.equusargentina.com\\\/#website\"},\"datePublished\":\"2021-08-01T16:19:46+00:00\",\"dateModified\":\"2021-10-14T11:44:04+00:00\",\"breadcrumb\":{\"@id\":\"https:\\\/\\\/www.equusargentina.com\\\/es\\\/como-hacer-una-reserva\\\/#breadcrumb\"},\"inLanguage\":\"es-AR\",\"potentialAction\":[{\"@type\":\"ReadAction\",\"target\":[\"https:\\\/\\\/www.equusargentina.com\\\/es\\\/como-hacer-una-reserva\\\/\"]}]},{\"@type\":\"BreadcrumbList\",\"@id\":\"https:\\\/\\\/www.equusargentina.com\\\/es\\\/como-hacer-una-reserva\\\/#breadcrumb\",\"itemListElement\":[{\"@type\":\"ListItem\",\"position\":1,\"name\":\"Portada\",\"item\":\"https:\\\/\\\/www.equusargentina.com\\\/es\\\/\"},{\"@type\":\"ListItem\",\"position\":2,\"name\":\"C\u00f3mo hacer una reserva\"}]},{\"@type\":\"WebSite\",\"@id\":\"https:\\\/\\\/www.equusargentina.com\\\/#website\",\"url\":\"https:\\\/\\\/www.equusargentina.com\\\/\",\"name\":\"Equus Argentina\",\"description\":\"Unique &amp; Outstanding Horse Riding Experiences: where horse and rider became one\",\"potentialAction\":[{\"@type\":\"SearchAction\",\"target\":{\"@type\":\"EntryPoint\",\"urlTemplate\":\"https:\\\/\\\/www.equusargentina.com\\\/?s={search_term_string}\"},\"query-input\":{\"@type\":\"PropertyValueSpecification\",\"valueRequired\":true,\"valueName\":\"search_term_string\"}}],\"inLanguage\":\"es-AR\"}]}<\/script>\n<!-- \/ Yoast SEO plugin. -->","yoast_head_json":{"title":"C\u00f3mo hacer una reserva - Equus Argentina","robots":{"index":"index","follow":"follow","max-snippet":"max-snippet:-1","max-image-preview":"max-image-preview:large","max-video-preview":"max-video-preview:-1"},"canonical":"https:\/\/www.equusargentina.com\/es\/como-hacer-una-reserva\/","og_locale":"es_ES","og_type":"article","og_title":"C\u00f3mo hacer una reserva - Equus Argentina","og_description":"[vc_section][vc_row simple_background_color=&#8221;#fbfbfc&#8221; el_class=&#8221;guia&#8221;][vc_column width=&#8221;9\/12&#8243; css=&#8221;.vc_custom_1627852885123{padding-top: 60px !important;padding-right: 80px !important;padding-left: 30px !important;}&#8221; el_class=&#8221;contn&#8221;][vc_column_text] Complete el formulario de contacto consultando por cualquiera de nuestras propuestas. EQUUS ARGENTINA se dedica a armar viajes a medida por lo que si desean hacer alguna modificaci\u00f3n en nuestros programas nos adaptamos a sus preferencias. Todos nuestros paquetes se pueden combinar de la forma que nuestros clientes [&hellip;]","og_url":"https:\/\/www.equusargentina.com\/es\/como-hacer-una-reserva\/","og_site_name":"Equus Argentina","article_modified_time":"2021-10-14T11:44:04+00:00","twitter_card":"summary_large_image","twitter_misc":{"Tiempo de lectura":"1 minuto"},"schema":{"@context":"https:\/\/schema.org","@graph":[{"@type":"WebPage","@id":"https:\/\/www.equusargentina.com\/es\/como-hacer-una-reserva\/","url":"https:\/\/www.equusargentina.com\/es\/como-hacer-una-reserva\/","name":"C\u00f3mo hacer una reserva - Equus Argentina","isPartOf":{"@id":"https:\/\/www.equusargentina.com\/#website"},"datePublished":"2021-08-01T16:19:46+00:00","dateModified":"2021-10-14T11:44:04+00:00","breadcrumb":{"@id":"https:\/\/www.equusargentina.com\/es\/como-hacer-una-reserva\/#breadcrumb"},"inLanguage":"es-AR","potentialAction":[{"@type":"ReadAction","target":["https:\/\/www.equusargentina.com\/es\/como-hacer-una-reserva\/"]}]},{"@type":"BreadcrumbList","@id":"https:\/\/www.equusargentina.com\/es\/como-hacer-una-reserva\/#breadcrumb","itemListElement":[{"@type":"ListItem","position":1,"name":"Portada","item":"https:\/\/www.equusargentina.com\/es\/"},{"@type":"ListItem","position":2,"name":"C\u00f3mo hacer una reserva"}]},{"@type":"WebSite","@id":"https:\/\/www.equusargentina.com\/#website","url":"https:\/\/www.equusargentina.com\/","name":"Equus Argentina","description":"Unique &amp; Outstanding Horse Riding Experiences: where horse and rider became one","potentialAction":[{"@type":"SearchAction","target":{"@type":"EntryPoint","urlTemplate":"https:\/\/www.equusargentina.com\/?s={search_term_string}"},"query-input":{"@type":"PropertyValueSpecification","valueRequired":true,"valueName":"search_term_string"}}],"inLanguage":"es-AR"}]}},"_links":{"self":[{"href":"https:\/\/www.equusargentina.com\/es\/wp-json\/wp\/v2\/pages\/3073","targetHints":{"allow":["GET"]}}],"collection":[{"href":"https:\/\/www.equusargentina.com\/es\/wp-json\/wp\/v2\/pages"}],"about":[{"href":"https:\/\/www.equusargentina.com\/es\/wp-json\/wp\/v2\/types\/page"}],"author":[{"embeddable":true,"href":"https:\/\/www.equusargentina.com\/es\/wp-json\/wp\/v2\/users\/2"}],"replies":[{"embeddable":true,"href":"https:\/\/www.equusargentina.com\/es\/wp-json\/wp\/v2\/comments?post=3073"}],"version-history":[{"count":8,"href":"https:\/\/www.equusargentina.com\/es\/wp-json\/wp\/v2\/pages\/3073\/revisions"}],"predecessor-version":[{"id":4136,"href":"https:\/\/www.equusargentina.com\/es\/wp-json\/wp\/v2\/pages\/3073\/revisions\/4136"}],"wp:attachment":[{"href":"https:\/\/www.equusargentina.com\/es\/wp-json\/wp\/v2\/media?parent=3073"}],"curies":[{"name":"wp","href":"https:\/\/api.w.org\/{rel}","templated":true}]}}