{"id":2891,"date":"2021-06-09T22:04:08","date_gmt":"2021-06-09T22:04:08","guid":{"rendered":"http:\/\/c2240179.ferozo.com\/?page_id=2891"},"modified":"2021-10-15T16:03:58","modified_gmt":"2021-10-15T16:03:58","slug":"por-que-viajar-con-equus-argentina","status":"publish","type":"page","link":"https:\/\/www.equusargentina.com\/es\/por-que-viajar-con-equus-argentina\/","title":{"rendered":"Por qu\u00e9 viajar con Equus Argentina"},"content":{"rendered":"<div class=\"wpb-content-wrapper\"><p>[vc_section][vc_row simple_background_color=&#8221;#fbfbfc&#8221; el_class=&#8221;guia&#8221;][vc_column width=&#8221;9\/12&#8243; css=&#8221;.vc_custom_1627852885123{padding-top: 60px !important;padding-right: 80px !important;padding-left: 30px !important;}&#8221; el_class=&#8221;contn&#8221;]<div class=\"eltd-section-title-holder title_h1  text-align-center\" style=\"text-align: center\">\n\t<div class=\"eltd-st-inner\">\n\t\t\t\t\t<h1 class=\"eltd-st-title\" >\n\t\t\t\tPor qu\u00e9 viajar con Equus Argentina\t\t\t<\/h1>\n\t\t\t\t<div class=\"eltd-separator-holder clearfix  eltd-separator-center \">\t<div class=\"eltd-separator\" ><\/div><\/div>\t\t\t<\/div>\n<\/div>[vc_column_text]<\/p>\n<p style=\"text-align: justify;\">EQUUS ARGENTINA conoce a sus clientes, sabe lo que buscan y la poca informaci\u00f3n con la que cuenta el turismo sobre el tema ecuestre. Es por eso que EQUUS ARGENTINA, ante la misma necesidad, not\u00f3 que hac\u00eda falta un nexo entre TURISMO Y CABALLOS, y es con esa filosof\u00eda que nace nuestra agencia. Nosotras, como ustedes, viajamos a distintos lugares del mundo y siempre en nuestras vacaciones buscamos lugares donde cabalgar.<\/p>\n<p style=\"text-align: justify;\">EQUUS ARGENTINA no s\u00f3lo los asesora de principio a fin de su viaje sino que, adem\u00e1s, los asesora en la prueba de caballos para alquiler y compra, en la exportaci\u00f3n de los mismos, en lugares donde comprar equipamiento, entre otras.<\/p>\n<p>[\/vc_column_text][vc_column_inner css=&#8221;.vc_custom_1627835963049{padding-top: 50px !important;}&#8221;][vc_empty_space height=&#8221;100px&#8221;][\/vc_column_inner][\/vc_column][vc_column width=&#8221;3\/12&#8243; css=&#8221;.vc_custom_1627855744014{padding-left: 50px !important;}&#8221; el_class=&#8221;navigation_menu&#8221;][vc_wp_custommenu nav_menu=&#8221;74&#8243; title=&#8221;Equus Argentina&#8221;][vc_separator css=&#8221;.vc_custom_1627856272759{padding-bottom: 15px !important;}&#8221;][vc_wp_custommenu nav_menu=&#8221;75&#8243; title=&#8221;C\u00f3mo reservar&#8221;][\/vc_column][\/vc_row][\/vc_section]<\/p>\n<\/div>","protected":false},"excerpt":{"rendered":"<p>[vc_section][vc_row simple_background_color=&#8221;#fbfbfc&#8221; el_class=&#8221;guia&#8221;][vc_column width=&#8221;9\/12&#8243; css=&#8221;.vc_custom_1627852885123{padding-top: 60px !important;padding-right: 80px !important;padding-left: 30px !important;}&#8221; el_class=&#8221;contn&#8221;][vc_column_text] EQUUS ARGENTINA conoce a sus clientes, sabe lo que buscan y la poca informaci\u00f3n con la que cuenta el turismo sobre el tema ecuestre. Es por eso que EQUUS ARGENTINA, ante la misma necesidad, not\u00f3 que hac\u00eda falta un nexo entre TURISMO Y CABALLOS, y es con esa [&hellip;]<\/p>\n","protected":false},"author":2,"featured_media":0,"parent":0,"menu_order":0,"comment_status":"closed","ping_status":"closed","template":"","meta":{"footnotes":""},"class_list":["post-2891","page","type-page","status-publish","hentry"],"yoast_head":"<!-- This site is optimized with the Yoast SEO plugin v27.4 - https:\/\/yoast.com\/product\/yoast-seo-wordpress\/ -->\n<title>Por qu\u00e9 viajar con Equus Argentina - Equus Argentina<\/title>\n<meta name=\"robots\" content=\"index, follow, max-snippet:-1, max-image-preview:large, max-video-preview:-1\" \/>\n<link rel=\"canonical\" href=\"https:\/\/www.equusargentina.com\/es\/por-que-viajar-con-equus-argentina\/\" \/>\n<meta property=\"og:locale\" content=\"es_ES\" \/>\n<meta property=\"og:type\" content=\"article\" \/>\n<meta property=\"og:title\" content=\"Por qu\u00e9 viajar con Equus Argentina - Equus Argentina\" \/>\n<meta property=\"og:description\" content=\"[vc_section][vc_row simple_background_color=&#8221;#fbfbfc&#8221; el_class=&#8221;guia&#8221;][vc_column width=&#8221;9\/12&#8243; css=&#8221;.vc_custom_1627852885123{padding-top: 60px !important;padding-right: 80px !important;padding-left: 30px !important;}&#8221; el_class=&#8221;contn&#8221;][vc_column_text] EQUUS ARGENTINA conoce a sus clientes, sabe lo que buscan y la poca informaci\u00f3n con la que cuenta el turismo sobre el tema ecuestre. Es por eso que EQUUS ARGENTINA, ante la misma necesidad, not\u00f3 que hac\u00eda falta un nexo entre TURISMO Y CABALLOS, y es con esa [&hellip;]\" \/>\n<meta property=\"og:url\" content=\"https:\/\/www.equusargentina.com\/es\/por-que-viajar-con-equus-argentina\/\" \/>\n<meta property=\"og:site_name\" content=\"Equus Argentina\" \/>\n<meta property=\"article:modified_time\" content=\"2021-10-15T16:03:58+00:00\" \/>\n<meta name=\"twitter:card\" content=\"summary_large_image\" \/>\n<meta name=\"twitter:label1\" content=\"Tiempo de lectura\" \/>\n\t<meta name=\"twitter:data1\" content=\"1 minuto\" \/>\n<script type=\"application\/ld+json\" class=\"yoast-schema-graph\">{\"@context\":\"https:\\\/\\\/schema.org\",\"@graph\":[{\"@type\":\"WebPage\",\"@id\":\"https:\\\/\\\/www.equusargentina.com\\\/es\\\/por-que-viajar-con-equus-argentina\\\/\",\"url\":\"https:\\\/\\\/www.equusargentina.com\\\/es\\\/por-que-viajar-con-equus-argentina\\\/\",\"name\":\"Por qu\u00e9 viajar con Equus Argentina - Equus Argentina\",\"isPartOf\":{\"@id\":\"https:\\\/\\\/www.equusargentina.com\\\/#website\"},\"datePublished\":\"2021-06-09T22:04:08+00:00\",\"dateModified\":\"2021-10-15T16:03:58+00:00\",\"breadcrumb\":{\"@id\":\"https:\\\/\\\/www.equusargentina.com\\\/es\\\/por-que-viajar-con-equus-argentina\\\/#breadcrumb\"},\"inLanguage\":\"es-AR\",\"potentialAction\":[{\"@type\":\"ReadAction\",\"target\":[\"https:\\\/\\\/www.equusargentina.com\\\/es\\\/por-que-viajar-con-equus-argentina\\\/\"]}]},{\"@type\":\"BreadcrumbList\",\"@id\":\"https:\\\/\\\/www.equusargentina.com\\\/es\\\/por-que-viajar-con-equus-argentina\\\/#breadcrumb\",\"itemListElement\":[{\"@type\":\"ListItem\",\"position\":1,\"name\":\"Portada\",\"item\":\"https:\\\/\\\/www.equusargentina.com\\\/es\\\/\"},{\"@type\":\"ListItem\",\"position\":2,\"name\":\"Por qu\u00e9 viajar con Equus Argentina\"}]},{\"@type\":\"WebSite\",\"@id\":\"https:\\\/\\\/www.equusargentina.com\\\/#website\",\"url\":\"https:\\\/\\\/www.equusargentina.com\\\/\",\"name\":\"Equus Argentina\",\"description\":\"Unique &amp; Outstanding Horse Riding Experiences: where horse and rider became one\",\"potentialAction\":[{\"@type\":\"SearchAction\",\"target\":{\"@type\":\"EntryPoint\",\"urlTemplate\":\"https:\\\/\\\/www.equusargentina.com\\\/?s={search_term_string}\"},\"query-input\":{\"@type\":\"PropertyValueSpecification\",\"valueRequired\":true,\"valueName\":\"search_term_string\"}}],\"inLanguage\":\"es-AR\"}]}<\/script>\n<!-- \/ Yoast SEO plugin. -->","yoast_head_json":{"title":"Por qu\u00e9 viajar con Equus Argentina - Equus Argentina","robots":{"index":"index","follow":"follow","max-snippet":"max-snippet:-1","max-image-preview":"max-image-preview:large","max-video-preview":"max-video-preview:-1"},"canonical":"https:\/\/www.equusargentina.com\/es\/por-que-viajar-con-equus-argentina\/","og_locale":"es_ES","og_type":"article","og_title":"Por qu\u00e9 viajar con Equus Argentina - Equus Argentina","og_description":"[vc_section][vc_row simple_background_color=&#8221;#fbfbfc&#8221; el_class=&#8221;guia&#8221;][vc_column width=&#8221;9\/12&#8243; css=&#8221;.vc_custom_1627852885123{padding-top: 60px !important;padding-right: 80px !important;padding-left: 30px !important;}&#8221; el_class=&#8221;contn&#8221;][vc_column_text] EQUUS ARGENTINA conoce a sus clientes, sabe lo que buscan y la poca informaci\u00f3n con la que cuenta el turismo sobre el tema ecuestre. Es por eso que EQUUS ARGENTINA, ante la misma necesidad, not\u00f3 que hac\u00eda falta un nexo entre TURISMO Y CABALLOS, y es con esa [&hellip;]","og_url":"https:\/\/www.equusargentina.com\/es\/por-que-viajar-con-equus-argentina\/","og_site_name":"Equus Argentina","article_modified_time":"2021-10-15T16:03:58+00:00","twitter_card":"summary_large_image","twitter_misc":{"Tiempo de lectura":"1 minuto"},"schema":{"@context":"https:\/\/schema.org","@graph":[{"@type":"WebPage","@id":"https:\/\/www.equusargentina.com\/es\/por-que-viajar-con-equus-argentina\/","url":"https:\/\/www.equusargentina.com\/es\/por-que-viajar-con-equus-argentina\/","name":"Por qu\u00e9 viajar con Equus Argentina - Equus Argentina","isPartOf":{"@id":"https:\/\/www.equusargentina.com\/#website"},"datePublished":"2021-06-09T22:04:08+00:00","dateModified":"2021-10-15T16:03:58+00:00","breadcrumb":{"@id":"https:\/\/www.equusargentina.com\/es\/por-que-viajar-con-equus-argentina\/#breadcrumb"},"inLanguage":"es-AR","potentialAction":[{"@type":"ReadAction","target":["https:\/\/www.equusargentina.com\/es\/por-que-viajar-con-equus-argentina\/"]}]},{"@type":"BreadcrumbList","@id":"https:\/\/www.equusargentina.com\/es\/por-que-viajar-con-equus-argentina\/#breadcrumb","itemListElement":[{"@type":"ListItem","position":1,"name":"Portada","item":"https:\/\/www.equusargentina.com\/es\/"},{"@type":"ListItem","position":2,"name":"Por qu\u00e9 viajar con Equus Argentina"}]},{"@type":"WebSite","@id":"https:\/\/www.equusargentina.com\/#website","url":"https:\/\/www.equusargentina.com\/","name":"Equus Argentina","description":"Unique &amp; Outstanding Horse Riding Experiences: where horse and rider became one","potentialAction":[{"@type":"SearchAction","target":{"@type":"EntryPoint","urlTemplate":"https:\/\/www.equusargentina.com\/?s={search_term_string}"},"query-input":{"@type":"PropertyValueSpecification","valueRequired":true,"valueName":"search_term_string"}}],"inLanguage":"es-AR"}]}},"_links":{"self":[{"href":"https:\/\/www.equusargentina.com\/es\/wp-json\/wp\/v2\/pages\/2891","targetHints":{"allow":["GET"]}}],"collection":[{"href":"https:\/\/www.equusargentina.com\/es\/wp-json\/wp\/v2\/pages"}],"about":[{"href":"https:\/\/www.equusargentina.com\/es\/wp-json\/wp\/v2\/types\/page"}],"author":[{"embeddable":true,"href":"https:\/\/www.equusargentina.com\/es\/wp-json\/wp\/v2\/users\/2"}],"replies":[{"embeddable":true,"href":"https:\/\/www.equusargentina.com\/es\/wp-json\/wp\/v2\/comments?post=2891"}],"version-history":[{"count":78,"href":"https:\/\/www.equusargentina.com\/es\/wp-json\/wp\/v2\/pages\/2891\/revisions"}],"predecessor-version":[{"id":4233,"href":"https:\/\/www.equusargentina.com\/es\/wp-json\/wp\/v2\/pages\/2891\/revisions\/4233"}],"wp:attachment":[{"href":"https:\/\/www.equusargentina.com\/es\/wp-json\/wp\/v2\/media?parent=2891"}],"curies":[{"name":"wp","href":"https:\/\/api.w.org\/{rel}","templated":true}]}}