{"id":2890,"date":"2021-06-09T22:03:56","date_gmt":"2021-06-09T22:03:56","guid":{"rendered":"http:\/\/c2240179.ferozo.com\/?page_id=2890"},"modified":"2023-04-28T17:09:08","modified_gmt":"2023-04-28T17:09:08","slug":"conce-a-majo-y-a-cami","status":"publish","type":"page","link":"https:\/\/www.equusargentina.com\/es\/conce-a-majo-y-a-cami\/","title":{"rendered":"Conoc\u00e9 a Majo y a Cami"},"content":{"rendered":"<div class=\"wpb-content-wrapper\"><p>[vc_section][vc_row simple_background_color=&#8221;#fbfbfc&#8221; el_class=&#8221;guia&#8221;][vc_column width=&#8221;9\/12&#8243; css=&#8221;.vc_custom_1627852885123{padding-top: 60px !important;padding-right: 80px !important;padding-left: 30px !important;}&#8221; el_class=&#8221;contn&#8221;]<div class=\"eltd-section-title-holder title_h1  text-align-center\" style=\"text-align: center\">\n\t<div class=\"eltd-st-inner\">\n\t\t\t\t\t<h1 class=\"eltd-st-title\" >\n\t\t\t\tConoc\u00e9 a Majo y a Cami\t\t\t<\/h1>\n\t\t\t\t<div class=\"eltd-separator-holder clearfix  eltd-separator-center \">\t<div class=\"eltd-separator\" ><\/div><\/div>\t\t\t<\/div>\n<\/div>[vc_column_text]<\/p>\n<p style=\"text-align: justify;\">Majo &amp; Cami ambas oriundas de Buenos Aires y comparten la pasi\u00f3n por los caballos y el campo. Se conocieron en el Calafate, hogar del \u201cGlaciar Perito Moreno\u201d, all\u00e1 en el a\u00f1o 2012 cuando ambas trabajaban como gu\u00edas de cabalgata. Estaban a cargo del dise\u00f1o de caminos, de las cabalgatas y selecci\u00f3n de caballos para esta actividad.<\/p>\n<p style=\"text-align: justify;\">Con el tiempo cada una sigui\u00f3 su camino. Mientras que Majo se dedic\u00f3 al polo, endurance y la equitaci\u00f3n; Cami se dedic\u00f3 a la doma. Hoy sus caminos volvieron a cruzarse para formar EQUUS ARGENTINA con el fin de brindar la posibilidad a los amantes de los caballos de todo el mundo de conocer las distintas opciones ecuestres que ofrece la Argentina.<\/p>\n<p>[\/vc_column_text][vc_row_inner css=&#8221;.vc_custom_1627864501717{padding-top: 80px !important;}&#8221;][vc_column_inner width=&#8221;1\/2&#8243;][vc_single_image image=&#8221;3033&#8243; alignment=&#8221;center&#8221; style=&#8221;vc_box_circle&#8221;][vc_column_text]<\/p>\n<h4 style=\"font-size: 25px; text-align: center;\">Majo<\/h4>\n<p style=\"text-align: justify;\">Majo, al igual que Cami, creci\u00f3 al lado de los caballos y hered\u00f3 la pasi\u00f3n de su pap\u00e1. Desde muy temprana edad montaba en el campo con sus primos. Aparte de los caballos siempre le gust\u00f3 viajar y a donde iba buscaba poder montar. Su sue\u00f1o era cabalgar en el lejano oeste, en Estados Unidos. En 2011 lo pudo cumplir y viaj\u00f3 por todo el \u201cviejo oeste\u201d asistiendo a rodeos, haciendo cabalgatas y arreo de vacas en Montana, viendo los mustangs en Wyoming, e incluso fue aqu\u00ed donde corri\u00f3 por primera vez una carrera de endurance. Se gradu\u00f3 como Licenciada en Turismo y logr\u00f3 combinar caballos y viajes. En 2012 conoci\u00f3 a Cami, trabajando como gu\u00edas de cabalgata en la Patagonia y desde entonces son amigas. Como amazona particip\u00f3 entrenando y corriendo endurance por varios lugares de la Argentina y luego se dedic\u00f3 a los caballos de salto y a competir en esta disciplina. Profesionalmente trabaj\u00f3 durante 8 a\u00f1os en un club de polo trayendo gente de todo el mundo a jugar a la Argentina. Gracias a los caballos viaj\u00f3 por Inglaterra, Suiza, Italia, Monaco y Miami. Ahora se dedica a lo que m\u00e1s le gusta: ofrecer todo su conocimiento de la Argentina y de los lugares y personas que conoci\u00f3 gracias a los caballos a todos los viajeros que est\u00e9n buscando una experiencia real a caballo.<\/p>\n<p>[\/vc_column_text][\/vc_column_inner][vc_column_inner width=&#8221;1\/2&#8243;][vc_single_image image=&#8221;3041&#8243; alignment=&#8221;center&#8221; style=&#8221;vc_box_circle&#8221;][vc_column_text]<\/p>\n<h4 style=\"font-size: 25px; text-align: center;\">Cami<\/h4>\n<p style=\"text-align: justify;\">Aunque naci\u00f3 en Buenos Aires, en plena ciudad, su pasi\u00f3n por los caballos no tard\u00f3 en aparecer. Gracias a veranos eternos en el campo de la familia, a muy temprana edad tuvo su primer contacto con este admirable animal y desde entonces naci\u00f3 su amor por ellos.<\/p>\n<p style=\"text-align: justify;\">A medida que fue creciendo fue introduci\u00e9ndose de cualquier manera que le fue posible en el mundo equino. La vida la sorprendi\u00f3 al cruzar en su camino a gente igual de apasionada que ella. Una fue Majo a quien conoci\u00f3 en El Calafate siendo gu\u00eda de cabalgatas. En ese lugar tan especial naci\u00f3 su amistad.<\/p>\n<p style=\"text-align: justify;\">Desde ese entonces, hizo lo posible por continuar conociendo gente que le pudiera ense\u00f1ar todo lo posible sobre caballos. Hizo grandes amigos y descubri\u00f3 que el universo equino y sus conocimientos eran infinitos. Aprendi\u00f3 mucho y tuvo la suerte de conocer a un compa\u00f1ero muy especial con quien pudo cumplir uno de sus grandes sue\u00f1os: aprender a domar. En la actualidad, contin\u00faa estudiando las diversas maneras de hacerlo, tomando t\u00e9cnicas de diferentes maestros, conocidos y no, con el fin \u00faltimo de lograr el perfecto binomio con este noble animal.<\/p>\n<p>[\/vc_column_text][vc_column_inner css=&#8221;.vc_custom_1627835963049{padding-top: 50px !important;}&#8221;][\/vc_column_inner][\/vc_row_inner][vc_column_inner][vc_empty_space height=&#8221;100px&#8221;][\/vc_column_inner][\/vc_column][vc_column width=&#8221;3\/12&#8243; css=&#8221;.vc_custom_1627855744014{padding-left: 50px !important;}&#8221; el_class=&#8221;navigation_menu&#8221;][vc_wp_custommenu nav_menu=&#8221;74&#8243; title=&#8221;Equus Argentina&#8221;][vc_separator css=&#8221;.vc_custom_1627856272759{padding-bottom: 15px !important;}&#8221;][vc_wp_custommenu nav_menu=&#8221;75&#8243; title=&#8221;C\u00f3mo reservar&#8221;][\/vc_column][\/vc_row][\/vc_section]<\/p>\n<\/div>","protected":false},"excerpt":{"rendered":"<p>[vc_section][vc_row simple_background_color=&#8221;#fbfbfc&#8221; el_class=&#8221;guia&#8221;][vc_column width=&#8221;9\/12&#8243; css=&#8221;.vc_custom_1627852885123{padding-top: 60px !important;padding-right: 80px !important;padding-left: 30px !important;}&#8221; el_class=&#8221;contn&#8221;][vc_column_text] Majo &amp; Cami ambas oriundas de Buenos Aires y comparten la pasi\u00f3n por los caballos y el campo. Se conocieron en el Calafate, hogar del \u201cGlaciar Perito Moreno\u201d, all\u00e1 en el a\u00f1o 2012 cuando ambas trabajaban como gu\u00edas de cabalgata. Estaban a cargo del dise\u00f1o de caminos, de [&hellip;]<\/p>\n","protected":false},"author":2,"featured_media":0,"parent":0,"menu_order":0,"comment_status":"closed","ping_status":"closed","template":"","meta":{"footnotes":""},"class_list":["post-2890","page","type-page","status-publish","hentry"],"yoast_head":"<!-- This site is optimized with the Yoast SEO plugin v27.4 - https:\/\/yoast.com\/product\/yoast-seo-wordpress\/ -->\n<title>Conoc\u00e9 a Majo y a Cami - Equus Argentina<\/title>\n<meta name=\"robots\" content=\"index, follow, max-snippet:-1, max-image-preview:large, max-video-preview:-1\" \/>\n<link rel=\"canonical\" href=\"https:\/\/www.equusargentina.com\/es\/conce-a-majo-y-a-cami\/\" \/>\n<meta property=\"og:locale\" content=\"es_ES\" \/>\n<meta property=\"og:type\" content=\"article\" \/>\n<meta property=\"og:title\" content=\"Conoc\u00e9 a Majo y a Cami - Equus Argentina\" \/>\n<meta property=\"og:description\" content=\"[vc_section][vc_row simple_background_color=&#8221;#fbfbfc&#8221; el_class=&#8221;guia&#8221;][vc_column width=&#8221;9\/12&#8243; css=&#8221;.vc_custom_1627852885123{padding-top: 60px !important;padding-right: 80px !important;padding-left: 30px !important;}&#8221; el_class=&#8221;contn&#8221;][vc_column_text] Majo &amp; Cami ambas oriundas de Buenos Aires y comparten la pasi\u00f3n por los caballos y el campo. Se conocieron en el Calafate, hogar del \u201cGlaciar Perito Moreno\u201d, all\u00e1 en el a\u00f1o 2012 cuando ambas trabajaban como gu\u00edas de cabalgata. Estaban a cargo del dise\u00f1o de caminos, de [&hellip;]\" \/>\n<meta property=\"og:url\" content=\"https:\/\/www.equusargentina.com\/es\/conce-a-majo-y-a-cami\/\" \/>\n<meta property=\"og:site_name\" content=\"Equus Argentina\" \/>\n<meta property=\"article:modified_time\" content=\"2023-04-28T17:09:08+00:00\" \/>\n<meta name=\"twitter:card\" content=\"summary_large_image\" \/>\n<meta name=\"twitter:label1\" content=\"Tiempo de lectura\" \/>\n\t<meta name=\"twitter:data1\" content=\"3 minutos\" \/>\n<script type=\"application\/ld+json\" class=\"yoast-schema-graph\">{\"@context\":\"https:\\\/\\\/schema.org\",\"@graph\":[{\"@type\":\"WebPage\",\"@id\":\"https:\\\/\\\/www.equusargentina.com\\\/es\\\/conce-a-majo-y-a-cami\\\/\",\"url\":\"https:\\\/\\\/www.equusargentina.com\\\/es\\\/conce-a-majo-y-a-cami\\\/\",\"name\":\"Conoc\u00e9 a Majo y a Cami - Equus Argentina\",\"isPartOf\":{\"@id\":\"https:\\\/\\\/www.equusargentina.com\\\/#website\"},\"datePublished\":\"2021-06-09T22:03:56+00:00\",\"dateModified\":\"2023-04-28T17:09:08+00:00\",\"breadcrumb\":{\"@id\":\"https:\\\/\\\/www.equusargentina.com\\\/es\\\/conce-a-majo-y-a-cami\\\/#breadcrumb\"},\"inLanguage\":\"es-AR\",\"potentialAction\":[{\"@type\":\"ReadAction\",\"target\":[\"https:\\\/\\\/www.equusargentina.com\\\/es\\\/conce-a-majo-y-a-cami\\\/\"]}]},{\"@type\":\"BreadcrumbList\",\"@id\":\"https:\\\/\\\/www.equusargentina.com\\\/es\\\/conce-a-majo-y-a-cami\\\/#breadcrumb\",\"itemListElement\":[{\"@type\":\"ListItem\",\"position\":1,\"name\":\"Portada\",\"item\":\"https:\\\/\\\/www.equusargentina.com\\\/es\\\/\"},{\"@type\":\"ListItem\",\"position\":2,\"name\":\"Conoc\u00e9 a Majo y a Cami\"}]},{\"@type\":\"WebSite\",\"@id\":\"https:\\\/\\\/www.equusargentina.com\\\/#website\",\"url\":\"https:\\\/\\\/www.equusargentina.com\\\/\",\"name\":\"Equus Argentina\",\"description\":\"Unique &amp; Outstanding Horse Riding Experiences: where horse and rider became one\",\"potentialAction\":[{\"@type\":\"SearchAction\",\"target\":{\"@type\":\"EntryPoint\",\"urlTemplate\":\"https:\\\/\\\/www.equusargentina.com\\\/?s={search_term_string}\"},\"query-input\":{\"@type\":\"PropertyValueSpecification\",\"valueRequired\":true,\"valueName\":\"search_term_string\"}}],\"inLanguage\":\"es-AR\"}]}<\/script>\n<!-- \/ Yoast SEO plugin. -->","yoast_head_json":{"title":"Conoc\u00e9 a Majo y a Cami - Equus Argentina","robots":{"index":"index","follow":"follow","max-snippet":"max-snippet:-1","max-image-preview":"max-image-preview:large","max-video-preview":"max-video-preview:-1"},"canonical":"https:\/\/www.equusargentina.com\/es\/conce-a-majo-y-a-cami\/","og_locale":"es_ES","og_type":"article","og_title":"Conoc\u00e9 a Majo y a Cami - Equus Argentina","og_description":"[vc_section][vc_row simple_background_color=&#8221;#fbfbfc&#8221; el_class=&#8221;guia&#8221;][vc_column width=&#8221;9\/12&#8243; css=&#8221;.vc_custom_1627852885123{padding-top: 60px !important;padding-right: 80px !important;padding-left: 30px !important;}&#8221; el_class=&#8221;contn&#8221;][vc_column_text] Majo &amp; Cami ambas oriundas de Buenos Aires y comparten la pasi\u00f3n por los caballos y el campo. Se conocieron en el Calafate, hogar del \u201cGlaciar Perito Moreno\u201d, all\u00e1 en el a\u00f1o 2012 cuando ambas trabajaban como gu\u00edas de cabalgata. Estaban a cargo del dise\u00f1o de caminos, de [&hellip;]","og_url":"https:\/\/www.equusargentina.com\/es\/conce-a-majo-y-a-cami\/","og_site_name":"Equus Argentina","article_modified_time":"2023-04-28T17:09:08+00:00","twitter_card":"summary_large_image","twitter_misc":{"Tiempo de lectura":"3 minutos"},"schema":{"@context":"https:\/\/schema.org","@graph":[{"@type":"WebPage","@id":"https:\/\/www.equusargentina.com\/es\/conce-a-majo-y-a-cami\/","url":"https:\/\/www.equusargentina.com\/es\/conce-a-majo-y-a-cami\/","name":"Conoc\u00e9 a Majo y a Cami - Equus Argentina","isPartOf":{"@id":"https:\/\/www.equusargentina.com\/#website"},"datePublished":"2021-06-09T22:03:56+00:00","dateModified":"2023-04-28T17:09:08+00:00","breadcrumb":{"@id":"https:\/\/www.equusargentina.com\/es\/conce-a-majo-y-a-cami\/#breadcrumb"},"inLanguage":"es-AR","potentialAction":[{"@type":"ReadAction","target":["https:\/\/www.equusargentina.com\/es\/conce-a-majo-y-a-cami\/"]}]},{"@type":"BreadcrumbList","@id":"https:\/\/www.equusargentina.com\/es\/conce-a-majo-y-a-cami\/#breadcrumb","itemListElement":[{"@type":"ListItem","position":1,"name":"Portada","item":"https:\/\/www.equusargentina.com\/es\/"},{"@type":"ListItem","position":2,"name":"Conoc\u00e9 a Majo y a Cami"}]},{"@type":"WebSite","@id":"https:\/\/www.equusargentina.com\/#website","url":"https:\/\/www.equusargentina.com\/","name":"Equus Argentina","description":"Unique &amp; Outstanding Horse Riding Experiences: where horse and rider became one","potentialAction":[{"@type":"SearchAction","target":{"@type":"EntryPoint","urlTemplate":"https:\/\/www.equusargentina.com\/?s={search_term_string}"},"query-input":{"@type":"PropertyValueSpecification","valueRequired":true,"valueName":"search_term_string"}}],"inLanguage":"es-AR"}]}},"_links":{"self":[{"href":"https:\/\/www.equusargentina.com\/es\/wp-json\/wp\/v2\/pages\/2890","targetHints":{"allow":["GET"]}}],"collection":[{"href":"https:\/\/www.equusargentina.com\/es\/wp-json\/wp\/v2\/pages"}],"about":[{"href":"https:\/\/www.equusargentina.com\/es\/wp-json\/wp\/v2\/types\/page"}],"author":[{"embeddable":true,"href":"https:\/\/www.equusargentina.com\/es\/wp-json\/wp\/v2\/users\/2"}],"replies":[{"embeddable":true,"href":"https:\/\/www.equusargentina.com\/es\/wp-json\/wp\/v2\/comments?post=2890"}],"version-history":[{"count":39,"href":"https:\/\/www.equusargentina.com\/es\/wp-json\/wp\/v2\/pages\/2890\/revisions"}],"predecessor-version":[{"id":6485,"href":"https:\/\/www.equusargentina.com\/es\/wp-json\/wp\/v2\/pages\/2890\/revisions\/6485"}],"wp:attachment":[{"href":"https:\/\/www.equusargentina.com\/es\/wp-json\/wp\/v2\/media?parent=2890"}],"curies":[{"name":"wp","href":"https:\/\/api.w.org\/{rel}","templated":true}]}}